{"id":3277,"date":"2020-04-25T12:57:55","date_gmt":"2020-04-25T10:57:55","guid":{"rendered":"https:\/\/www.kabelbomen.com\/?post_type=product&#038;p=3277"},"modified":"2025-07-13T12:27:34","modified_gmt":"2025-07-13T10:27:34","slug":"jeu-de-faisceaux-electriques-citroen-traction-avant-11bl-jusquen-1952","status":"publish","type":"product","link":"https:\/\/www.kabelbomen.com\/fr\/product\/kabelboom-set-citroen-traction-avant-11bl-tot-1952\/","title":{"rendered":"Jeu de faisceaux \u00e9lectriques Citro\u00ebn Traction Avant 11BL jusqu'\u00e0 '52"},"content":{"rendered":"<p>Jeu de c\u00e2bles complet pour le Citro\u00ebn Traction Avant 11BL jusqu'\u00e0 l'ann\u00e9e 1952.<\/p>\n<p>Pr\u00eat \u00e0 l'emploi et pr\u00eat \u00e0 \u00eatre install\u00e9.<\/p>\n<p>Cette version du Traction Avant \u00e9tait \u00e9galement surnomm\u00e9e \"Sportje\". Ce nom lui a \u00e9t\u00e9 donn\u00e9<br \/>\nen raison de sa carrosserie fine et plus courte que celle des autres mod\u00e8les. S'appelait aussi Wheels<br \/>\nmentionn\u00e9 parce que la roue de secours \u00e9tait visiblement mont\u00e9e \u00e0 l'arri\u00e8re du coffre. Tous les<br \/>\nsont taill\u00e9s sur mesure pour cette version.<\/p>\n<p>&nbsp;<\/p>\n<h5>Un jeu de c\u00e2blage complet comprend :<\/h5>\n<ul>\n<li>2 pi\u00e8ces de phares G et D avec fils de terre<\/li>\n<li>Harnais de c\u00e2blage de la dynamo<\/li>\n<li>Harnais de c\u00e2blage du tableau de bord<\/li>\n<li>Harnais de c\u00e2blage du toit<\/li>\n<li>Faisceau de c\u00e2blage arri\u00e8re avec fils de terre<\/li>\n<li>Sch\u00e9ma \u00e9lectrique appropri\u00e9<\/li>\n<li>Manuel d'installation (uniquement disponible en n\u00e9erlandais)<\/li>\n<\/ul>\n<p>&nbsp;<\/p>\n<p>Ce sont tous les faisceaux de c\u00e2bles dont vous aurez besoin pour remettre compl\u00e8tement \u00e0 neuf votre Traction Avant 11BL.<\/p>\n<p>Tout est fini professionnellement avec de l'isolation et des gaines thermor\u00e9tractables dans les couleurs d'origine pour un look classique et une longue dur\u00e9e de vie garantie.<\/p>\n<p>&nbsp;<\/p>\n<h5>Indicateurs de direction<\/h5>\n<p>Un jeu de c\u00e2blage pour la Traction Avant comprend toujours des fils pour les clignotants.<\/p>\n<p>M\u00eame si la voiture n'avait pas de clignotants d'usine comme les types jusqu'en 1952.<\/p>\n<p>Les Traction d'avant 1952 n'ont pas d'indicateurs de direction (RAW) install\u00e9s en usine.<\/p>\n<p>Bien entendu, ces \u00e9l\u00e9ments ont \u00e9t\u00e9 ajout\u00e9s ult\u00e9rieurement, mais ils peuvent se trouver \u00e0 diff\u00e9rents endroits :<\/p>\n<p>&nbsp;<\/p>\n<h6>Le front de RAW<\/h6>\n<ul>\n<li>Sur les garde-boue avant, en place tels qu'ils ont \u00e9t\u00e9 install\u00e9s par l'usine apr\u00e8s 1952<\/li>\n<li>Sur le pare-chocs avant<\/li>\n<\/ul>\n<p>&nbsp;<\/p>\n<h6>Le dos de RAW<\/h6>\n<ul>\n<li>Sur le montant C, \u00e0 l'endroit o\u00f9 il a \u00e9t\u00e9 plac\u00e9 par l'usine apr\u00e8s 1952<\/li>\n<li>Sur les garde-boue arri\u00e8re<\/li>\n<li>Sur le pare-chocs arri\u00e8re<\/li>\n<\/ul>\n<p>&nbsp;<\/p>\n<h6>Indicateur de direction<\/h6>\n<ul>\n<li>Dans le tableau de bord, \u00e0 l'endroit o\u00f9 il a \u00e9t\u00e9 plac\u00e9 par l'usine apr\u00e8s 1952<\/li>\n<li>\u00c0 gauche du tableau de bord<\/li>\n<\/ul>\n<p>&nbsp;<\/p>\n<p>Nous avons d\u00e9j\u00e0 vu toutes ces possibilit\u00e9s au cours des derni\u00e8res ann\u00e9es.<br \/>\nPar cons\u00e9quent, nous ne pouvons pas stocker cet ensemble et nous devons le personnaliser.<\/p>\n<p>Nous vous demandons de nous envoyer des photos de l'emplacement des RAW \u00e0 l'avant et \u00e0 l'arri\u00e8re et de l'emplacement du commutateur RAW dans le tableau de bord.<\/p>\n<p>Par cons\u00e9quent, le d\u00e9lai de livraison sera de 4 \u00e0 5 semaines apr\u00e8s r\u00e9ception des donn\u00e9es correctes.<\/p>\n<p>Apr\u00e8s votre commande, nous vous contacterons pour discuter de tous les aspects.<\/p>\n<p>&nbsp;<\/p>\n<h5>Exigences suppl\u00e9mentaires<\/h5>\n<p>Avez-vous des exigences suppl\u00e9mentaires telles que des feux de brouillard arri\u00e8re, des feux suppl\u00e9mentaires, etc. Pas de probl\u00e8me du tout.<\/p>\n<p>Vous pouvez indiquer vos besoins dans la bo\u00eete de commentaires lors de la commande, et nous vous contacterons dans tous les cas apr\u00e8s votre commande pour en discuter.<\/p>\n<p>Les photos des produits pr\u00e9sent\u00e9s peuvent diff\u00e9rer.<\/p>","protected":false},"excerpt":{"rendered":"<p>Jeu de faisceaux de c\u00e2bles pour la Citro\u00ebn Traction Avant 11 BL d'avant 1952.<\/p>\n<p>100% nouvellement fabriqu\u00e9 \u00e0 la main, parfaitement dimensionn\u00e9 et pr\u00eat \u00e0 l'emploi.<\/p>\n<p>Toutes les extr\u00e9mit\u00e9s des c\u00e2bles sont pourvues de gaines thermor\u00e9tractables aux couleurs d'origine de Citro\u00ebn.<\/p>\n<p>&nbsp;<\/p>","protected":false},"featured_media":8437,"comment_status":"open","ping_status":"closed","template":"","meta":[],"product_brand":[],"product_cat":[76,56,38],"product_tag":[69,68],"hf_cat_product":[252],"class_list":{"0":"post-3277","1":"product","2":"type-product","3":"status-publish","4":"has-post-thumbnail","6":"product_cat-kabelboom-sets","7":"product_cat-citroen-traction-avant","8":"product_cat-kabelbomen","9":"product_tag-citroen-traction-avant-11bl","10":"product_tag-kabelboom-set","11":"product_shipping_class-groot-pakket","13":"first","14":"instock","15":"taxable","16":"shipping-taxable","17":"purchasable","18":"product-type-simple"},"_links":{"self":[{"href":"https:\/\/www.kabelbomen.com\/fr\/wp-json\/wp\/v2\/product\/3277","targetHints":{"allow":["GET"]}}],"collection":[{"href":"https:\/\/www.kabelbomen.com\/fr\/wp-json\/wp\/v2\/product"}],"about":[{"href":"https:\/\/www.kabelbomen.com\/fr\/wp-json\/wp\/v2\/types\/product"}],"replies":[{"embeddable":true,"href":"https:\/\/www.kabelbomen.com\/fr\/wp-json\/wp\/v2\/comments?post=3277"}],"version-history":[{"count":1,"href":"https:\/\/www.kabelbomen.com\/fr\/wp-json\/wp\/v2\/product\/3277\/revisions"}],"predecessor-version":[{"id":17011,"href":"https:\/\/www.kabelbomen.com\/fr\/wp-json\/wp\/v2\/product\/3277\/revisions\/17011"}],"wp:featuredmedia":[{"embeddable":true,"href":"https:\/\/www.kabelbomen.com\/fr\/wp-json\/wp\/v2\/media\/8437"}],"wp:attachment":[{"href":"https:\/\/www.kabelbomen.com\/fr\/wp-json\/wp\/v2\/media?parent=3277"}],"wp:term":[{"taxonomy":"product_brand","embeddable":true,"href":"https:\/\/www.kabelbomen.com\/fr\/wp-json\/wp\/v2\/product_brand?post=3277"},{"taxonomy":"product_cat","embeddable":true,"href":"https:\/\/www.kabelbomen.com\/fr\/wp-json\/wp\/v2\/product_cat?post=3277"},{"taxonomy":"product_tag","embeddable":true,"href":"https:\/\/www.kabelbomen.com\/fr\/wp-json\/wp\/v2\/product_tag?post=3277"},{"taxonomy":"hf_cat_product","embeddable":true,"href":"https:\/\/www.kabelbomen.com\/fr\/wp-json\/wp\/v2\/hf_cat_product?post=3277"}],"curies":[{"name":"wp","href":"https:\/\/api.w.org\/{rel}","templated":true}]}}