{"id":2663,"date":"2020-03-25T13:21:37","date_gmt":"2020-03-25T12:21:37","guid":{"rendered":"https:\/\/www.kabelbomen.com\/?post_type=product&#038;p=2663"},"modified":"2025-07-09T13:33:16","modified_gmt":"2025-07-09T11:33:16","slug":"faisceau-dalimentation-de-toit-traction-avant-11bl-11bn-apres-1952-et-15-six","status":"publish","type":"product","link":"https:\/\/www.kabelbomen.com\/fr\/product\/dak-kabelboom-traction-avant-11bl-11bn-na-1952-en-15-six\/","title":{"rendered":"Faisceau de c\u00e2bles de toit Traction Avant 11BL ou 11BN apr\u00e8s '52 \/ 15-Six"},"content":{"rendered":"<p>Faisceau de c\u00e2blage pour e.a. l'\u00e9clairage du plafonnier, du flotteur de r\u00e9servoir, des feux de position style B et des clignotants style C dans les Citro\u00ebn Traction Avant 11BL ou 11BN de 1952. Aussi appel\u00e9 l'arbre du toit.<\/p>\n<p>Le 11BN peut \u00e9galement \u00eatre utilis\u00e9 sur le 15-Six.<\/p>\n<p>Il sert \u00e9galement \u00e0 \u00e9tablir un lien avec le <a href=\"https:\/\/www.kabelbomen.com\/fr\/webshop\/faisceau-de-cablage-du-coffre-traction-avant-11bl-ou-11bn-apres-52-15-six\/\">faisceau de c\u00e2blage du coffre pour les feux arri\u00e8re<\/a><\/p>\n<p>Nous pouvons fournir tous les faisceaux \u00e9lectriques imaginables pour toutes les ann\u00e9es et tous les types de Citro\u00ebn Traction Avant, avec toutes les modifications souhait\u00e9es par le client.<\/p>\n<p>Pour des questions ou une commande sp\u00e9cifique, vous pouvez <a href=\"https:\/\/www.kabelbomen.com\/fr\/contacter\/\">Contacter<\/a>\u00a0.<\/p>\n<p>L'image peut diff\u00e9rer.<\/p>","protected":false},"excerpt":{"rendered":"<p>Faisceau de c\u00e2bles de toit pour la Citro\u00ebn Traction Avant 11BL ou 11BN \u00e0 partir de 1952.<\/p>\n<p>Le faisceau de c\u00e2bles de toit 11BN est \u00e9galement applicable \u00e0 la 15-Six.<\/p>\n<p>Mais vous avez le choix.<\/p>","protected":false},"featured_media":8588,"comment_status":"open","ping_status":"closed","template":"","meta":[],"product_brand":[],"product_cat":[56,38],"product_tag":[69,70,75,57,34],"hf_cat_product":[252],"class_list":{"0":"post-2663","1":"product","2":"type-product","3":"status-publish","4":"has-post-thumbnail","6":"product_cat-citroen-traction-avant","7":"product_cat-kabelbomen","8":"product_tag-citroen-traction-avant-11bl","9":"product_tag-citroen-traction-avant-11bn","10":"product_tag-citroen-traction-avant-15-six","11":"product_tag-dakboom","12":"product_tag-kabelboom","13":"product_shipping_class-groot-pakket","15":"first","16":"instock","17":"taxable","18":"shipping-taxable","19":"purchasable","20":"product-type-variable","21":"has-default-attributes"},"_links":{"self":[{"href":"https:\/\/www.kabelbomen.com\/fr\/wp-json\/wp\/v2\/product\/2663","targetHints":{"allow":["GET"]}}],"collection":[{"href":"https:\/\/www.kabelbomen.com\/fr\/wp-json\/wp\/v2\/product"}],"about":[{"href":"https:\/\/www.kabelbomen.com\/fr\/wp-json\/wp\/v2\/types\/product"}],"replies":[{"embeddable":true,"href":"https:\/\/www.kabelbomen.com\/fr\/wp-json\/wp\/v2\/comments?post=2663"}],"version-history":[{"count":1,"href":"https:\/\/www.kabelbomen.com\/fr\/wp-json\/wp\/v2\/product\/2663\/revisions"}],"predecessor-version":[{"id":16989,"href":"https:\/\/www.kabelbomen.com\/fr\/wp-json\/wp\/v2\/product\/2663\/revisions\/16989"}],"wp:featuredmedia":[{"embeddable":true,"href":"https:\/\/www.kabelbomen.com\/fr\/wp-json\/wp\/v2\/media\/8588"}],"wp:attachment":[{"href":"https:\/\/www.kabelbomen.com\/fr\/wp-json\/wp\/v2\/media?parent=2663"}],"wp:term":[{"taxonomy":"product_brand","embeddable":true,"href":"https:\/\/www.kabelbomen.com\/fr\/wp-json\/wp\/v2\/product_brand?post=2663"},{"taxonomy":"product_cat","embeddable":true,"href":"https:\/\/www.kabelbomen.com\/fr\/wp-json\/wp\/v2\/product_cat?post=2663"},{"taxonomy":"product_tag","embeddable":true,"href":"https:\/\/www.kabelbomen.com\/fr\/wp-json\/wp\/v2\/product_tag?post=2663"},{"taxonomy":"hf_cat_product","embeddable":true,"href":"https:\/\/www.kabelbomen.com\/fr\/wp-json\/wp\/v2\/hf_cat_product?post=2663"}],"curies":[{"name":"wp","href":"https:\/\/api.w.org\/{rel}","templated":true}]}}