{"id":2608,"date":"2020-03-24T21:27:19","date_gmt":"2020-03-24T20:27:19","guid":{"rendered":"https:\/\/www.kabelbomen.com\/?post_type=product&#038;p=2608"},"modified":"2025-08-01T21:51:45","modified_gmt":"2025-08-01T19:51:45","slug":"faisceau-de-cablage-du-coffre-traction-avant-11bl-ou-11bn-apres-52-15-six","status":"publish","type":"product","link":"https:\/\/www.kabelbomen.com\/fr\/product\/kofferbak-kabelboom-traction-avant-11bl-bn-15-six\/","title":{"rendered":"Faisceau de c\u00e2blage des feux arri\u00e8re Traction Avant 11BL ou 11BN apr\u00e8s '52 \/ 15-Six"},"content":{"rendered":"<p>Faisceau de c\u00e2blage des feux arri\u00e8re, \u00e9galement appel\u00e9 faisceau de c\u00e2blage du coffre \/ couvercle de coffre pour les feux arri\u00e8re sur le Citro\u00ebn Traction Avant 11BL ou le 11BN de l'ann\u00e9e-mod\u00e8le post-1952. Le 11BN peut \u00e9galement \u00eatre utilis\u00e9 sur le 15-Six.<\/p>\n<p>Ces v\u00e9hicules sont \u00e9quip\u00e9s d'un couvercle de coffre arri\u00e8re sous lequel se trouve la roue de secours. La version 11BL est l\u00e9g\u00e8rement plus \u00e9troite et le faisceau de c\u00e2bles a donc une taille l\u00e9g\u00e8rement diff\u00e9rente. Vous pouvez donc choisir votre faisceau de c\u00e2blage sp\u00e9cifique.<\/p>\n<p>Le faisceau de c\u00e2bles contr\u00f4le les consommateurs suivants :<\/p>\n<ul>\n<li>\u00c9clairage de la plaque d'immatriculation<\/li>\n<li>Feu de freinage gauche<\/li>\n<li>Feu de freinage droit<\/li>\n<li>Feu arri\u00e8re gauche<\/li>\n<li>Feu arri\u00e8re droit<\/li>\n<li>Indicateur de direction arri\u00e8re droit<\/li>\n<\/ul>\n<p>&nbsp;<\/p>\n<h5><strong>Informations g\u00e9n\u00e9rales sur le faisceau de c\u00e2blage des feux arri\u00e8re Traction Avant<\/strong><\/h5>\n<p>Jusqu'en 1952, la plaque d'immatriculation \u00e9tait plac\u00e9e sur l'aile gauche. La plaque d'immatriculation \u00e9tait \u00e9clair\u00e9e par la m\u00eame ampoule que les feux. Il n'y avait pas de faisceau s\u00e9par\u00e9 pour les feux arri\u00e8re. Les feux et les feux de freinage \u00e9taient connect\u00e9s directement au faisceau de c\u00e2blage du toit.<\/p>\n<p>En 1952, de nombreuses modifications ont \u00e9t\u00e9 apport\u00e9es \u00e0 la Traction Avant. La \"roue\" est devenue un coffre. La roue de secours est devenue une partie du coffre. La plaque d'immatriculation a \u00e9t\u00e9 d\u00e9plac\u00e9e vers le coffre et les feux d'immatriculation ont \u00e9t\u00e9 plac\u00e9s au-dessus. D\u00e8s lors, le <a href=\"https:\/\/www.kabelbomen.com\/fr\/webshop\/faisceau-de-cables-de-toit-traction-avant-11bl-11bn-jusqua-1952-2\/\">faisceau de c\u00e2bles de toit<\/a> \u00e0 l'arri\u00e8re gauche, pr\u00e8s de la plage arri\u00e8re. Un bloc de prises \u00e0 3 broches y est plac\u00e9, auquel est connect\u00e9 le faisceau de c\u00e2bles des feux arri\u00e8re qui contr\u00f4le les feux arri\u00e8re, les feux de freinage et les clignotants \u00e0 l'arri\u00e8re droit. C'est le faisceau de c\u00e2bles que vous voyez sur la photo.<\/p>\n<p>La situation apr\u00e8s 1952 est bien meilleure et c'est pourquoi nous l'appliquons \u00e9galement aux Tractions d'avant 1952.<br \/>\nComme les mod\u00e8les jusqu'en 1952 n'avaient pas de clignotants, ces fils devront \u00eatre ajout\u00e9s apr\u00e8s avoir discut\u00e9 de l'endroit o\u00f9 les placer. En g\u00e9n\u00e9ral, ils sont plac\u00e9s sur le montant C, mais parfois, par souci d'originalit\u00e9, sur le pare-chocs arri\u00e8re ou dans le m\u00eame bo\u00eetier que les feux et les feux de freinage sur l'aile.<\/p>\n<p>&nbsp;<\/p>\n<h5><strong>D\u00e9montage du couvercle du coffre\u00a0<\/strong><\/h5>\n<p>Pour permettre le retrait du couvercle du coffre sans d\u00e9brancher le c\u00e2blage du coffre, une prise a \u00e9t\u00e9 install\u00e9e dans le branchement de l'\u00e9clairage de la plaque d'immatriculation. Il s'agit du faisceau de c\u00e2bles illustr\u00e9 dans la photo.<br \/>\nDans tous les cas, il y a des fils de masse vers les feux arri\u00e8re gauche, les feux arri\u00e8re droit et les feux de plaque d'immatriculation sur le coffre.<br \/>\nUne connexion \u00e0 la terre par les charni\u00e8res du coffre et le loquet de verrouillage s'est av\u00e9r\u00e9e \u00eatre une connexion peu fiable et a presque toujours donn\u00e9 lieu \u00e0 des feux clignotants.<\/p>\n<p>&nbsp;<\/p>\n<h5><strong>Situations particuli\u00e8res<\/strong><\/h5>\n<p>Certaines Tractions d'avant 1952 ont des Jockey's sur le pilier C. Souvent install\u00e9s avant que la voiture ne prenne la route. Un Jockey est une combinaison d'un indicateur de direction et d'un feu de stationnement dans un seul bo\u00eetier. Dans ce cas, deux fils suppl\u00e9mentaires sont n\u00e9cessaires pour les feux de position.<\/p>\n<p>Ensuite, nous avons la situation inhabituelle du Traction Avant Commerciale. A l'\u00e9poque, ce mod\u00e8le \u00e9tait \u00e9galement utilis\u00e9 comme camion et ambulance. En raison de l'absence de tablette arri\u00e8re, il s'agit ici d'un faisceau de feux arri\u00e8re sp\u00e9cifique \u00e0 ce mod\u00e8le.<\/p>\n<p>Cependant, nous fournissons tous les faisceaux de c\u00e2bles possibles et imaginables pour toutes les ann\u00e9es et tous les types de Citro\u00ebn Traction Avant, avec toutes les modifications personnalis\u00e9es requises par le client.<\/p>\n<p>Pour des questions ou une commande sp\u00e9cifique, vous pouvez <a href=\"https:\/\/www.kabelbomen.com\/fr\/contacter\/\">Contacter<\/a> .<\/p>","protected":false},"excerpt":{"rendered":"<p>Faisceau de c\u00e2blage des feux arri\u00e8re, \u00e9galement appel\u00e9 faisceau de c\u00e2blage du coffre ou du couvercle du coffre. Sp\u00e9cifiquement pour les feux arri\u00e8re du Citro\u00ebn Traction Avant 11BL ou 11BN apr\u00e8s 1952 \/ 15-Six.<\/p>\n<p>Le c\u00e2blage de l'\u00e9clairage de la plaque d'immatriculation est con\u00e7u de mani\u00e8re \u00e0 pouvoir \u00eatre facilement d\u00e9connect\u00e9 au moyen d'une connexion \u00e0 fiche. Cela vous permet de d\u00e9monter facilement le couvercle du coffre sans avoir \u00e0 retirer l'ensemble du c\u00e2blage.<\/p>\n<p>Y compris les fils de terre vers les ailes.<\/p>\n<p style=\"font-weight: 400;\">","protected":false},"featured_media":17066,"comment_status":"open","ping_status":"closed","template":"","meta":[],"product_brand":[],"product_cat":[56,38],"product_tag":[175,69,70,75,34,58],"hf_cat_product":[252],"class_list":{"0":"post-2608","1":"product","2":"type-product","3":"status-publish","4":"has-post-thumbnail","6":"product_cat-citroen-traction-avant","7":"product_cat-kabelbomen","8":"product_tag-achterlichtboom","9":"product_tag-citroen-traction-avant-11bl","10":"product_tag-citroen-traction-avant-11bn","11":"product_tag-citroen-traction-avant-15-six","12":"product_tag-kabelboom","13":"product_tag-kofferbak-kabelboom","14":"product_shipping_class-groot-pakket","16":"first","17":"instock","18":"taxable","19":"shipping-taxable","20":"purchasable","21":"product-type-variable","22":"has-default-attributes"},"_links":{"self":[{"href":"https:\/\/www.kabelbomen.com\/fr\/wp-json\/wp\/v2\/product\/2608","targetHints":{"allow":["GET"]}}],"collection":[{"href":"https:\/\/www.kabelbomen.com\/fr\/wp-json\/wp\/v2\/product"}],"about":[{"href":"https:\/\/www.kabelbomen.com\/fr\/wp-json\/wp\/v2\/types\/product"}],"replies":[{"embeddable":true,"href":"https:\/\/www.kabelbomen.com\/fr\/wp-json\/wp\/v2\/comments?post=2608"}],"version-history":[{"count":8,"href":"https:\/\/www.kabelbomen.com\/fr\/wp-json\/wp\/v2\/product\/2608\/revisions"}],"predecessor-version":[{"id":17139,"href":"https:\/\/www.kabelbomen.com\/fr\/wp-json\/wp\/v2\/product\/2608\/revisions\/17139"}],"wp:featuredmedia":[{"embeddable":true,"href":"https:\/\/www.kabelbomen.com\/fr\/wp-json\/wp\/v2\/media\/17066"}],"wp:attachment":[{"href":"https:\/\/www.kabelbomen.com\/fr\/wp-json\/wp\/v2\/media?parent=2608"}],"wp:term":[{"taxonomy":"product_brand","embeddable":true,"href":"https:\/\/www.kabelbomen.com\/fr\/wp-json\/wp\/v2\/product_brand?post=2608"},{"taxonomy":"product_cat","embeddable":true,"href":"https:\/\/www.kabelbomen.com\/fr\/wp-json\/wp\/v2\/product_cat?post=2608"},{"taxonomy":"product_tag","embeddable":true,"href":"https:\/\/www.kabelbomen.com\/fr\/wp-json\/wp\/v2\/product_tag?post=2608"},{"taxonomy":"hf_cat_product","embeddable":true,"href":"https:\/\/www.kabelbomen.com\/fr\/wp-json\/wp\/v2\/hf_cat_product?post=2608"}],"curies":[{"name":"wp","href":"https:\/\/api.w.org\/{rel}","templated":true}]}}