{"id":2416,"date":"2020-03-23T12:08:53","date_gmt":"2020-03-23T11:08:53","guid":{"rendered":"https:\/\/www.kabelbomen.com\/?post_type=product&#038;p=2416"},"modified":"2026-04-17T16:45:52","modified_gmt":"2026-04-17T14:45:52","slug":"jeu-de-cables-de-batterie-peugeot-205-gti-cti","status":"publish","type":"product","link":"https:\/\/www.kabelbomen.com\/fr\/product\/hoofdstroom-accukabelset-peugeot-205-gti-cti\/","title":{"rendered":"Jeu de c\u00e2bles de batterie - Peugeot 205 GTI \/ CTI, moteur XU"},"content":{"rendered":"<p>Jeu de c\u00e2bles d'alimentation principale \/ jeu de c\u00e2bles de batterie pour Peugeot 205 GTI \/ CTI 1,6 et 1,9 litre, compatible avec tous les moteurs XU, mais aussi XY et autres. Remplace vos c\u00e2bles de batterie us\u00e9s et constitue imm\u00e9diatement une tr\u00e8s bonne mise \u00e0 niveau du circuit \u00e9lectrique.<\/p>\n<p>Assure le passage du courant entre l'alternateur, le d\u00e9marreur, la borne positive de la batterie, le petit bo\u00eetier \u00e0 fusibles pr\u00e8s de la batterie, la borne n\u00e9gative de la batterie, le bloc moteur et la carrosserie.<\/p>\n<p>Aussi bien que l'original en termes d'apparence, mais avec les avantages d'un flux de courant nettement meilleur gr\u00e2ce \u00e0 un diam\u00e8tre de cuivre plus \u00e9pais et \u00e0 des cosses de c\u00e2ble de haute qualit\u00e9.<\/p>\n<p>\u00c9galement applicable \u00e0 de nombreuses autres versions de la 205. Au moins les moteurs XU. Le site<a href=\"https:\/\/www.kabelbomen.com\/fr\/webshop\/jeu-de-cables-de-batterie-peugeot-205-tu-moteur-phase-1\/\"> Le jeu de c\u00e2bles de batterie pour la Peugeot 205 avec moteurs TU se trouve ici<\/a>.<\/p>\n<p>&nbsp;<\/p>\n<h5><strong>Diff\u00e9rence entre les c\u00e2bles de batterie phase 1,5 et phase 2 pour la Peugeot 205<\/strong><\/h5>\n<p>La diff\u00e9rence de conception entre les c\u00e2bles de batterie de la phase 1,5 et de la phase 2 r\u00e9side uniquement dans la longueur du c\u00e2ble de masse vert\/jaune vers le corps. Pour la phase 1.5, il \u00e9tait \u00e0 l'origine connect\u00e9 en usine \u00e0 un boulon M6 derri\u00e8re la batterie pr\u00e8s de la bobine. Ce c\u00e2ble est environ 15cm plus court que celui de la phase 2, o\u00f9 le c\u00e2ble de masse vert\/jaune \u00e9tait connect\u00e9 \u00e0 un boulon M6 sur la carrosserie entre la jambe de force et le bac \u00e0 liquide d'essuie-glace. La phase 1.5 a \u00e9t\u00e9 livr\u00e9e de novembre 1987 \u00e0 juillet 1990. La phase 2 a commenc\u00e9 en ao\u00fbt 1990.<\/p>\n<p>Vous pouvez \u00e9galement d\u00e9terminer votre version par la position de la bobine d'allumage. Si votre bobine d'allumage est un petit bloc noir situ\u00e9 au milieu du collecteur d'admission, vous avez une phase 2. Si la bobine d'allumage se trouve derri\u00e8re la batterie, \u00e0 c\u00f4t\u00e9 de la jambe de force, vous avez une phase 1,5. \u00cates-vous int\u00e9ress\u00e9 par un jeu de c\u00e2bles de batterie pour la phase 1? Ensuite, prenez <a href=\"https:\/\/www.kabelbomen.com\/fr\/contacter\/\">Contacter<\/a> pour conna\u00eetre les possibilit\u00e9s.<\/p>\n<p>&nbsp;<\/p>\n<h5><strong>D\u00e9fauts caus\u00e9s par des c\u00e2bles de batterie us\u00e9s (trop fins) dans les 205<\/strong><\/h5>\n<p>Le probl\u00e8me avec la 205 est que les vieux c\u00e2bles ne sont pas assez \u00e9pais pour fournir la tension de sortie de l'alternateur de 14 - 14,4 volts sans chute de tension dans la batterie. En particulier en cas de forte consommation \u00e9lectrique, par exemple des feux, du ventilateur ou, pire encore, d'un amplificateur lourd, la tension de vos vieux c\u00e2bles tombe facilement en dessous de 13 volts. Dans ce cas, la batterie ne se recharge pas. Le vieillissement des c\u00e2bles dans le circuit \u00e9lectrique, et en plus souvent la corrosion, ne font qu'aggraver la situation. Les batteries actuelles ont encore plus besoin des 14 volts de l'alternateur pour se charger correctement et rester en bon \u00e9tat.<\/p>\n<p>En raison de la perte de puissance des vieux c\u00e2bles de batterie us\u00e9s et fins dans la 205, nous voyons r\u00e9guli\u00e8rement les d\u00e9fauts ci-dessous :<\/p>\n<ul>\n<li>Mauvais d\u00e9part<\/li>\n<li>La batterie ne se recharge pas ou \u00e0 peine.<\/li>\n<li>Impossible de d\u00e9marrer apr\u00e8s quelques jours d'immobilisation<\/li>\n<li>Chutes de tension dans l'\u00e9clairage ou le ventilateur lorsque d'autres consommateurs sont allum\u00e9s.<\/li>\n<li>Mauvais approvisionnement en carburant<\/li>\n<li>Inflammation faible<\/li>\n<li>Essuie-glaces \u00e0 mouvement lent<\/li>\n<li>Les ventilateurs ne fonctionnent pas \u00e0 pleine vitesse<\/li>\n<li>Faible \u00e9clairage<\/li>\n<li>Corne faible<\/li>\n<li>D\u00e9faillance de la radio due \u00e0 une chute de tension trop importante<\/li>\n<li>Consommateurs tels que les lumi\u00e8res et les ventilateurs qui dansent sur les basses de la musique.<\/li>\n<li>Vitres \u00e9lectriques qui s'ouvrent lentement<\/li>\n<li>Panne de moteur<\/li>\n<li>Faible autonomie de la batterie<\/li>\n<li>etc.<\/li>\n<\/ul>\n<p>&nbsp;<\/p>\n<p>En particulier lors de l'installation d'un amplificateur audio ou d'autres consommateurs de tr\u00e8s grande taille, les c\u00e2bles d'origine ne sont pas suffisants et vous \u00eates assur\u00e9 de rencontrer les probl\u00e8mes mentionn\u00e9s ci-dessus.<\/p>\n<p>Avec nos c\u00e2bles de batterie, vous mesurez la tension de sortie de l'alternateur sans chute de tension dans la batterie. En fonction de la situation de charge, cette tension est g\u00e9n\u00e9ralement comprise entre 14 et 14,4 volts.<\/p>\n<p>&nbsp;<\/p>\n<h5><strong>Avantages de nos c\u00e2bles de batterie par rapport \u00e0 vos anciens c\u00e2bles de batterie fins<\/strong><\/h5>\n<ul>\n<li>Am\u00e9lioration de la charge, de l'\u00e9tat et de l'autonomie de la batterie<\/li>\n<li>La voiture peut rester immobile plus longtemps sans probl\u00e8me de d\u00e9marrage<\/li>\n<li>Meilleur d\u00e9marrage gr\u00e2ce \u00e0 une plus grande puissance du moteur de d\u00e9marrage<\/li>\n<li>Tension embarqu\u00e9e plus \u00e9lev\u00e9e<\/li>\n<li>Des essuie-glaces plus puissants<\/li>\n<li>Les vitres \u00e9lectriques fonctionnent mieux<\/li>\n<li>Pas de chute de tension sous la charge des lumi\u00e8res, des ventilateurs, de la musique forte, etc.<\/li>\n<li>Indispensable si des consommateurs lourds sont install\u00e9s, comme un amplificateur.<\/li>\n<li>La base de votre circuit \u00e9lectrique est \u00e0 nouveau en parfait \u00e9tat.<\/li>\n<li>Cuivre de haute qualit\u00e9, bornes de batterie et cosses de c\u00e2ble<\/li>\n<li>Dur\u00e9e de vie tr\u00e8s longue<\/li>\n<\/ul>\n<p>&nbsp;<\/p>\n<p>Nos c\u00e2bles de batterie sont dot\u00e9s d'une gaine isolante de haute qualit\u00e9 r\u00e9sistante \u00e0 l'abrasion qui prot\u00e8ge \u00e9galement contre la chaleur, la salet\u00e9, l'acide et les liquides tels que le carburant, l'huile et le liquide de refroidissement. Les cosses du c\u00e2ble sont robustes pour un flux de courant optimal.<\/p>\n<p>Pour une connexion encore plus s\u00fbre et fiable, les cosses sont pinc\u00e9es \u00e0 l'aide de pinces hydrauliques. Pour la protection contre la corrosion, une gaine thermor\u00e9tractable a \u00e9t\u00e9 appliqu\u00e9e autour des cosses de c\u00e2ble. Pour une protection suppl\u00e9mentaire contre la chaleur et l'usure, la gaine est \u00e9quip\u00e9e d'un tube annulaire d'isolation aux endroits n\u00e9cessaires, tout comme l'original.<\/p>\n<p>Nous utilisons les c\u00e2bles de taille et de couleur d'origine. Le jeu de c\u00e2bles de batterie est pr\u00eat \u00e0 l'emploi et a une longue dur\u00e9e de vie pour vous permettre de reprendre la route longtemps et en toute fiabilit\u00e9.<\/p>\n<p>&nbsp;<\/p>\n<h5><strong>Le jeu de c\u00e2bles de batterie se compose des \u00e9l\u00e9ments suivants<\/strong><\/h5>\n<p><em>C\u00e2ble de batterie positif :<\/em><\/p>\n<ul>\n<li>C\u00e2ble de batterie rouge entre l'alternateur et le moteur de d\u00e9marrage<\/li>\n<li>Couvercle d'isolation pour la connexion \u00e0 l'alternateur<\/li>\n<li>C\u00e2ble de batterie noir entre le moteur du d\u00e9marreur et la borne positive de la batterie.<\/li>\n<li>Couvercle d'isolation pour la connexion au moteur de d\u00e9marrage<\/li>\n<li>P\u00f4le plus de la borne de la batterie<\/li>\n<li>Couvercle d'isolation borne de batterie p\u00f4le plus<\/li>\n<li>C\u00e2ble de batterie jaune entre le p\u00f4le positif et la bo\u00eete \u00e0 fusibles.<\/li>\n<\/ul>\n<p>&nbsp;<\/p>\n<p><em>C\u00e2ble n\u00e9gatif de batterie :<\/em><\/p>\n<ul>\n<li>C\u00e2ble de terre gris entre le p\u00f4le n\u00e9gatif de la batterie et le bloc moteur.<\/li>\n<li>C\u00e2ble de masse jaune\/vert entre le p\u00f4le n\u00e9gatif de la batterie et la carrosserie.<\/li>\n<li>Borne de batterie p\u00f4le n\u00e9gatif avec \u00e9crou \u00e0 ailettes<\/li>\n<\/ul>\n<p>&nbsp;<\/p>\n<p>Tout est pr\u00e9-assembl\u00e9, ce qui rend le c\u00e2ble imm\u00e9diatement pr\u00eat \u00e0 \u00eatre mont\u00e9.<\/p>\n<p>&nbsp;<\/p>\n<h5><strong>Type de borne de batterie (\u00e0 partir de novembre 2023)<\/strong><\/h5>\n<p>Les c\u00e2bles de batterie sont d\u00e9sormais livr\u00e9s en standard avec une pince de batterie \u00e0 \u00e9crou papillon, comme sur la photo ci-dessous. Vous pr\u00e9f\u00e9rez une pince de batterie directe ? Indiquez-le dans le champ \u00ab Remarques \u00bb sur la page de paiement.<\/p>\n<p><img fetchpriority=\"high\" decoding=\"async\" class=\"alignnone wp-image-13547\" src=\"https:\/\/www.kabelbomen.com\/wp-content\/uploads\/2023\/07\/20230705_152519-1024x1024.jpg\" alt=\"Borne n\u00e9gative de la batterie avec \u00e9crou papillon (d\u00e9tachable) sur ensemble de c\u00e2bles de batterie de masse pour Peugeot 205 - Schram Kabelbomen Service\" width=\"300\" height=\"300\" srcset=\"https:\/\/www.kabelbomen.com\/wp-content\/uploads\/2023\/07\/20230705_152519-1024x1024.jpg 1024w, https:\/\/www.kabelbomen.com\/wp-content\/uploads\/2023\/07\/20230705_152519-scaled-1500x1500.jpg 1500w, https:\/\/www.kabelbomen.com\/wp-content\/uploads\/2023\/07\/20230705_152519-scaled-100x100.jpg 100w, https:\/\/www.kabelbomen.com\/wp-content\/uploads\/2023\/07\/20230705_152519-300x300.jpg 300w, https:\/\/www.kabelbomen.com\/wp-content\/uploads\/2023\/07\/20230705_152519-150x150.jpg 150w, https:\/\/www.kabelbomen.com\/wp-content\/uploads\/2023\/07\/20230705_152519-768x768.jpg 768w, https:\/\/www.kabelbomen.com\/wp-content\/uploads\/2023\/07\/20230705_152519-1536x1536.jpg 1536w, https:\/\/www.kabelbomen.com\/wp-content\/uploads\/2023\/07\/20230705_152519-2048x2048.jpg 2048w, https:\/\/www.kabelbomen.com\/wp-content\/uploads\/2023\/07\/20230705_152519-12x12.jpg 12w\" sizes=\"(max-width: 300px) 100vw, 300px\" \/><\/p>\n<p>&nbsp;<\/p>\n<h5><strong>Capuchons d'isolation<\/strong><\/h5>\n<p>Le jeu de c\u00e2bles de batterie est livr\u00e9 en standard avec un capuchon isolant rouge sur le p\u00f4le positif de la batterie et un capuchon isolant noir sur la connexion de l'alternateur et du d\u00e9marreur.<\/p>\n<p>Toutefois, \u00e0 l'origine, seuls des bouchons isolants noirs \u00e9taient fournis. Vous pr\u00e9f\u00e9rez des capuchons isolants enti\u00e8rement noirs ou uniquement rouges ? Pas de probl\u00e8me, il vous suffit d'indiquer vos besoins dans le champ \"notes\" de la page de paiement ou de nous contacter.<\/p>\n<p>&nbsp;<\/p>\n<h5><strong>Personnalisation<\/strong><\/h5>\n<p>Vous avez besoin d'une modification sp\u00e9cifique du jeu de c\u00e2bles de batterie ? Pas de probl\u00e8me, nous pouvons faire les ajustements n\u00e9cessaires. Si vous souhaitez simplement une autre combinaison de couleurs de capuchons isolants, veuillez nous le faire savoir dans le champ des commentaires sur la page de paiement. Si vous souhaitez d'autres adaptations sp\u00e9cifiques, veuillez nous <a href=\"https:\/\/www.kabelbomen.com\/fr\/contacter\/\">Contacter<\/a> .<\/p>\n<p>Notre jeu de c\u00e2bles de batterie peut \u00e9galement \u00eatre utilis\u00e9 sur des dizaines d'autres 205, \u00e0 condition que l'alternateur et le d\u00e9marreur soient (approximativement) au m\u00eame endroit. Vous pouvez commander le jeu et l'essayer. Nous pouvons toujours les personnaliser par la suite si n\u00e9cessaire. Convient au moins aux moteurs XU, GTI \/ CTI.<\/p>\n<p>Nous fournissons \u00e9galement des jeux de c\u00e2bles de batterie neufs pour tous les autres types de 205. <a href=\"https:\/\/www.kabelbomen.com\/fr\/contacter\/\">Contacter<\/a> pour conna\u00eetre les possibilit\u00e9s.<\/p>\n<p>\u00c9galement disponible pour tout autre v\u00e9hicule (classique).<\/p>\n<p><em><b>NOTE : Si vous n'\u00eates pas s\u00fbr de poss\u00e9der une Peugeot 205 GTI \/ CTI phase 1.5 ou phase 2, regardez l'emplacement de votre bobine. Si elle se trouve derri\u00e8re votre batterie, choisissez la version phase 1.5. Si la bobine est un petit bloc noir situ\u00e9 au-dessus de votre collecteur d'admission d'air, alors vous avez une version phase 2.<\/b><\/em><\/p>","protected":false},"excerpt":{"rendered":"<p>Nouveau jeu de c\u00e2bles d'alimentation principale \/ jeu de c\u00e2bles de batterie pour la Peugeot 205 GTI \/ CTI, applicable pour tous les moteurs XU, mais aussi pour le moteur XY et d'autres. En termes d'aspect, aussi bon que l'original, avec des c\u00e2bles de taille et de couleur originales, mais avec un flux de courant nettement meilleur gr\u00e2ce \u00e0 un diam\u00e8tre de cuivre plus \u00e9pais et \u00e0 de meilleures cosses de c\u00e2ble.<\/p>\n<p>Avec ce jeu de c\u00e2bles de batterie de haute qualit\u00e9, vous ne souffrirez plus de pertes de tension et le circuit \u00e9lectrique de votre 205 sera \u00e0 nouveau en parfait \u00e9tat. Malgr\u00e9 une forte consommation \u00e9lectrique, vous mesurerez sur votre batterie la tension de sortie totale de votre alternateur. Celle-ci est g\u00e9n\u00e9ralement comprise entre 14 et 14,4 volts.<\/p>\n<p>\u00c9galement disponible <a href=\"https:\/\/www.kabelbomen.com\/fr\/webshop\/jeu-de-cables-de-batterie-peugeot-205-tu-moteur-phase-1\/\">pour la Peugeot 205 avec moteur TU<\/a>.<\/p>\n<p><strong>Remarque : \u00e0 partir de novembre 2023, les c\u00e2bles de batterie 205 mass sont fournis de s\u00e9rie avec un collier de fixation de la batterie avec \u00e9crou \u00e0 oreilles M8. Veuillez vous r\u00e9f\u00e9rer aux photos dans la description ci-dessous.\u00a0<\/strong><\/p>\n<p>Choisissez la version phase 1.5 ou phase 2 ci-dessous. Pour un jeu de phase 1, veuillez nous <a title=\"Page de contact Schram Kabelbomen Service\" href=\"https:\/\/www.kabelbomen.com\/fr\/contacter\/\">Contacter<\/a> .<\/p>","protected":false},"featured_media":13931,"comment_status":"open","ping_status":"closed","template":"","meta":[],"product_brand":[],"product_cat":[39,61],"product_tag":[114,43,48,46,44,173],"hf_cat_product":[255],"class_list":{"0":"post-2416","1":"product","2":"type-product","3":"status-publish","4":"has-post-thumbnail","6":"product_cat-accukabels","7":"product_cat-peugeot-205","8":"product_tag-205-gti","9":"product_tag-accukabelset","10":"product_tag-fase-1-5","11":"product_tag-fase-2","12":"product_tag-hoofdstroomkabelset","13":"product_tag-xu-motor","14":"product_shipping_class-groot-pakket","16":"first","17":"instock","18":"taxable","19":"shipping-taxable","20":"purchasable","21":"product-type-variable","22":"has-default-attributes"},"_links":{"self":[{"href":"https:\/\/www.kabelbomen.com\/fr\/wp-json\/wp\/v2\/product\/2416","targetHints":{"allow":["GET"]}}],"collection":[{"href":"https:\/\/www.kabelbomen.com\/fr\/wp-json\/wp\/v2\/product"}],"about":[{"href":"https:\/\/www.kabelbomen.com\/fr\/wp-json\/wp\/v2\/types\/product"}],"replies":[{"embeddable":true,"href":"https:\/\/www.kabelbomen.com\/fr\/wp-json\/wp\/v2\/comments?post=2416"}],"version-history":[{"count":11,"href":"https:\/\/www.kabelbomen.com\/fr\/wp-json\/wp\/v2\/product\/2416\/revisions"}],"predecessor-version":[{"id":17409,"href":"https:\/\/www.kabelbomen.com\/fr\/wp-json\/wp\/v2\/product\/2416\/revisions\/17409"}],"wp:featuredmedia":[{"embeddable":true,"href":"https:\/\/www.kabelbomen.com\/fr\/wp-json\/wp\/v2\/media\/13931"}],"wp:attachment":[{"href":"https:\/\/www.kabelbomen.com\/fr\/wp-json\/wp\/v2\/media?parent=2416"}],"wp:term":[{"taxonomy":"product_brand","embeddable":true,"href":"https:\/\/www.kabelbomen.com\/fr\/wp-json\/wp\/v2\/product_brand?post=2416"},{"taxonomy":"product_cat","embeddable":true,"href":"https:\/\/www.kabelbomen.com\/fr\/wp-json\/wp\/v2\/product_cat?post=2416"},{"taxonomy":"product_tag","embeddable":true,"href":"https:\/\/www.kabelbomen.com\/fr\/wp-json\/wp\/v2\/product_tag?post=2416"},{"taxonomy":"hf_cat_product","embeddable":true,"href":"https:\/\/www.kabelbomen.com\/fr\/wp-json\/wp\/v2\/hf_cat_product?post=2416"}],"curies":[{"name":"wp","href":"https:\/\/api.w.org\/{rel}","templated":true}]}}