{"id":17176,"date":"2025-08-23T10:39:41","date_gmt":"2025-08-23T08:39:41","guid":{"rendered":"https:\/\/www.kabelbomen.com\/?post_type=product&#038;p=17176"},"modified":"2026-03-28T16:50:34","modified_gmt":"2026-03-28T15:50:34","slug":"boite-a-fusibles-compartiment-moteur-peugeot-205","status":"publish","type":"product","link":"https:\/\/www.kabelbomen.com\/fr\/product\/zekeringkastje-motorcabine-peugeot-205\/","title":{"rendered":"Peugeot 205 bo\u00eete \u00e0 fusibles (moteur cabine) - Reconditionn\u00e9"},"content":{"rendered":"<p>Bo\u00eete \u00e0 fusibles d'origine pour la Peugeot 205, r\u00e9vis\u00e9e par nos soins.<\/p>\n<p>La bo\u00eete \u00e0 fusibles est en parfait \u00e9tat, enti\u00e8rement trait\u00e9e \u00e0 l'int\u00e9rieur et \u00e0 l'ext\u00e9rieur, avec de nouveaux boulons et \u00e9crous en acier inoxydable.<\/p>\n<p>On le trouve dans presque tous les types de Peugeot 205 et dans diverses autres voitures des ann\u00e9es 1980 et 1990.<\/p>\n<p>&nbsp;<\/p>\n<h5><strong>Original<\/strong><\/h5>\n<p>Il s'agit d'une bo\u00eete \u00e0 fusibles d'origine en tr\u00e8s bon \u00e9tat, presque neuve. Elle a \u00e9t\u00e9 enti\u00e8rement d\u00e9mont\u00e9e pour \u00eatre r\u00e9vis\u00e9e. Fusibles inclus.<\/p>\n<p>&nbsp;<\/p>\n<h5><strong>Localisation et fonction<\/strong><\/h5>\n<p>La bo\u00eete \u00e0 fusibles se trouve dans le compartiment moteur, avant la batterie. Elle distribue les <a href=\"https:\/\/www.kabelbomen.com\/fr\/etiquette-de-produit\/jeu-de-cables-dalimentation-principale\/\" target=\"_blank\" rel=\"noopener\">c\u00e2ble d'alimentation principal<\/a> de la borne positive de la batterie et sert, entre autres, \u00e0 alimenter les ventilateurs de refroidissement du radiateur.<\/p>\n<p>&nbsp;<\/p>\n<h5><strong>Mise en \u0153uvre<\/strong><\/h5>\n<p>Il existe deux types de bo\u00eetes \u00e0 fusibles en circulation. Un petit et un grand type de bo\u00eete. Nous avons les deux versions. Choisissez la bonne version ci-dessus.<\/p>\n<p>&nbsp;<\/p>\n<h5><strong>Fusible<\/strong><\/h5>\n<p>Sur la page de paiement, vous pouvez indiquer les fusibles que vous souhaitez recevoir dans le champ \"notes\", si n\u00e9cessaire.<\/p>","protected":false},"excerpt":{"rendered":"<p>Bo\u00eete \u00e0 fusibles d'origine, enti\u00e8rement r\u00e9vis\u00e9e par nos soins, pour la Peugeot 205. Situ\u00e9e dans le compartiment moteur, avant la batterie. Elle sert \u00e0 distribuer le c\u00e2ble d'alimentation principal provenant de la borne positive de la batterie et sert de fusible, entre autres, aux ventilateurs de refroidissement du radiateur.<\/p>\n<p>Appliqu\u00e9 \u00e9galement dans plusieurs autres voitures.<\/p>\n<p>La bo\u00eete \u00e0 fusibles est en parfait \u00e9tat, remise \u00e0 neuf \u00e0 l'int\u00e9rieur et \u00e0 l'ext\u00e9rieur, avec de nouveaux boulons et \u00e9crous en acier inoxydable.<\/p>\n<p>Fourni avec des fusibles.<\/p>\n<p>Choisissez la petite ou la grande bo\u00eete \u00e0 fusibles ci-dessous.<\/p>\n<p>De plus amples informations peuvent \u00eatre consult\u00e9es dans la description ci-dessous.<\/p>","protected":false},"featured_media":17188,"comment_status":"open","ping_status":"closed","template":"","meta":[],"product_brand":[],"product_cat":[61,369],"product_tag":[114,47,48,46,185,173,312,372],"hf_cat_product":[375],"class_list":{"0":"post-17176","1":"product","2":"type-product","3":"status-publish","4":"has-post-thumbnail","6":"product_cat-peugeot-205","7":"product_cat-zekeringskast","8":"product_tag-205-gti","9":"product_tag-fase-1","10":"product_tag-fase-1-5","11":"product_tag-fase-2","12":"product_tag-tu-motor","13":"product_tag-xu-motor","14":"product_tag-xy-motor","15":"product_tag-zekeringskasten","17":"first","18":"instock","19":"purchasable","20":"product-type-variable","21":"has-default-attributes"},"_links":{"self":[{"href":"https:\/\/www.kabelbomen.com\/fr\/wp-json\/wp\/v2\/product\/17176","targetHints":{"allow":["GET"]}}],"collection":[{"href":"https:\/\/www.kabelbomen.com\/fr\/wp-json\/wp\/v2\/product"}],"about":[{"href":"https:\/\/www.kabelbomen.com\/fr\/wp-json\/wp\/v2\/types\/product"}],"replies":[{"embeddable":true,"href":"https:\/\/www.kabelbomen.com\/fr\/wp-json\/wp\/v2\/comments?post=17176"}],"version-history":[{"count":12,"href":"https:\/\/www.kabelbomen.com\/fr\/wp-json\/wp\/v2\/product\/17176\/revisions"}],"predecessor-version":[{"id":18379,"href":"https:\/\/www.kabelbomen.com\/fr\/wp-json\/wp\/v2\/product\/17176\/revisions\/18379"}],"wp:featuredmedia":[{"embeddable":true,"href":"https:\/\/www.kabelbomen.com\/fr\/wp-json\/wp\/v2\/media\/17188"}],"wp:attachment":[{"href":"https:\/\/www.kabelbomen.com\/fr\/wp-json\/wp\/v2\/media?parent=17176"}],"wp:term":[{"taxonomy":"product_brand","embeddable":true,"href":"https:\/\/www.kabelbomen.com\/fr\/wp-json\/wp\/v2\/product_brand?post=17176"},{"taxonomy":"product_cat","embeddable":true,"href":"https:\/\/www.kabelbomen.com\/fr\/wp-json\/wp\/v2\/product_cat?post=17176"},{"taxonomy":"product_tag","embeddable":true,"href":"https:\/\/www.kabelbomen.com\/fr\/wp-json\/wp\/v2\/product_tag?post=17176"},{"taxonomy":"hf_cat_product","embeddable":true,"href":"https:\/\/www.kabelbomen.com\/fr\/wp-json\/wp\/v2\/hf_cat_product?post=17176"}],"curies":[{"name":"wp","href":"https:\/\/api.w.org\/{rel}","templated":true}]}}