{"id":17003,"date":"2025-07-13T11:53:19","date_gmt":"2025-07-13T09:53:19","guid":{"rendered":"https:\/\/www.kabelbomen.com\/?post_type=product&#038;p=17003"},"modified":"2026-03-08T17:24:12","modified_gmt":"2026-03-08T16:24:12","slug":"faisceau-de-cables-du-tableau-de-bord-traction-avant-15-six-juin-52-55","status":"publish","type":"product","link":"https:\/\/www.kabelbomen.com\/fr\/product\/dashboard-kabelboom-traction-avant-15-six-juni-52-55\/","title":{"rendered":"Faisceau de c\u00e2blage du tableau de bord Traction Avant 15-Six June '52 - 1955"},"content":{"rendered":"<p>Nous fournissons tous les <a href=\"https:\/\/www.kabelbomen.com\/fr\/categorie-de-produit\/citroen-traction-avant\/\">faisceaux \u00e9lectriques pour toutes les ann\u00e9es et tous les types de Citro\u00ebn Traction Avant<\/a>avec toute personnalisation requise par le client.<\/p>\n<p>Pour des questions ou une commande sp\u00e9cifique, vous pouvez <a href=\"https:\/\/www.kabelbomen.com\/fr\/contacter\/\">Contacter<\/a>\u00a0.<\/p>","protected":false},"excerpt":{"rendered":"<p>Faisceau de c\u00e2blage du tableau de bord pour Citro\u00ebn Traction Avant 15 Six.<\/p>\n<p>Jou\u00e9 de juin 1952 \u00e0 1955.<\/p>\n<p>\u00c9galement appel\u00e9 \"Six case\".<\/p>","protected":false},"featured_media":9166,"comment_status":"open","ping_status":"closed","template":"","meta":[],"product_brand":[],"product_cat":[56,38],"product_tag":[75,62,34],"hf_cat_product":[252],"class_list":{"0":"post-17003","1":"product","2":"type-product","3":"status-publish","4":"has-post-thumbnail","6":"product_cat-citroen-traction-avant","7":"product_cat-kabelbomen","8":"product_tag-citroen-traction-avant-15-six","9":"product_tag-dashboardboom","10":"product_tag-kabelboom","11":"product_shipping_class-groot-pakket","13":"first","14":"instock","15":"taxable","16":"shipping-taxable","17":"purchasable","18":"product-type-simple"},"_links":{"self":[{"href":"https:\/\/www.kabelbomen.com\/fr\/wp-json\/wp\/v2\/product\/17003","targetHints":{"allow":["GET"]}}],"collection":[{"href":"https:\/\/www.kabelbomen.com\/fr\/wp-json\/wp\/v2\/product"}],"about":[{"href":"https:\/\/www.kabelbomen.com\/fr\/wp-json\/wp\/v2\/types\/product"}],"replies":[{"embeddable":true,"href":"https:\/\/www.kabelbomen.com\/fr\/wp-json\/wp\/v2\/comments?post=17003"}],"version-history":[{"count":2,"href":"https:\/\/www.kabelbomen.com\/fr\/wp-json\/wp\/v2\/product\/17003\/revisions"}],"predecessor-version":[{"id":17009,"href":"https:\/\/www.kabelbomen.com\/fr\/wp-json\/wp\/v2\/product\/17003\/revisions\/17009"}],"wp:featuredmedia":[{"embeddable":true,"href":"https:\/\/www.kabelbomen.com\/fr\/wp-json\/wp\/v2\/media\/9166"}],"wp:attachment":[{"href":"https:\/\/www.kabelbomen.com\/fr\/wp-json\/wp\/v2\/media?parent=17003"}],"wp:term":[{"taxonomy":"product_brand","embeddable":true,"href":"https:\/\/www.kabelbomen.com\/fr\/wp-json\/wp\/v2\/product_brand?post=17003"},{"taxonomy":"product_cat","embeddable":true,"href":"https:\/\/www.kabelbomen.com\/fr\/wp-json\/wp\/v2\/product_cat?post=17003"},{"taxonomy":"product_tag","embeddable":true,"href":"https:\/\/www.kabelbomen.com\/fr\/wp-json\/wp\/v2\/product_tag?post=17003"},{"taxonomy":"hf_cat_product","embeddable":true,"href":"https:\/\/www.kabelbomen.com\/fr\/wp-json\/wp\/v2\/hf_cat_product?post=17003"}],"curies":[{"name":"wp","href":"https:\/\/api.w.org\/{rel}","templated":true}]}}