{"id":11005,"date":"2022-04-23T10:36:51","date_gmt":"2022-04-23T08:36:51","guid":{"rendered":"https:\/\/www.kabelbomen.com\/?post_type=product&#038;p=11005"},"modified":"2026-03-15T12:12:01","modified_gmt":"2026-03-15T11:12:01","slug":"piece-de-reparation-flotteur-de-reservoir-citroen-traction-avant","status":"publish","type":"product","link":"https:\/\/www.kabelbomen.com\/fr\/product\/reparatiestuk-tankvlotter-citroen-traction-avant\/","title":{"rendered":"Pi\u00e8ce de r\u00e9paration flotteur r\u00e9servoir Citro\u00ebn Traction Avant"},"content":{"rendered":"<p>Nouveau faisceau de c\u00e2bles de r\u00e9paration pour le c\u00e2blage du flotteur du r\u00e9servoir dans le Citro\u00ebn Traction Avant.<\/p>\n<p>Lors du renouvellement complet ou partiel du c\u00e2blage de la Traction, la question se pose souvent de savoir ce qu'il adviendra du faisceau de c\u00e2bles du toit. C'est derri\u00e8re la garniture de toit. Doit-on laisser le c\u00e2blage du toit en place pour le connecter au nouveau c\u00e2blage ou doit-on enlever la garniture de toit et tout remplacer ?<\/p>\n<p>&nbsp;<\/p>\n<h5><strong>Remplacer ou laisser en place le faisceau de c\u00e2bles du toit ?<\/strong><\/h5>\n<p>Bien s\u00fbr, le renouvellement de tous les c\u00e2blages est toujours pr\u00e9f\u00e9rable. M\u00eame le plus jeune des faisceaux de c\u00e2bles date de 1956 et a maintenant atteint l'\u00e2ge respectable de 66 ans. Mais si vous voulez remplacer le faisceau de c\u00e2blage du toit par un nouveau, vous devez retirer la garniture de toit. Si la garniture de toit est encore originale et soign\u00e9e, vous ne voulez pas prendre ce risque. Les bords de la garniture de toit se d\u00e9chirent souvent au niveau de la fixation sur les c\u00f4t\u00e9s, de sorte que vous ne pouvez pas \u00e9viter de devoir remplacer la garniture de toit. Une op\u00e9ration co\u00fbteuse, surtout si vous laissez un tapissier le faire pour vous.<\/p>\n<p>&nbsp;<\/p>\n<h5><strong>\u00c9tat du faisceau de c\u00e2blage du toit<\/strong><\/h5>\n<p>Le faisceau de c\u00e2blage du toit n'est pas affect\u00e9 par les influences ext\u00e9rieures, telles que l'humidit\u00e9, l'huile, le liquide de refroidissement, la salet\u00e9 de la route, la saumure, etc. et est donc en moins mauvais \u00e9tat que les autres pi\u00e8ces du faisceau de c\u00e2blage. Gr\u00e2ce \u00e0 nos nombreuses ann\u00e9es d'exp\u00e9rience, nous savons qu'il est pr\u00e9f\u00e9rable de garder le c\u00e2blage pour l'avenir. <a href=\"https:\/\/www.kabelbomen.com\/fr\/webshop\/faisceau-dalimentation-de-toit-traction-avant-11bl-11bn-apres-1952-et-15-six\/\" data-schema-attribute=\"mentions\">faisceau de c\u00e2bles de toit<\/a> non encore remplac\u00e9s.<\/p>\n<p>Mais cette absence d'influences ext\u00e9rieures ne s'applique pas \u00e0 la derni\u00e8re partie du faisceau de c\u00e2bles du toit : les trois fils vers le flotteur du r\u00e9servoir. Et ces derniers sont toujours en plus mauvais \u00e9tat que la pi\u00e8ce qui se trouve \u00e0 l'int\u00e9rieur. Ces fils passent par la grille int\u00e9rieure arri\u00e8re jusqu'\u00e0 l'ext\u00e9rieur du passage de roue, puis reposent sur le r\u00e9servoir d'essence dans l'espace situ\u00e9 entre le plancher du coffre et le haut du r\u00e9servoir.<\/p>\n<p>&nbsp;<\/p>\n<h5><strong>Pi\u00e8ce de r\u00e9paration pour le c\u00e2blage du flotteur du r\u00e9servoir d'essence<\/strong><\/h5>\n<p>Compte tenu de ce qui pr\u00e9c\u00e8de, SKS fournit une pi\u00e8ce de r\u00e9paration du flotteur du r\u00e9servoir d'essence pour la Traction Avant.<\/p>\n<p>\u00c0 la hauteur de la tablette \u00e0 chapeau, les deux fils, bleu et jaune, du faisceau de c\u00e2bles du toit sont coup\u00e9s et la nouvelle pi\u00e8ce y est connect\u00e9e \u00e0 l'aide de tuyaux de connexion. Une bonne solution fiable qui vous durera longtemps.<\/p>\n<p>&nbsp;<\/p>\n<h5><strong>Nos conseils<\/strong><\/h5>\n<p>Mais je voudrais vous donner un conseil urgent.<\/p>\n<p>Si la garniture de toit est retir\u00e9e ou renouvel\u00e9e pour une raison quelconque, par exemple lors d'une restauration compl\u00e8te. Installez toujours un nouveau faisceau de c\u00e2bles de toit. Avec la nouvelle garniture de toit, le plafond sera \u00e0 nouveau ferm\u00e9 pour des d\u00e9cennies !<\/p>","protected":false},"excerpt":{"rendered":"<p>Nouveau faisceau de c\u00e2bles de r\u00e9paration pour le c\u00e2blage du flotteur du r\u00e9servoir d'essence dans le Citro\u00ebn Traction Avant.<\/p>\n<p>Cette partie du c\u00e2blage est normalement int\u00e9gr\u00e9e au faisceau de c\u00e2blage du toit, mais elle est g\u00e9n\u00e9ralement tr\u00e8s us\u00e9e.<\/p>\n<p>Comme il n'est pas toujours d\u00e9cid\u00e9 de renouveler l'ensemble du faisceau \u00e9lectrique du toit d'une Traction, compte tenu de la garniture de toit qui doit \u00eatre retir\u00e9e, cette pi\u00e8ce de r\u00e9paration du flotteur du r\u00e9servoir est une solution dans de tels cas.<\/p>\n<p>Vous trouverez ci-dessous des informations d\u00e9taill\u00e9es \u00e0 ce sujet.<\/p>","protected":false},"featured_media":13926,"comment_status":"open","ping_status":"closed","template":"","meta":[],"product_brand":[],"product_cat":[56,38],"product_tag":[57,58,272,273],"hf_cat_product":[252],"class_list":{"0":"post-11005","1":"product","2":"type-product","3":"status-publish","4":"has-post-thumbnail","6":"product_cat-citroen-traction-avant","7":"product_cat-kabelbomen","8":"product_tag-dakboom","9":"product_tag-kofferbak-kabelboom","10":"product_tag-reparatiestuk","11":"product_tag-tankvlotter","13":"first","14":"instock","15":"taxable","16":"shipping-taxable","17":"purchasable","18":"product-type-simple"},"_links":{"self":[{"href":"https:\/\/www.kabelbomen.com\/fr\/wp-json\/wp\/v2\/product\/11005","targetHints":{"allow":["GET"]}}],"collection":[{"href":"https:\/\/www.kabelbomen.com\/fr\/wp-json\/wp\/v2\/product"}],"about":[{"href":"https:\/\/www.kabelbomen.com\/fr\/wp-json\/wp\/v2\/types\/product"}],"replies":[{"embeddable":true,"href":"https:\/\/www.kabelbomen.com\/fr\/wp-json\/wp\/v2\/comments?post=11005"}],"version-history":[{"count":1,"href":"https:\/\/www.kabelbomen.com\/fr\/wp-json\/wp\/v2\/product\/11005\/revisions"}],"predecessor-version":[{"id":16996,"href":"https:\/\/www.kabelbomen.com\/fr\/wp-json\/wp\/v2\/product\/11005\/revisions\/16996"}],"wp:featuredmedia":[{"embeddable":true,"href":"https:\/\/www.kabelbomen.com\/fr\/wp-json\/wp\/v2\/media\/13926"}],"wp:attachment":[{"href":"https:\/\/www.kabelbomen.com\/fr\/wp-json\/wp\/v2\/media?parent=11005"}],"wp:term":[{"taxonomy":"product_brand","embeddable":true,"href":"https:\/\/www.kabelbomen.com\/fr\/wp-json\/wp\/v2\/product_brand?post=11005"},{"taxonomy":"product_cat","embeddable":true,"href":"https:\/\/www.kabelbomen.com\/fr\/wp-json\/wp\/v2\/product_cat?post=11005"},{"taxonomy":"product_tag","embeddable":true,"href":"https:\/\/www.kabelbomen.com\/fr\/wp-json\/wp\/v2\/product_tag?post=11005"},{"taxonomy":"hf_cat_product","embeddable":true,"href":"https:\/\/www.kabelbomen.com\/fr\/wp-json\/wp\/v2\/hf_cat_product?post=11005"}],"curies":[{"name":"wp","href":"https:\/\/api.w.org\/{rel}","templated":true}]}}