{"id":6207,"date":"2021-04-27T13:03:32","date_gmt":"2021-04-27T11:03:32","guid":{"rendered":"https:\/\/www.kabelbomen.com\/?post_type=product&#038;p=6207"},"modified":"2026-03-21T19:59:13","modified_gmt":"2026-03-21T18:59:13","slug":"motor-ecu-mazo-de-cables-d-jetronic-mercedes-benz-350sl-450sl","status":"publish","type":"product","link":"https:\/\/www.kabelbomen.com\/es\/product\/motor-ecu-kabelboom-d-jetronic-mercedes-benz-350sl-450sl\/","title":{"rendered":"Juego de cables del motor, D-Jetronic, Mercedes-Benz 350SL 450SL"},"content":{"rendered":"<p>Mazo de cables del motor ECU con sistema de inyecci\u00f3n de combustible D-Jetronic, para la primera generaci\u00f3n de Mercedes-Benz 350SL y 450SL.<\/p>\n<p>Tambi\u00e9n suministramos mazos de cables de ECU para otros modelos. Nos gustar\u00eda recibir el mazo de cables original para que podamos fabricar una reproducci\u00f3n correcta 100%.<\/p>\n<p>&nbsp;<\/p>\n<h5><strong>Originalidad y calidad<\/strong><\/h5>\n<p>Reconstruimos completamente el mazo de cables con nuevos enchufes, cubiertas de goma y terminales de cable. Utilizamos cable de cobre de alta calidad con colores de cable originales.<\/p>\n<p>Para una mayor longevidad y resistencia, y para evitar la corrosi\u00f3n y el desgaste, el mazo de cables tiene un acabado de gran calidad. Las transiciones de conexi\u00f3n del cable de cobre a los conectores de cable est\u00e1n acabadas profesionalmente con tubos termorretr\u00e1ctiles. Tambi\u00e9n utilizamos cobre de alta calidad y buen grosor. Esto distingue al SKS.<\/p>\n<p>Se ha aplicado aislamiento de PVC a las ramas para protegerlas del calor, los l\u00edquidos, las alima\u00f1as y el desgaste, como el original.<\/p>\n<p>A continuaci\u00f3n se muestra un ejemplo de la vena principal en el aislamiento de PVC para un mazo de cables del motor 280SL.<\/p>\n<p>&nbsp;<\/p>\n<div id='gallery-1' class='gallery galleryid-6207 gallery-columns-2 gallery-size-medium'><figure class='gallery-item'>\n\t\t\t<div class='gallery-icon landscape'>\n\t\t\t\t<a href='https:\/\/www.kabelbomen.com\/wp-content\/uploads\/2021\/04\/20240322_144213.jpg'><img fetchpriority=\"high\" decoding=\"async\" width=\"300\" height=\"300\" src=\"https:\/\/www.kabelbomen.com\/wp-content\/uploads\/2021\/04\/20240322_144213-300x300.jpg\" class=\"attachment-medium size-medium\" alt=\"Juego de cables del motor D-Jetronic Mercedes-Benz 280SL con aislamiento de PVC | SKS\" srcset=\"https:\/\/www.kabelbomen.com\/wp-content\/uploads\/2021\/04\/20240322_144213-300x300.jpg 300w, https:\/\/www.kabelbomen.com\/wp-content\/uploads\/2021\/04\/20240322_144213-1024x1024.jpg 1024w, https:\/\/www.kabelbomen.com\/wp-content\/uploads\/2021\/04\/20240322_144213-150x150.jpg 150w, https:\/\/www.kabelbomen.com\/wp-content\/uploads\/2021\/04\/20240322_144213-768x768.jpg 768w, https:\/\/www.kabelbomen.com\/wp-content\/uploads\/2021\/04\/20240322_144213-12x12.jpg 12w, https:\/\/www.kabelbomen.com\/wp-content\/uploads\/2021\/04\/20240322_144213-100x100.jpg 100w, https:\/\/www.kabelbomen.com\/wp-content\/uploads\/2021\/04\/20240322_144213.jpg 1047w\" sizes=\"(max-width: 300px) 100vw, 300px\" \/><\/a>\n\t\t\t<\/div><\/figure><figure class='gallery-item'>\n\t\t\t<div class='gallery-icon landscape'>\n\t\t\t\t<a href='https:\/\/www.kabelbomen.com\/wp-content\/uploads\/2021\/04\/20240322_143928.jpg'><img decoding=\"async\" width=\"300\" height=\"300\" src=\"https:\/\/www.kabelbomen.com\/wp-content\/uploads\/2021\/04\/20240322_143928-300x300.jpg\" class=\"attachment-medium size-medium\" alt=\"Haz de cables del motor D-Jetronic Mercedes-Benz 280SL ramales | SKS\" srcset=\"https:\/\/www.kabelbomen.com\/wp-content\/uploads\/2021\/04\/20240322_143928-300x300.jpg 300w, https:\/\/www.kabelbomen.com\/wp-content\/uploads\/2021\/04\/20240322_143928-1024x1024.jpg 1024w, https:\/\/www.kabelbomen.com\/wp-content\/uploads\/2021\/04\/20240322_143928-150x150.jpg 150w, https:\/\/www.kabelbomen.com\/wp-content\/uploads\/2021\/04\/20240322_143928-768x768.jpg 768w, https:\/\/www.kabelbomen.com\/wp-content\/uploads\/2021\/04\/20240322_143928-12x12.jpg 12w, https:\/\/www.kabelbomen.com\/wp-content\/uploads\/2021\/04\/20240322_143928-100x100.jpg 100w, https:\/\/www.kabelbomen.com\/wp-content\/uploads\/2021\/04\/20240322_143928.jpg 1047w\" sizes=\"(max-width: 300px) 100vw, 300px\" \/><\/a>\n\t\t\t<\/div><\/figure><figure class='gallery-item'>\n\t\t\t<div class='gallery-icon landscape'>\n\t\t\t\t<a href='https:\/\/www.kabelbomen.com\/wp-content\/uploads\/2021\/04\/20240322_143903.jpg'><img decoding=\"async\" width=\"300\" height=\"300\" src=\"https:\/\/www.kabelbomen.com\/wp-content\/uploads\/2021\/04\/20240322_143903-300x300.jpg\" class=\"attachment-medium size-medium\" alt=\"Haz de cables del motor D-Jetronic Mercedes-Benz 280SL ramales | SKS\" srcset=\"https:\/\/www.kabelbomen.com\/wp-content\/uploads\/2021\/04\/20240322_143903-300x300.jpg 300w, https:\/\/www.kabelbomen.com\/wp-content\/uploads\/2021\/04\/20240322_143903-1024x1024.jpg 1024w, https:\/\/www.kabelbomen.com\/wp-content\/uploads\/2021\/04\/20240322_143903-150x150.jpg 150w, https:\/\/www.kabelbomen.com\/wp-content\/uploads\/2021\/04\/20240322_143903-768x768.jpg 768w, https:\/\/www.kabelbomen.com\/wp-content\/uploads\/2021\/04\/20240322_143903-12x12.jpg 12w, https:\/\/www.kabelbomen.com\/wp-content\/uploads\/2021\/04\/20240322_143903-100x100.jpg 100w, https:\/\/www.kabelbomen.com\/wp-content\/uploads\/2021\/04\/20240322_143903.jpg 1047w\" sizes=\"(max-width: 300px) 100vw, 300px\" \/><\/a>\n\t\t\t<\/div><\/figure><figure class='gallery-item'>\n\t\t\t<div class='gallery-icon landscape'>\n\t\t\t\t<a href='https:\/\/www.kabelbomen.com\/wp-content\/uploads\/2021\/04\/20240322_143943.jpg'><img loading=\"lazy\" decoding=\"async\" width=\"300\" height=\"300\" src=\"https:\/\/www.kabelbomen.com\/wp-content\/uploads\/2021\/04\/20240322_143943-300x300.jpg\" class=\"attachment-medium size-medium\" alt=\"Haz de cables del motor D-Jetronic Mercedes-Benz 280SL ramales | SKS\" srcset=\"https:\/\/www.kabelbomen.com\/wp-content\/uploads\/2021\/04\/20240322_143943-300x300.jpg 300w, https:\/\/www.kabelbomen.com\/wp-content\/uploads\/2021\/04\/20240322_143943-1024x1024.jpg 1024w, https:\/\/www.kabelbomen.com\/wp-content\/uploads\/2021\/04\/20240322_143943-150x150.jpg 150w, https:\/\/www.kabelbomen.com\/wp-content\/uploads\/2021\/04\/20240322_143943-768x768.jpg 768w, https:\/\/www.kabelbomen.com\/wp-content\/uploads\/2021\/04\/20240322_143943-12x12.jpg 12w, https:\/\/www.kabelbomen.com\/wp-content\/uploads\/2021\/04\/20240322_143943-100x100.jpg 100w, https:\/\/www.kabelbomen.com\/wp-content\/uploads\/2021\/04\/20240322_143943.jpg 1047w\" sizes=\"(max-width: 300px) 100vw, 300px\" \/><\/a>\n\t\t\t<\/div><\/figure>\n\t\t<\/div>\n\n<p>&nbsp;<\/p>\n<p>&nbsp;<\/p>\n<h5><strong>Env\u00ede su antiguo mazo de cables<\/strong><\/h5>\n<p>Ha habido muchas versiones diferentes, tambi\u00e9n por pa\u00eds hab\u00eda numerosas diferencias (menores). Nos gustar\u00eda recibir su antiguo mazo de cables por lo que 100% estar seguro de que el nuevo mazo de cables coincide exactamente con su antiguo mazo de cables.<\/p>\n<p>Adem\u00e1s, vamos a reutilizar el conector de alimentaci\u00f3n negro y el enchufe de enriquecimiento de arranque en fr\u00edo de su antiguo mazo de cables. Estos ya no est\u00e1n disponibles nuevos.<\/p>\n<p>Si est\u00e1 interesado <a href=\"https:\/\/www.kabelbomen.com\/es\/pongase-en-contacto-con\/\" target=\"_blank\" rel=\"noopener\">p\u00f3ngase en contacto con<\/a> p\u00f3ngase en contacto con nosotros para programar su pedido. Tambi\u00e9n puede enviarnos su mazo de cables original o tra\u00e9rnoslo si es posible. Las condiciones para enviarnos su antiguo juego de cables se encuentran en <a href=\"https:\/\/www.kabelbomen.com\/es\/condiciones-generales\/\" target=\"_blank\" rel=\"noopener\">este enlace<\/a> en la parte inferior de la p\u00e1gina.<\/p>\n<p>&nbsp;<\/p>","protected":false},"excerpt":{"rendered":"<p>Nuevo mazo de cables de la ECU para controlar el motor con el sistema de inyecci\u00f3n de combustible D-Jetronic.<\/p>\n<p>Utilizado en los Mercedes-Benz 350SL y 450SL de primera generaci\u00f3n, hasta 1976.<\/p>\n<p>Dada la gran cantidad de versiones diferentes por pa\u00eds y las diversas producciones, nos gustar\u00eda recibir su antiguo mazo de cables original. En ese caso, podemos garantizarle 100% que el nuevo juego de cables coincidir\u00e1 exactamente con el antiguo.<\/p>\n<p>Todav\u00eda se ofrecen en Internet algunos mazos de cables que se comercializan como si sirvieran para todos los modelos y pa\u00edses, pero no es as\u00ed. En muchos casos, usted termina con un arn\u00e9s de cableado que necesita innumerables modificaciones y donde il\u00f3gicamente se han utilizado cables finos en lugares donde se desea un cable grueso. La mayor\u00eda de los mazos de cables proceden de China. Producimos todos nuestros mazos de cables nosotros mismos, en Holanda, y siempre con la m\u00e1xima calidad.<\/p>\n<p>El precio de una obra nueva completa es de 995 euros<\/p>\n<p>Tambi\u00e9n fabricamos mazos de cables de motor para otros modelos cl\u00e1sicos de Mercedes-Benz. Al hacerlo, siempre nos complace recibir el original para poder fabricar una reproducci\u00f3n 100% correcta.<\/p>\n<p>Puede <a href=\"https:\/\/www.kabelbomen.com\/es\/pongase-en-contacto-con\/\">p\u00f3ngase en contacto con<\/a> con nosotros para m\u00e1s informaci\u00f3n.<\/p>\n<p>Para m\u00e1s informaci\u00f3n, lea la descripci\u00f3n adicional que figura a continuaci\u00f3n.<\/p>","protected":false},"featured_media":15516,"comment_status":"open","ping_status":"closed","template":"","meta":[],"product_brand":[],"product_cat":[132,38],"product_tag":[136,137,286,133,134,287,34,135],"hf_cat_product":[257],"class_list":{"0":"post-6207","1":"product","2":"type-product","3":"status-publish","4":"has-post-thumbnail","6":"product_cat-mercedes-benz","7":"product_cat-kabelbomen","8":"product_tag-350sl","9":"product_tag-450sl","10":"product_tag-bosch","11":"product_tag-d-jetronic","12":"product_tag-ecu","13":"product_tag-injectoren","14":"product_tag-kabelboom","15":"product_tag-motorkabelboom","16":"product_shipping_class-groot-pakket","18":"first","19":"onbackorder","20":"purchasable","21":"product-type-simple"},"_links":{"self":[{"href":"https:\/\/www.kabelbomen.com\/es\/wp-json\/wp\/v2\/product\/6207","targetHints":{"allow":["GET"]}}],"collection":[{"href":"https:\/\/www.kabelbomen.com\/es\/wp-json\/wp\/v2\/product"}],"about":[{"href":"https:\/\/www.kabelbomen.com\/es\/wp-json\/wp\/v2\/types\/product"}],"replies":[{"embeddable":true,"href":"https:\/\/www.kabelbomen.com\/es\/wp-json\/wp\/v2\/comments?post=6207"}],"version-history":[{"count":15,"href":"https:\/\/www.kabelbomen.com\/es\/wp-json\/wp\/v2\/product\/6207\/revisions"}],"predecessor-version":[{"id":18171,"href":"https:\/\/www.kabelbomen.com\/es\/wp-json\/wp\/v2\/product\/6207\/revisions\/18171"}],"wp:featuredmedia":[{"embeddable":true,"href":"https:\/\/www.kabelbomen.com\/es\/wp-json\/wp\/v2\/media\/15516"}],"wp:attachment":[{"href":"https:\/\/www.kabelbomen.com\/es\/wp-json\/wp\/v2\/media?parent=6207"}],"wp:term":[{"taxonomy":"product_brand","embeddable":true,"href":"https:\/\/www.kabelbomen.com\/es\/wp-json\/wp\/v2\/product_brand?post=6207"},{"taxonomy":"product_cat","embeddable":true,"href":"https:\/\/www.kabelbomen.com\/es\/wp-json\/wp\/v2\/product_cat?post=6207"},{"taxonomy":"product_tag","embeddable":true,"href":"https:\/\/www.kabelbomen.com\/es\/wp-json\/wp\/v2\/product_tag?post=6207"},{"taxonomy":"hf_cat_product","embeddable":true,"href":"https:\/\/www.kabelbomen.com\/es\/wp-json\/wp\/v2\/hf_cat_product?post=6207"}],"curies":[{"name":"wp","href":"https:\/\/api.w.org\/{rel}","templated":true}]}}