{"id":3830,"date":"2020-05-13T11:02:40","date_gmt":"2020-05-13T09:02:40","guid":{"rendered":"https:\/\/www.kabelbomen.com\/?post_type=product&#038;p=3830"},"modified":"2026-03-15T11:20:39","modified_gmt":"2026-03-15T10:20:39","slug":"juego-de-cables-de-bateria-citroen-traction-avant-customised","status":"publish","type":"product","link":"https:\/\/www.kabelbomen.com\/es\/product\/accukabelset-citroen-traction-avant-maatwerk\/","title":{"rendered":"Juego de cables de bater\u00eda Citro\u00ebn Traction Avant - A medida"},"content":{"rendered":"<p>Nuevo juego de cables de alimentaci\u00f3n principal \/ cables de bater\u00eda de 35 mm\u00b2 adaptado para sustituir sus cables de bater\u00eda desgastados en el Citro\u00ebn Traction Avant.<\/p>\n<p>Podemos personalizar completamente un juego de cables de bater\u00eda para cualquier tipo de Citro\u00ebn Traction Avant. Esto es importante si, por ejemplo, se ha instalado un bloqueo de tierra \/ killswitch o rel\u00e9 de arranque. Esto difiere de la original, que requiere m\u00e1s cables y longitudes diferentes de la norma.<\/p>\n<p>Tras su compra, nos pondremos en contacto con usted para solicitarle la informaci\u00f3n adicional necesaria.<\/p>\n<p>\u00bfEst\u00e1 conduciendo un 11BL \/ 11BN, 11C, 15-SIX u otro tipo Traction Avant y su circuito el\u00e9ctrico sigue siendo original sin un rel\u00e9 de arranque o bloqueo de tierra, entonces usted puede simplemente <a href=\"https:\/\/www.kabelbomen.com\/es\/tienda-virtual\/juego-de-cables-de-bateria-citroen-traction-avant\/\">compre el juego de cables de bater\u00eda Citro\u00ebn Traction Avant original aqu\u00ed<\/a>.<\/p>\n<p>&nbsp;<\/p>\n<h5><strong>Cable de tierra para la carrocer\u00eda<\/strong><\/h5>\n<p>Todos nuestros juegos de cables de la bater\u00eda para la tracci\u00f3n vienen con un cable de tierra que se puede colocar entre el cuerpo y BAT menos. Esto da una mejora significativa a su circuito el\u00e9ctrico porque la corriente de sus luces y similares entonces no tiene que volver a la bater\u00eda a trav\u00e9s del motor. El motor vibra y cuelga en bloques silenciosos de goma por lo que es cualquier cosa menos fiable. Por eso, hoy en d\u00eda se ven tiras de masa instaladas en los coches. Por lo tanto, recomendamos instalar este cable de masa adicional.<\/p>\n<p>&nbsp;<\/p>\n<h5><strong>Cables de bater\u00eda de calidad<\/strong><\/h5>\n<p>Con estos cables de alta calidad, ya no sufrir\u00e1 ca\u00eddas de tensi\u00f3n y el circuito el\u00e9ctrico principal estar\u00e1 en las mejores condiciones.<\/p>\n<p>Los terminales de cable est\u00e1n crimpados profesionalmente y equipados con tubo termorretr\u00e1ctil para mayor resistencia, protecci\u00f3n y para evitar la corrosi\u00f3n.<\/p>\n<p>Los cables tienen un aislamiento adicional para protegerlos de la abrasi\u00f3n y los cortocircuitos.<\/p>\n<p>Puede utilizarse tanto en instalaciones de 6 V como de 12 V.<\/p>\n<p>Viene con un terminal de bater\u00eda con el s\u00edmbolo + y un terminal de bater\u00eda con el s\u00edmbolo - premontados en los cables.<\/p>\n<p>Tambi\u00e9n suministramos todos los cables para todos los tipos y construcciones de Citro\u00ebn Traction Avant.<\/p>\n<p>Si\u00e9ntase libre de tomar <a href=\"https:\/\/www.kabelbomen.com\/es\/pongase-en-contacto-con\/\">p\u00f3ngase en contacto con<\/a> con nosotros para sus requisitos espec\u00edficos.<\/p>","protected":false},"excerpt":{"rendered":"<p>Juego de cables de bater\u00eda personalizado para los cables positivo y negativo del Citro\u00ebn Traction Avant.<\/p>\n<p>Usted elige este conjunto de cables de la bater\u00eda cuando se ha a\u00f1adido un bloqueo de tierra \/ killswitch y \/ o rel\u00e9 de arranque. En ese caso, se necesitan m\u00e1s cables y no son de la longitud original. Personalizamos el conjunto para usted perfectamente, plug n play.<\/p>\n<p>Tras su pedido, nos pondremos en contacto con usted para informarle sobre su versi\u00f3n espec\u00edfica y las longitudes y conexiones correspondientes.<\/p>\n<p>Los cables son de 35 mm\u00b2 para que el arranque no cause problemas y se garantice un buen flujo de corriente.<\/p>\n<p>Se ha a\u00f1adido un cable de tierra adicional que puedes colocar entre el BAT menos y el cuerpo. Esto mejora significativamente su circuito el\u00e9ctrico.<\/p>\n<p>Adecuado tanto para instalaciones originales de 6 V como para instalaciones de 12 V.<\/p>\n<p>Elija a continuaci\u00f3n un motor de 4 o 6 cilindros. M\u00e1s adelante le facilitaremos m\u00e1s informaci\u00f3n.<\/p>","protected":false},"featured_media":17366,"comment_status":"open","ping_status":"closed","template":"","meta":[],"product_brand":[],"product_cat":[39,56],"product_tag":[43,88,69,70,44],"hf_cat_product":[254],"class_list":{"0":"post-3830","1":"product","2":"type-product","3":"status-publish","4":"has-post-thumbnail","6":"product_cat-accukabels","7":"product_cat-citroen-traction-avant","8":"product_tag-accukabelset","9":"product_tag-accukabelset-traction-avant-maatwerk","10":"product_tag-citroen-traction-avant-11bl","11":"product_tag-citroen-traction-avant-11bn","12":"product_tag-hoofdstroomkabelset","13":"product_shipping_class-groot-pakket","15":"first","16":"instock","17":"taxable","18":"shipping-taxable","19":"purchasable","20":"product-type-variable","21":"has-default-attributes"},"_links":{"self":[{"href":"https:\/\/www.kabelbomen.com\/es\/wp-json\/wp\/v2\/product\/3830","targetHints":{"allow":["GET"]}}],"collection":[{"href":"https:\/\/www.kabelbomen.com\/es\/wp-json\/wp\/v2\/product"}],"about":[{"href":"https:\/\/www.kabelbomen.com\/es\/wp-json\/wp\/v2\/types\/product"}],"replies":[{"embeddable":true,"href":"https:\/\/www.kabelbomen.com\/es\/wp-json\/wp\/v2\/comments?post=3830"}],"version-history":[{"count":10,"href":"https:\/\/www.kabelbomen.com\/es\/wp-json\/wp\/v2\/product\/3830\/revisions"}],"predecessor-version":[{"id":18005,"href":"https:\/\/www.kabelbomen.com\/es\/wp-json\/wp\/v2\/product\/3830\/revisions\/18005"}],"wp:featuredmedia":[{"embeddable":true,"href":"https:\/\/www.kabelbomen.com\/es\/wp-json\/wp\/v2\/media\/17366"}],"wp:attachment":[{"href":"https:\/\/www.kabelbomen.com\/es\/wp-json\/wp\/v2\/media?parent=3830"}],"wp:term":[{"taxonomy":"product_brand","embeddable":true,"href":"https:\/\/www.kabelbomen.com\/es\/wp-json\/wp\/v2\/product_brand?post=3830"},{"taxonomy":"product_cat","embeddable":true,"href":"https:\/\/www.kabelbomen.com\/es\/wp-json\/wp\/v2\/product_cat?post=3830"},{"taxonomy":"product_tag","embeddable":true,"href":"https:\/\/www.kabelbomen.com\/es\/wp-json\/wp\/v2\/product_tag?post=3830"},{"taxonomy":"hf_cat_product","embeddable":true,"href":"https:\/\/www.kabelbomen.com\/es\/wp-json\/wp\/v2\/hf_cat_product?post=3830"}],"curies":[{"name":"wp","href":"https:\/\/api.w.org\/{rel}","templated":true}]}}