{"id":3400,"date":"2020-04-26T17:47:33","date_gmt":"2020-04-26T15:47:33","guid":{"rendered":"https:\/\/www.kabelbomen.com\/?post_type=product&#038;p=3400"},"modified":"2026-03-15T11:38:09","modified_gmt":"2026-03-15T10:38:09","slug":"juego-de-cables-de-bateria-citroen-traction-avant","status":"publish","type":"product","link":"https:\/\/www.kabelbomen.com\/es\/product\/accukabelset-citroen-traction-avant\/","title":{"rendered":"Juego de cables de bater\u00eda Citro\u00ebn Traction Avant"},"content":{"rendered":"<p>Nuevo juego de cables de bater\u00eda para sustituir sus cables de bater\u00eda desgastados en el Citro\u00ebn Traction Avant. Puede elegir entre la variante de 4 cilindros, que se utiliza en el 11BL, 11BN, 11C Commerciale, Familiale y todos los dem\u00e1s Tractions de 4 cilindros, o la variante de 6 cilindros para el 15-Six. Los cables de bater\u00eda positivo y negativo son ambos de 35 mm\u00b2.<\/p>\n<p>El cable positivo conecta la BAT positiva al motor de arranque. El cable negativo conecta BAT menos al bloque del motor, su fijaci\u00f3n es en la parte posterior del bloque del motor en un perno M10 debajo de la bater\u00eda.<\/p>\n<p>A\u00f1adimos un cable de masa adicional que se puede conectar a la carrocer\u00eda, por ejemplo en el c\u00e1rter de aceite de freno. Esto mejora significativamente el circuito el\u00e9ctrico de su Traction.<\/p>\n<p>&nbsp;<\/p>\n<h5><strong>Longitudes y terminales de cable originales<\/strong><\/h5>\n<p>Utilizamos las longitudes de cable originales. En el cable positivo entre Bat plus y el motor de arranque hay un terminal de cable M8 para la fijaci\u00f3n en el motor de arranque, como el original. En el cable menos entre Bat menos y el bloque del motor, hay un terminal de cable M10 para la fijaci\u00f3n en el bloque del motor, como el original. Usted encontrar\u00e1 este perno M10 en la parte posterior del bloque del motor debajo de la bater\u00eda.<\/p>\n<p>El cable de masa adicional tiene un ojal M8 y puede fijarse, por ejemplo, al punto de montaje del c\u00e1rter de aceite de los frenos o a cualquier otro buen punto de la carrocer\u00eda.<\/p>\n<p>&nbsp;<\/p>\n<p><strong><em>Especificaciones y n\u00fameros originales del libro de piezas:<\/em><\/strong><\/p>\n<p>&nbsp;<\/p>\n<h6>Traction Avant Modelos de 4 cilindros<\/h6>\n<p><strong>N\u00ba 722.650 | Cable Plus 11BN Longitud 91 cm<\/strong><\/p>\n<p><strong>N\u00ba 722.551 | Cable Plus 11BL Longitud 88 cm<\/strong><\/p>\n<p><strong>N\u00ba 722.552 | Min cable 11BL &amp; 11BN Longitud 37 cm<\/strong><\/p>\n<p>&nbsp;<\/p>\n<p>Aunque el cable Plus original del 11BL es 3 cm m\u00e1s corto que el del 11BN, el cable de 91 cm da de s\u00ed lo justo. La diferencia es insignificante.<\/p>\n<p>&nbsp;<\/p>\n<h6>Traction Avant Modelos de 6 cilindros<\/h6>\n<p><strong>N\u00ba 714.595 | Cable Plus 15-SIX Longitud 54 cm<\/strong><\/p>\n<p><strong>N\u00ba 714.596 | Cable m\u00edn. 15-SIX Longitud 34 cm<\/strong><\/p>\n<p>&nbsp;<\/p>\n<p>ATENCI\u00d3N: El juego de cables est\u00e1 destinado a Tracciones en las que el circuito el\u00e9ctrico sigue siendo original. Si posteriormente se ha instalado un rel\u00e9 de arranque y\/o un bloqueo de masa, necesitar\u00e1 un <a href=\"https:\/\/www.kabelbomen.com\/es\/tienda-virtual\/juego-de-cables-de-bateria-citroen-traction-avant-customised\/\">Se necesita un juego de cables de bater\u00eda de personalizaci\u00f3n de tracci\u00f3n<\/a>. Para un juego de cables de bater\u00eda personalizado, nos pondremos en contacto con usted despu\u00e9s de su pedido para hablar de las dimensiones espec\u00edficas y el n\u00famero de cables. Tambi\u00e9n puede <a href=\"https:\/\/www.kabelbomen.com\/es\/pongase-en-contacto-con\/\">p\u00f3ngase en contacto con<\/a> con nosotros si tiene alguna duda.<\/p>\n<p>&nbsp;<\/p>\n<h5><strong>Cable de tierra para la carrocer\u00eda<\/strong><\/h5>\n<p>Todos nuestros juegos de cables de la bater\u00eda para la tracci\u00f3n vienen con un cable de tierra que se puede colocar entre el cuerpo y BAT menos. Esto da una mejora significativa a su circuito el\u00e9ctrico porque la corriente de sus luces y similares entonces no tiene que volver a la bater\u00eda a trav\u00e9s del motor. El motor vibra y cuelga en bloques silenciosos de goma, por lo que es cualquier cosa menos fiable. Por eso, hoy en d\u00eda se instalan regletas de masa en los coches. Por lo tanto, recomendamos instalar este cable de tierra adicional.<\/p>\n<p>&nbsp;<\/p>\n<h5><strong>Cables de bater\u00eda de calidad<\/strong><\/h5>\n<p>Con estos cables de bater\u00eda de 35 mm\u00b2 de alta calidad, ya no sufrir\u00e1 ca\u00eddas de tensi\u00f3n y el circuito el\u00e9ctrico de las corrientes principales de su Citro\u00ebn Traction Avant volver\u00e1 a estar en las mejores condiciones.<\/p>\n<p>Viene completo con una pinza de terminal de bater\u00eda con el s\u00edmbolo + y una pinza de terminal de bater\u00eda con el s\u00edmbolo -. Las pinzas de los terminales de la bater\u00eda se aprietan hidr\u00e1ulicamente a los cables, eliminando la transici\u00f3n innecesaria. Esto garantiza un flujo de corriente m\u00e1ximo y menos corrosi\u00f3n.<\/p>\n<p>Puede utilizarse tanto en instalaciones de 6 V como de 12 V.<\/p>\n<p>&nbsp;<\/p>\n<p>Tambi\u00e9n suministramos todos los cables y mazos de cables para todos los tipos y a\u00f1os de construcci\u00f3n Citro\u00ebn Traction Avant. La personalizaci\u00f3n es posible.<\/p>\n<p>Si\u00e9ntase libre de tomar <a href=\"https:\/\/www.kabelbomen.com\/es\/pongase-en-contacto-con\/\">p\u00f3ngase en contacto con<\/a> con nosotros para sus requisitos espec\u00edficos.<\/p>","protected":false},"excerpt":{"rendered":"<p>Nuevo juego de cables de bater\u00eda para el Citro\u00ebn Traction Avant. Proporciona la conexi\u00f3n positiva del polo positivo de la bater\u00eda con el motor de arranque y la conexi\u00f3n negativa entre el polo negativo de la bater\u00eda y el bloque del motor. Puede elegir entre la variante de 4 cilindros, que se utiliz\u00f3, entre otros, en los modelos 11BL, 11BN, 11C, Familiale y todos los dem\u00e1s Traction de 4 cilindros, o la variante de 6 cilindros, como en el 15-Six.<\/p>\n<p>Adecuado tanto para instalaciones originales de 6 V como para instalaciones de 12 V.<\/p>\n<p>Tanto el cable positivo como el negativo tienen un di\u00e1metro de 35 mm\u00b2, por lo que el arranque no causar\u00e1 ning\u00fan problema. Los cables se aprietan hidr\u00e1ulicamente en las abrazaderas de los terminales de la bater\u00eda, lo que garantiza el m\u00e1ximo flujo de corriente y evita la corrosi\u00f3n del cobre.<\/p>\n<p>Se ha a\u00f1adido un cable de tierra adicional que se puede fijar a la carrocer\u00eda. Esto mejora significativamente su circuito el\u00e9ctrico.<\/p>\n<p>\u00a1ATENCI\u00d3N! Si tiene instalado un rel\u00e9 de arranque y\/o un bloqueo de masa, necesitar\u00e1 uno o varios cables adicionales y unas dimensiones diferentes. En ese caso, haga su pedido. <a href=\"https:\/\/www.kabelbomen.com\/es\/tienda-virtual\/juego-de-cables-de-bateria-citroen-traction-avant-customised\/\">Un juego de cables de bater\u00eda a medida aqu\u00ed<\/a>.<\/p>\n<p>Para m\u00e1s informaci\u00f3n, consulte a continuaci\u00f3n.<\/p>","protected":false},"featured_media":17215,"comment_status":"open","ping_status":"closed","template":"","meta":[],"product_brand":[],"product_cat":[39,56],"product_tag":[43,69,70,75,79,78,74,44],"hf_cat_product":[254],"class_list":{"0":"post-3400","1":"product","2":"type-product","3":"status-publish","4":"has-post-thumbnail","6":"product_cat-accukabels","7":"product_cat-citroen-traction-avant","8":"product_tag-accukabelset","9":"product_tag-citroen-traction-avant-11bl","10":"product_tag-citroen-traction-avant-11bn","11":"product_tag-citroen-traction-avant-15-six","12":"product_tag-citroen-traction-avant-7","13":"product_tag-citroen-traction-avant-commerciale","14":"product_tag-citroen-traction-avant-familiale","15":"product_tag-hoofdstroomkabelset","16":"product_shipping_class-groot-pakket","18":"first","19":"instock","20":"taxable","21":"shipping-taxable","22":"purchasable","23":"product-type-variable","24":"has-default-attributes"},"_links":{"self":[{"href":"https:\/\/www.kabelbomen.com\/es\/wp-json\/wp\/v2\/product\/3400","targetHints":{"allow":["GET"]}}],"collection":[{"href":"https:\/\/www.kabelbomen.com\/es\/wp-json\/wp\/v2\/product"}],"about":[{"href":"https:\/\/www.kabelbomen.com\/es\/wp-json\/wp\/v2\/types\/product"}],"replies":[{"embeddable":true,"href":"https:\/\/www.kabelbomen.com\/es\/wp-json\/wp\/v2\/comments?post=3400"}],"version-history":[{"count":15,"href":"https:\/\/www.kabelbomen.com\/es\/wp-json\/wp\/v2\/product\/3400\/revisions"}],"predecessor-version":[{"id":17468,"href":"https:\/\/www.kabelbomen.com\/es\/wp-json\/wp\/v2\/product\/3400\/revisions\/17468"}],"wp:featuredmedia":[{"embeddable":true,"href":"https:\/\/www.kabelbomen.com\/es\/wp-json\/wp\/v2\/media\/17215"}],"wp:attachment":[{"href":"https:\/\/www.kabelbomen.com\/es\/wp-json\/wp\/v2\/media?parent=3400"}],"wp:term":[{"taxonomy":"product_brand","embeddable":true,"href":"https:\/\/www.kabelbomen.com\/es\/wp-json\/wp\/v2\/product_brand?post=3400"},{"taxonomy":"product_cat","embeddable":true,"href":"https:\/\/www.kabelbomen.com\/es\/wp-json\/wp\/v2\/product_cat?post=3400"},{"taxonomy":"product_tag","embeddable":true,"href":"https:\/\/www.kabelbomen.com\/es\/wp-json\/wp\/v2\/product_tag?post=3400"},{"taxonomy":"hf_cat_product","embeddable":true,"href":"https:\/\/www.kabelbomen.com\/es\/wp-json\/wp\/v2\/hf_cat_product?post=3400"}],"curies":[{"name":"wp","href":"https:\/\/api.w.org\/{rel}","templated":true}]}}