{"id":3301,"date":"2020-04-25T14:16:23","date_gmt":"2020-04-25T12:16:23","guid":{"rendered":"https:\/\/www.kabelbomen.com\/?post_type=product&#038;p=3301"},"modified":"2025-07-13T12:30:29","modified_gmt":"2025-07-13T10:30:29","slug":"juego-de-cables-citroen-traction-avant-11f-familiale","status":"publish","type":"product","link":"https:\/\/www.kabelbomen.com\/es\/product\/kabelboom-set-citroen-traction-avant-11f-familiale\/","title":{"rendered":"Juego de cables Citro\u00ebn Traction Avant 11B 11F Familiale"},"content":{"rendered":"<p>Juego completo de mazos de cables para el Citro\u00ebn Traction Avant 11B Familiale, o llamado 11F.<\/p>\n<p>Ajustado y listo para el montaje.<\/p>\n<p>Esta versi\u00f3n del Traction Avant tiene una ventana adicional en el estilo C. Todos los cables se fabricaron a medida para esta versi\u00f3n.<\/p>\n<p>Un juego completo de cableado consta de:<\/p>\n<ul>\n<li>2 piezas de faro L &amp; R con cables de tierra<\/li>\n<li>Mazo de cables del alternador<\/li>\n<li>Mazo de cables del salpicadero<\/li>\n<li>Mazo de cables del techo<\/li>\n<li>Mazo de cables trasero con toma de tierra<\/li>\n<li>Esquema el\u00e9ctrico correspondiente<\/li>\n<li>Manual de instalaci\u00f3n<\/li>\n<\/ul>\n<p>&nbsp;<\/p>\n<p>Estos son todos los mazos de cables que necesita para recablear completamente su Traction Avant 11B Familiale.<\/p>\n<p>Todo est\u00e1 acabado profesionalmente con aislamiento y tubo termorretr\u00e1ctil en los colores originales para conseguir un bonito aspecto cl\u00e1sico y una larga vida \u00fatil garantizada.<\/p>\n<p>\u00bfTiene alguna necesidad adicional, como una luz antiniebla trasera, luces adicionales como focos, etc.?<\/p>\n<p>Indique sus requisitos en los comentarios durante el proceso de compra.<\/p>\n<p>Nos pondremos en contacto con usted para discutir con usted los ajustes necesarios.<\/p>\n<p>La foto del producto puede variar.<\/p>","protected":false},"excerpt":{"rendered":"<p>Juego de mazos de cables para el motor de 4 cilindros Citro\u00ebn Traction Avant 11 Familial.<\/p>\n<p>100% nuevo hecho a mano y listo para montar.<\/p>\n<p>Todos los ojales para cables est\u00e1n provistos de tubos termorretr\u00e1ctiles en los colores originales de Citroen.<\/p>\n<p>&nbsp;<\/p>","protected":false},"featured_media":8437,"comment_status":"open","ping_status":"closed","template":"","meta":[],"product_brand":[],"product_cat":[76,56,38],"product_tag":[74,68],"hf_cat_product":[252],"class_list":{"0":"post-3301","1":"product","2":"type-product","3":"status-publish","4":"has-post-thumbnail","6":"product_cat-kabelboom-sets","7":"product_cat-citroen-traction-avant","8":"product_cat-kabelbomen","9":"product_tag-citroen-traction-avant-familiale","10":"product_tag-kabelboom-set","11":"product_shipping_class-groot-pakket","13":"first","14":"instock","15":"taxable","16":"shipping-taxable","17":"purchasable","18":"product-type-simple"},"_links":{"self":[{"href":"https:\/\/www.kabelbomen.com\/es\/wp-json\/wp\/v2\/product\/3301","targetHints":{"allow":["GET"]}}],"collection":[{"href":"https:\/\/www.kabelbomen.com\/es\/wp-json\/wp\/v2\/product"}],"about":[{"href":"https:\/\/www.kabelbomen.com\/es\/wp-json\/wp\/v2\/types\/product"}],"replies":[{"embeddable":true,"href":"https:\/\/www.kabelbomen.com\/es\/wp-json\/wp\/v2\/comments?post=3301"}],"version-history":[{"count":1,"href":"https:\/\/www.kabelbomen.com\/es\/wp-json\/wp\/v2\/product\/3301\/revisions"}],"predecessor-version":[{"id":17015,"href":"https:\/\/www.kabelbomen.com\/es\/wp-json\/wp\/v2\/product\/3301\/revisions\/17015"}],"wp:featuredmedia":[{"embeddable":true,"href":"https:\/\/www.kabelbomen.com\/es\/wp-json\/wp\/v2\/media\/8437"}],"wp:attachment":[{"href":"https:\/\/www.kabelbomen.com\/es\/wp-json\/wp\/v2\/media?parent=3301"}],"wp:term":[{"taxonomy":"product_brand","embeddable":true,"href":"https:\/\/www.kabelbomen.com\/es\/wp-json\/wp\/v2\/product_brand?post=3301"},{"taxonomy":"product_cat","embeddable":true,"href":"https:\/\/www.kabelbomen.com\/es\/wp-json\/wp\/v2\/product_cat?post=3301"},{"taxonomy":"product_tag","embeddable":true,"href":"https:\/\/www.kabelbomen.com\/es\/wp-json\/wp\/v2\/product_tag?post=3301"},{"taxonomy":"hf_cat_product","embeddable":true,"href":"https:\/\/www.kabelbomen.com\/es\/wp-json\/wp\/v2\/hf_cat_product?post=3301"}],"curies":[{"name":"wp","href":"https:\/\/api.w.org\/{rel}","templated":true}]}}