{"id":3277,"date":"2020-04-25T12:57:55","date_gmt":"2020-04-25T10:57:55","guid":{"rendered":"https:\/\/www.kabelbomen.com\/?post_type=product&#038;p=3277"},"modified":"2025-07-13T12:27:34","modified_gmt":"2025-07-13T10:27:34","slug":"juego-de-cables-citroen-traction-avant-11bl-a-1952","status":"publish","type":"product","link":"https:\/\/www.kabelbomen.com\/es\/product\/kabelboom-set-citroen-traction-avant-11bl-tot-1952\/","title":{"rendered":"Juego de cables Citro\u00ebn Traction Avant 11BL hasta '52"},"content":{"rendered":"<p>Juego de mazos de cables completo para el Citro\u00ebn Traction Avant 11BL hasta el a\u00f1o 1952.<\/p>\n<p>Ajustado y listo para el montaje.<\/p>\n<p>Esta versi\u00f3n del Traction Avant tambi\u00e9n fue apodada \"Sportje\". Se le dio este nombre<br \/>\ndebido a su carrocer\u00eda delgada y m\u00e1s corta en comparaci\u00f3n con otros modelos. Tambi\u00e9n se llamaba Wheels<br \/>\nmencionado porque la rueda de repuesto estaba visiblemente montada en la parte trasera del maletero. Todos los<br \/>\ncables est\u00e1n hechos a medida para esta versi\u00f3n.<\/p>\n<p>&nbsp;<\/p>\n<h5>Un juego de cables completo consta de:<\/h5>\n<ul>\n<li>2 piezas de faro L &amp; R con cables de tierra<\/li>\n<li>Mazo de cables del alternador<\/li>\n<li>Mazo de cables del salpicadero<\/li>\n<li>Mazo de cables del techo<\/li>\n<li>Mazo de cables trasero con toma de tierra<\/li>\n<li>Esquema el\u00e9ctrico correspondiente<\/li>\n<li>Manual de instalaci\u00f3n (s\u00f3lo disponible en neerland\u00e9s)<\/li>\n<\/ul>\n<p>&nbsp;<\/p>\n<p>Estos son todos los mazos de cables que necesita para recablear completamente su Traction Avant 11BL.<\/p>\n<p>Todo est\u00e1 acabado profesionalmente con aislamiento y tubo termorretr\u00e1ctil en los colores originales para conseguir un bonito aspecto cl\u00e1sico y una larga vida \u00fatil garantizada.<\/p>\n<p>&nbsp;<\/p>\n<h5>Indicadores de direcci\u00f3n<\/h5>\n<p>Un kit de cableado para el Traction Avant siempre viene con cables para los intermitentes.<\/p>\n<p>A pesar de que el coche originalmente no ten\u00eda intermitentes de f\u00e1brica como los tipos hasta 1952.<\/p>\n<p>Los Traction anteriores a 1952 no llevan indicadores de direcci\u00f3n (RAW) instalados de f\u00e1brica.<\/p>\n<p>Por supuesto, estos se a\u00f1adieron m\u00e1s tarde, pero podr\u00eda ser en diferentes lugares:<\/p>\n<p>&nbsp;<\/p>\n<h6>Frente de RAW<\/h6>\n<ul>\n<li>En los guardabarros delanteros, tal y como los instal\u00f3 la f\u00e1brica despu\u00e9s de 1952.<\/li>\n<li>En el parachoques delantero<\/li>\n<\/ul>\n<p>&nbsp;<\/p>\n<h6>El trasero de RAW<\/h6>\n<ul>\n<li>En el montante C, en el lugar donde lo coloc\u00f3 la f\u00e1brica despu\u00e9s de 1952<\/li>\n<li>En los guardabarros traseros<\/li>\n<li>En el parachoques trasero<\/li>\n<\/ul>\n<p>&nbsp;<\/p>\n<h6>Interruptor del indicador de direcci\u00f3n<\/h6>\n<ul>\n<li>En el salpicadero, en el lugar tal y como lo coloc\u00f3 la f\u00e1brica despu\u00e9s de 1952<\/li>\n<li>A la izquierda del panel de instrumentos<\/li>\n<\/ul>\n<p>&nbsp;<\/p>\n<p>Ya hemos visto todas estas posibilidades en los \u00faltimos a\u00f1os.<br \/>\nPor lo tanto, no podemos almacenar este conjunto y tenemos que personalizarlo.<\/p>\n<p>Le pedimos que nos env\u00ede fotos de la colocaci\u00f3n de los RAW delante y detr\u00e1s y de la ubicaci\u00f3n del interruptor RAW en el salpicadero.<\/p>\n<p>En consecuencia, el plazo de entrega ser\u00e1 de 4-5 semanas tras recibir los datos correctos.<\/p>\n<p>Tras su pedido, nos pondremos en contacto con usted para hablar de todo con claridad.<\/p>\n<p>&nbsp;<\/p>\n<h5>Requisitos adicionales<\/h5>\n<p>\u00bfTiene alguna necesidad adicional, como una luz antiniebla trasera, l\u00e1mparas adicionales, etc.? Sin ning\u00fan problema.<\/p>\n<p>Puede indicar sus requisitos en el cuadro de comentarios durante el proceso de pago y nos pondremos en contacto con usted en cualquier caso despu\u00e9s de su pedido para repasarlo todo.<\/p>\n<p>Las fotos del producto pueden variar.<\/p>","protected":false},"excerpt":{"rendered":"<p>Juego de mazos de cables para el Citro\u00ebn Traction Avant 11 BL anterior a 1952.<\/p>\n<p>100% reci\u00e9n hecho a mano, perfectamente dimensionado y listo para colocar.<\/p>\n<p>Todos los ojales de los cables est\u00e1n equipados con tubos termorretr\u00e1ctiles en los colores originales de Citro\u00ebn.<\/p>\n<p>&nbsp;<\/p>","protected":false},"featured_media":8437,"comment_status":"open","ping_status":"closed","template":"","meta":[],"product_brand":[],"product_cat":[76,56,38],"product_tag":[69,68],"hf_cat_product":[252],"class_list":{"0":"post-3277","1":"product","2":"type-product","3":"status-publish","4":"has-post-thumbnail","6":"product_cat-kabelboom-sets","7":"product_cat-citroen-traction-avant","8":"product_cat-kabelbomen","9":"product_tag-citroen-traction-avant-11bl","10":"product_tag-kabelboom-set","11":"product_shipping_class-groot-pakket","13":"first","14":"instock","15":"taxable","16":"shipping-taxable","17":"purchasable","18":"product-type-simple"},"_links":{"self":[{"href":"https:\/\/www.kabelbomen.com\/es\/wp-json\/wp\/v2\/product\/3277","targetHints":{"allow":["GET"]}}],"collection":[{"href":"https:\/\/www.kabelbomen.com\/es\/wp-json\/wp\/v2\/product"}],"about":[{"href":"https:\/\/www.kabelbomen.com\/es\/wp-json\/wp\/v2\/types\/product"}],"replies":[{"embeddable":true,"href":"https:\/\/www.kabelbomen.com\/es\/wp-json\/wp\/v2\/comments?post=3277"}],"version-history":[{"count":1,"href":"https:\/\/www.kabelbomen.com\/es\/wp-json\/wp\/v2\/product\/3277\/revisions"}],"predecessor-version":[{"id":17011,"href":"https:\/\/www.kabelbomen.com\/es\/wp-json\/wp\/v2\/product\/3277\/revisions\/17011"}],"wp:featuredmedia":[{"embeddable":true,"href":"https:\/\/www.kabelbomen.com\/es\/wp-json\/wp\/v2\/media\/8437"}],"wp:attachment":[{"href":"https:\/\/www.kabelbomen.com\/es\/wp-json\/wp\/v2\/media?parent=3277"}],"wp:term":[{"taxonomy":"product_brand","embeddable":true,"href":"https:\/\/www.kabelbomen.com\/es\/wp-json\/wp\/v2\/product_brand?post=3277"},{"taxonomy":"product_cat","embeddable":true,"href":"https:\/\/www.kabelbomen.com\/es\/wp-json\/wp\/v2\/product_cat?post=3277"},{"taxonomy":"product_tag","embeddable":true,"href":"https:\/\/www.kabelbomen.com\/es\/wp-json\/wp\/v2\/product_tag?post=3277"},{"taxonomy":"hf_cat_product","embeddable":true,"href":"https:\/\/www.kabelbomen.com\/es\/wp-json\/wp\/v2\/hf_cat_product?post=3277"}],"curies":[{"name":"wp","href":"https:\/\/api.w.org\/{rel}","templated":true}]}}