{"id":2663,"date":"2020-03-25T13:21:37","date_gmt":"2020-03-25T12:21:37","guid":{"rendered":"https:\/\/www.kabelbomen.com\/?post_type=product&#038;p=2663"},"modified":"2025-07-09T13:33:16","modified_gmt":"2025-07-09T11:33:16","slug":"mazo-de-cables-de-techo-traccion-avant-11bl-11bn-despues-de-1952-y-15-six","status":"publish","type":"product","link":"https:\/\/www.kabelbomen.com\/es\/product\/dak-kabelboom-traction-avant-11bl-11bn-na-1952-en-15-six\/","title":{"rendered":"Juego de cables de techo Traction Avant 11BL o 11BN despu\u00e9s del '52 \/ 15-Six"},"content":{"rendered":"<p>Mazo de cables para, entre otras cosas, la luz del techo, el flotador del dep\u00f3sito, las luces de estacionamiento del montante B y los intermitentes del montante C en el Citro\u00ebn Traction Avant 11BL o 11BN a partir de 1952. Tambi\u00e9n llamado \u00e1rbol de techo.<\/p>\n<p>El 11BN tambi\u00e9n es aplicable al 15-Six.<\/p>\n<p>Tambi\u00e9n sirve para interactuar con el <a href=\"https:\/\/www.kabelbomen.com\/es\/tienda-virtual\/maletero-mazo-de-cables-traccion-avant-11bl-bn-15-six\/\">mazo de cables de arranque para las luces traseras<\/a><\/p>\n<p>No obstante, suministramos todos los mazos de cables imaginables para todos los a\u00f1os y todos los tipos de Citro\u00ebn Traction Avant, con las modificaciones que requiera el cliente.<\/p>\n<p>Si tiene alguna pregunta o desea realizar un pedido concreto, p\u00f3ngase en contacto con <a href=\"https:\/\/www.kabelbomen.com\/es\/pongase-en-contacto-con\/\">p\u00f3ngase en contacto con<\/a>\u00a0con nosotros.<\/p>\n<p>Las fotos pueden variar.<\/p>","protected":false},"excerpt":{"rendered":"<p>Mazo de cables de techo para el Citro\u00ebn Traction Avant 11BL o 11BN posterior a 1952.<\/p>\n<p>El mazo de cables de techo 11BN tambi\u00e9n es aplicable al 15-Six.<\/p>\n<p>Pero abajo est\u00e1 tu elecci\u00f3n.<\/p>","protected":false},"featured_media":8588,"comment_status":"open","ping_status":"closed","template":"","meta":[],"product_brand":[],"product_cat":[56,38],"product_tag":[69,70,75,57,34],"hf_cat_product":[252],"class_list":{"0":"post-2663","1":"product","2":"type-product","3":"status-publish","4":"has-post-thumbnail","6":"product_cat-citroen-traction-avant","7":"product_cat-kabelbomen","8":"product_tag-citroen-traction-avant-11bl","9":"product_tag-citroen-traction-avant-11bn","10":"product_tag-citroen-traction-avant-15-six","11":"product_tag-dakboom","12":"product_tag-kabelboom","13":"product_shipping_class-groot-pakket","15":"first","16":"instock","17":"taxable","18":"shipping-taxable","19":"purchasable","20":"product-type-variable","21":"has-default-attributes"},"_links":{"self":[{"href":"https:\/\/www.kabelbomen.com\/es\/wp-json\/wp\/v2\/product\/2663","targetHints":{"allow":["GET"]}}],"collection":[{"href":"https:\/\/www.kabelbomen.com\/es\/wp-json\/wp\/v2\/product"}],"about":[{"href":"https:\/\/www.kabelbomen.com\/es\/wp-json\/wp\/v2\/types\/product"}],"replies":[{"embeddable":true,"href":"https:\/\/www.kabelbomen.com\/es\/wp-json\/wp\/v2\/comments?post=2663"}],"version-history":[{"count":1,"href":"https:\/\/www.kabelbomen.com\/es\/wp-json\/wp\/v2\/product\/2663\/revisions"}],"predecessor-version":[{"id":16989,"href":"https:\/\/www.kabelbomen.com\/es\/wp-json\/wp\/v2\/product\/2663\/revisions\/16989"}],"wp:featuredmedia":[{"embeddable":true,"href":"https:\/\/www.kabelbomen.com\/es\/wp-json\/wp\/v2\/media\/8588"}],"wp:attachment":[{"href":"https:\/\/www.kabelbomen.com\/es\/wp-json\/wp\/v2\/media?parent=2663"}],"wp:term":[{"taxonomy":"product_brand","embeddable":true,"href":"https:\/\/www.kabelbomen.com\/es\/wp-json\/wp\/v2\/product_brand?post=2663"},{"taxonomy":"product_cat","embeddable":true,"href":"https:\/\/www.kabelbomen.com\/es\/wp-json\/wp\/v2\/product_cat?post=2663"},{"taxonomy":"product_tag","embeddable":true,"href":"https:\/\/www.kabelbomen.com\/es\/wp-json\/wp\/v2\/product_tag?post=2663"},{"taxonomy":"hf_cat_product","embeddable":true,"href":"https:\/\/www.kabelbomen.com\/es\/wp-json\/wp\/v2\/hf_cat_product?post=2663"}],"curies":[{"name":"wp","href":"https:\/\/api.w.org\/{rel}","templated":true}]}}