{"id":2608,"date":"2020-03-24T21:27:19","date_gmt":"2020-03-24T20:27:19","guid":{"rendered":"https:\/\/www.kabelbomen.com\/?post_type=product&#038;p=2608"},"modified":"2025-08-01T21:51:45","modified_gmt":"2025-08-01T19:51:45","slug":"maletero-mazo-de-cables-traccion-avant-11bl-bn-15-six","status":"publish","type":"product","link":"https:\/\/www.kabelbomen.com\/es\/product\/kofferbak-kabelboom-traction-avant-11bl-bn-15-six\/","title":{"rendered":"Juego de cables de pilotos traseros Traction Avant 11BL o 11BN despu\u00e9s del '52 \/ 15-Six"},"content":{"rendered":"<p>Mazo de cables de las luces traseras, tambi\u00e9n llamado mazo de cables del maletero para las luces traseras del Citro\u00ebn Traction Avant 11BL o el 11BN del modelo posterior a 1952. El 11BN tambi\u00e9n se puede utilizar en el 15-Six.<\/p>\n<p>Estos tienen un maletero trasero donde la rueda de repuesto est\u00e1 debajo. La versi\u00f3n 11BL es ligeramente m\u00e1s estrecha, por lo que el mazo de cables tiene un tama\u00f1o ligeramente diferente. Por lo tanto, puede elegir su mazo de cables espec\u00edfico.<\/p>\n<p>El mazo de cables controla los siguientes consumidores:<\/p>\n<ul>\n<li>Luz de matr\u00edcula<\/li>\n<li>Luz de freno izquierda<\/li>\n<li>Luz de freno derecha<\/li>\n<li>Luz trasera izquierda<\/li>\n<li>Luz trasera derecha<\/li>\n<li>Indicador de direcci\u00f3n trasero derecho<\/li>\n<\/ul>\n<p>&nbsp;<\/p>\n<h5><strong>Informaci\u00f3n de fondo haz de cables de pilotos traseros Traction Avant<\/strong><\/h5>\n<p>Hasta 1952, la matr\u00edcula se colocaba en la aleta izquierda. La matr\u00edcula se iluminaba con la misma bombilla de las luces. No hab\u00eda un mazo de cables separado para las luces traseras. Las luces y las luces de freno se conectaban directamente desde el mazo de cables del techo.<\/p>\n<p>En 1952 se introdujeron muchos cambios en el Traction Avant. Por ejemplo, la \"rueda\" se convirti\u00f3 en maletero. As\u00ed, la rueda de repuesto pas\u00f3 al interior del maletero. La matr\u00edcula se traslad\u00f3 al maletero y las luces de matr\u00edcula tambi\u00e9n se colocaron encima. A partir de entonces, el <a href=\"https:\/\/www.kabelbomen.com\/es\/tienda-virtual\/mazo-de-cables-de-techo-traction-avant-11bl-11bn-hasta-1952\/\">mazo de cables de techo<\/a> trasera izquierda, cerca de la bandeja trasera. All\u00ed hay un bloque de enchufes de 3 clavijas al que se conecta el mazo de cables de las luces traseras que controla las luces traseras, las luces de freno y los intermitentes de la parte trasera derecha. Este es el mazo de cables que se ve en la imagen.<\/p>\n<p>La situaci\u00f3n posterior a 1952 es mucho mejor, por lo que la aplicamos a las Tracciones anteriores a 1952.<br \/>\nComo los modelos de hasta 1952 no ten\u00edan intermitentes, habr\u00e1 que a\u00f1adir estos cables despu\u00e9s de discutir el lugar de colocaci\u00f3n. Normalmente se colocan en el montante C, pero a veces, en aras de la originalidad, en el parachoques trasero o en el mismo alojamiento que las luces y las luces de freno del aler\u00f3n.<\/p>\n<p>&nbsp;<\/p>\n<h5><strong>Desmontaje de la tapa del maletero\u00a0<\/strong><\/h5>\n<p>Para poder desmontar la tapa del maletero sin desconectar el cableado del maletero, se ha instalado una conexi\u00f3n de enchufe en el ramal que va a la luz de la matr\u00edcula. Este es el mazo de cables que se muestra en la imagen.<br \/>\nEn todos los casos, hay cables de masa hacia las luces trasera izquierda, trasera derecha y de matr\u00edcula en el maletero.<br \/>\nUna conexi\u00f3n a tierra a trav\u00e9s de las bisagras del maletero y el pestillo de la cerradura result\u00f3 ser una conexi\u00f3n poco fiable y casi siempre daba luces intermitentes.<\/p>\n<p>&nbsp;<\/p>\n<h5><strong>Situaciones especiales<\/strong><\/h5>\n<p>Algunos Traction anteriores a 1952 tienen Jockeys en el pilar C. A menudo se instalaban antes de que el coche saliera a la carretera. Un Jockey es una combinaci\u00f3n de un indicador y una luz de estacionamiento en una carcasa. As\u00ed que en ese caso, se necesitan dos cables m\u00e1s para las luces de estacionamiento.<\/p>\n<p>Luego tenemos la ins\u00f3lita situaci\u00f3n del Traction Avant Commerciale. En su momento se utiliz\u00f3 tambi\u00e9n como cami\u00f3n y ambulancia. Debido a la ausencia de la bandeja trasera, aqu\u00ed estamos tratando con un arn\u00e9s de cableado de la luz trasera espec\u00edficamente para este modelo.<\/p>\n<p>Sin embargo, suministramos todos los mazos de cables imaginables para todos los a\u00f1os y todos los tipos de Citro\u00ebn Traction Avant, con las modificaciones personalizadas que requiera el cliente.<\/p>\n<p>Si tiene alguna pregunta o desea realizar un pedido concreto, p\u00f3ngase en contacto con <a href=\"https:\/\/www.kabelbomen.com\/es\/pongase-en-contacto-con\/\">p\u00f3ngase en contacto con<\/a> con nosotros.<\/p>","protected":false},"excerpt":{"rendered":"<p>Mazo de cables de las luces traseras, tambi\u00e9n llamado mazo de cables del maletero \/ tapa del maletero. Espec\u00edficamente para las luces traseras en el Citro\u00ebn Traction Avant 11BL o 11BN despu\u00e9s de 1952 \/ 15-Six.<\/p>\n<p>El cableado de la luz de la matr\u00edcula est\u00e1 hecho de tal manera que es f\u00e1cil de desconectar a trav\u00e9s de una conexi\u00f3n de enchufe. Esto le permite desmontar f\u00e1cilmente la tapa del maletero m\u00e1s tarde sin tener que quitar todo el cableado.<\/p>\n<p>Incluyendo los cables de tierra a las alas.<\/p>\n<p style=\"font-weight: 400;\">","protected":false},"featured_media":17066,"comment_status":"open","ping_status":"closed","template":"","meta":[],"product_brand":[],"product_cat":[56,38],"product_tag":[175,69,70,75,34,58],"hf_cat_product":[252],"class_list":{"0":"post-2608","1":"product","2":"type-product","3":"status-publish","4":"has-post-thumbnail","6":"product_cat-citroen-traction-avant","7":"product_cat-kabelbomen","8":"product_tag-achterlichtboom","9":"product_tag-citroen-traction-avant-11bl","10":"product_tag-citroen-traction-avant-11bn","11":"product_tag-citroen-traction-avant-15-six","12":"product_tag-kabelboom","13":"product_tag-kofferbak-kabelboom","14":"product_shipping_class-groot-pakket","16":"first","17":"instock","18":"taxable","19":"shipping-taxable","20":"purchasable","21":"product-type-variable","22":"has-default-attributes"},"_links":{"self":[{"href":"https:\/\/www.kabelbomen.com\/es\/wp-json\/wp\/v2\/product\/2608","targetHints":{"allow":["GET"]}}],"collection":[{"href":"https:\/\/www.kabelbomen.com\/es\/wp-json\/wp\/v2\/product"}],"about":[{"href":"https:\/\/www.kabelbomen.com\/es\/wp-json\/wp\/v2\/types\/product"}],"replies":[{"embeddable":true,"href":"https:\/\/www.kabelbomen.com\/es\/wp-json\/wp\/v2\/comments?post=2608"}],"version-history":[{"count":8,"href":"https:\/\/www.kabelbomen.com\/es\/wp-json\/wp\/v2\/product\/2608\/revisions"}],"predecessor-version":[{"id":17139,"href":"https:\/\/www.kabelbomen.com\/es\/wp-json\/wp\/v2\/product\/2608\/revisions\/17139"}],"wp:featuredmedia":[{"embeddable":true,"href":"https:\/\/www.kabelbomen.com\/es\/wp-json\/wp\/v2\/media\/17066"}],"wp:attachment":[{"href":"https:\/\/www.kabelbomen.com\/es\/wp-json\/wp\/v2\/media?parent=2608"}],"wp:term":[{"taxonomy":"product_brand","embeddable":true,"href":"https:\/\/www.kabelbomen.com\/es\/wp-json\/wp\/v2\/product_brand?post=2608"},{"taxonomy":"product_cat","embeddable":true,"href":"https:\/\/www.kabelbomen.com\/es\/wp-json\/wp\/v2\/product_cat?post=2608"},{"taxonomy":"product_tag","embeddable":true,"href":"https:\/\/www.kabelbomen.com\/es\/wp-json\/wp\/v2\/product_tag?post=2608"},{"taxonomy":"hf_cat_product","embeddable":true,"href":"https:\/\/www.kabelbomen.com\/es\/wp-json\/wp\/v2\/hf_cat_product?post=2608"}],"curies":[{"name":"wp","href":"https:\/\/api.w.org\/{rel}","templated":true}]}}