{"id":18116,"date":"2026-03-15T13:59:25","date_gmt":"2026-03-15T12:59:25","guid":{"rendered":"https:\/\/www.kabelbomen.com\/?post_type=product&#038;p=18116"},"modified":"2026-03-15T17:46:37","modified_gmt":"2026-03-15T16:46:37","slug":"personalizacion-adicional-traction-avant","status":"publish","type":"product","link":"https:\/\/www.kabelbomen.com\/es\/product\/extra-maatwerk-traction-avant\/","title":{"rendered":"Traction Avant - Ajustes espec\u00edficos de personalizaci\u00f3n"},"content":{"rendered":"<p>El precio de las modificaciones espec\u00edficas a medida se determin\u00f3 a partir de la informaci\u00f3n obtenida y las fotos facilitadas.<\/p>","protected":false},"excerpt":{"rendered":"<p>Producto para modificaciones personalizadas espec\u00edficas para mazos de cables en el Citro\u00ebn Traction Avant.<\/p>","protected":false},"featured_media":1175,"comment_status":"open","ping_status":"closed","template":"","meta":[],"product_brand":[],"product_cat":[56,38],"product_tag":[34],"hf_cat_product":[],"class_list":{"0":"post-18116","1":"product","2":"type-product","3":"status-publish","4":"has-post-thumbnail","6":"product_cat-citroen-traction-avant","7":"product_cat-kabelbomen","8":"product_tag-kabelboom","9":"product_shipping_class-groot-pakket","11":"first","12":"instock","13":"taxable","14":"shipping-taxable","15":"purchasable","16":"product-type-simple"},"_links":{"self":[{"href":"https:\/\/www.kabelbomen.com\/es\/wp-json\/wp\/v2\/product\/18116","targetHints":{"allow":["GET"]}}],"collection":[{"href":"https:\/\/www.kabelbomen.com\/es\/wp-json\/wp\/v2\/product"}],"about":[{"href":"https:\/\/www.kabelbomen.com\/es\/wp-json\/wp\/v2\/types\/product"}],"replies":[{"embeddable":true,"href":"https:\/\/www.kabelbomen.com\/es\/wp-json\/wp\/v2\/comments?post=18116"}],"version-history":[{"count":4,"href":"https:\/\/www.kabelbomen.com\/es\/wp-json\/wp\/v2\/product\/18116\/revisions"}],"predecessor-version":[{"id":18122,"href":"https:\/\/www.kabelbomen.com\/es\/wp-json\/wp\/v2\/product\/18116\/revisions\/18122"}],"wp:featuredmedia":[{"embeddable":true,"href":"https:\/\/www.kabelbomen.com\/es\/wp-json\/wp\/v2\/media\/1175"}],"wp:attachment":[{"href":"https:\/\/www.kabelbomen.com\/es\/wp-json\/wp\/v2\/media?parent=18116"}],"wp:term":[{"taxonomy":"product_brand","embeddable":true,"href":"https:\/\/www.kabelbomen.com\/es\/wp-json\/wp\/v2\/product_brand?post=18116"},{"taxonomy":"product_cat","embeddable":true,"href":"https:\/\/www.kabelbomen.com\/es\/wp-json\/wp\/v2\/product_cat?post=18116"},{"taxonomy":"product_tag","embeddable":true,"href":"https:\/\/www.kabelbomen.com\/es\/wp-json\/wp\/v2\/product_tag?post=18116"},{"taxonomy":"hf_cat_product","embeddable":true,"href":"https:\/\/www.kabelbomen.com\/es\/wp-json\/wp\/v2\/hf_cat_product?post=18116"}],"curies":[{"name":"wp","href":"https:\/\/api.w.org\/{rel}","templated":true}]}}