{"id":17957,"date":"2026-03-08T18:35:20","date_gmt":"2026-03-08T17:35:20","guid":{"rendered":"https:\/\/www.kabelbomen.com\/?post_type=product&#038;p=17957"},"modified":"2026-03-14T12:17:14","modified_gmt":"2026-03-14T11:17:14","slug":"bobina-de-encendido-modulo-de-encendido-mazo-de-cablesv2-peugeot-205-fase1","status":"publish","type":"product","link":"https:\/\/www.kabelbomen.com\/es\/product\/bobine-ontstekingsmodule-kabelboomv2-peugeot-205-fase1\/","title":{"rendered":"Mazo de cables de la bobina de encendido tipo 2 Peugeot 205 GTI \/ CTI | fase 1"},"content":{"rendered":"<p>Mazo de cables para controlar el m\u00f3dulo de encendido, la bobina y el distribuidor de potencia en el Peugeot 205 GTI \/ CTI fase 1.<\/p>\n<p>Com\u00fanmente encontrado en los modelos 205 GTI \/ CTI 1.6 con los motores XU5J (180A y 180Z). Pero tambi\u00e9n en algunos CTI descapotables con motores XU9J1 (DFZ) de 1,9 litros.<\/p>\n<p>&nbsp;<\/p>\n<h5><strong>Originalidad y calidad<\/strong><\/h5>\n<p>El mazo de cables tiene las dimensiones originales y es 100% nuevo.<\/p>\n<p>Originalmente, la clavija unipolar roja sol\u00eda ser amarilla, a veces de otro color. El amarillo no est\u00e1 disponible, por lo que utilizamos el rojo.<\/p>\n<p>Para mayor resistencia y para evitar la corrosi\u00f3n y los cortocircuitos, todas las conexiones entre el conductor de cobre y el terminal del cable se terminan con un tubo termorretr\u00e1ctil. Este es nuestro procedimiento est\u00e1ndar. Como resultado, nuestros mazos de cables se caracterizan por una vida \u00fatil muy larga y fiable.<\/p>\n<p>&nbsp;<\/p>\n<h5><strong>Diferentes versiones<\/strong><\/h5>\n<p>Existen varias versiones de este mazo de cables.<\/p>\n<p>Dividimos 2 tipos:<\/p>\n<p>Tipo 1: tiene una clavija blanca de 2 polos y una clavija negra de 1 polo.<\/p>\n<p>Tipo 2: Dispone de 1 clavija de acoplamiento bipolar blanca y 1 clavija de acoplamiento bipolar marr\u00f3n.<\/p>\n<p>\u00bfBusca una versi\u00f3n diferente a la de la foto? Entonces coja <a href=\"https:\/\/www.kabelbomen.com\/es\/pongase-en-contacto-con\/\">p\u00f3ngase en contacto con<\/a> con nosotros para que podamos discutir a trav\u00e9s de cu\u00e1l es exactamente lo que necesita. A continuaci\u00f3n, fabricaremos exactamente el adecuado para usted.<\/p>\n<p>&nbsp;<\/p>\n<h5><strong>Ubicaci\u00f3n y conexi\u00f3n del mazo de cables del m\u00f3dulo de encendido\/bobina<\/strong><\/h5>\n<p>El mazo de cables est\u00e1 conectado al mazo de cables principal en la cabina del motor a trav\u00e9s del enchufe blanco de 2 clavijas. El haz de cables controla el m\u00f3dulo de encendido y la bobina de encendido.<\/p>\n<p>&nbsp;<\/p>\n<h5><strong>Resumen de las conexiones de tipo 2<\/strong><\/h5>\n<ul>\n<li>Enchufe marr\u00f3n 2 polos | Mazo de cables de acoplamiento<\/li>\n<li>Enchufe blanco 2 polos Macho | Mazo de cables de acoplamiento<\/li>\n<li>Enchufe negro 7 polos Hembra | Conexi\u00f3n del m\u00f3dulo de encendido del amplificador<\/li>\n<li>Enchufe negro 3 polos Hembra | Encendido distribuidor de corriente<\/li>\n<li>Enchufe a cable blanco | Bobina de encendido<\/li>\n<li>Enchufe a cable azul | Bobina de encendido<\/li>\n<li>Ojal M6, cable amarillo \/ verde | Tierra<\/li>\n<\/ul>","protected":false},"excerpt":{"rendered":"<p>Mazo de cables para controlar el m\u00f3dulo de encendido, el distribuidor de potencia y la bobina en los modelos Peugeot 205 GTI \/ CTI fase 1.<\/p>\n<p>Com\u00fan en los modelos 205 GTI \/ CTI fase 1 con motores de 1,6 litros. Se comercializaron con el motor XU5J (180A y 180Z) de 105 CV y el motor XU5JA (B6D) de 115 CV.<\/p>\n<p>Tambi\u00e9n se encuentra en los modelos 205 CTI anteriores, con el motor XU9J1 (DFZ) de 1,9 litros.<\/p>\n<p>Existen varias versiones de este brazo de cable.<\/p>\n<p>Los dividimos en tipo 1 y tipo 2.<\/p>\n<p>El tipo 1 tiene 1 clavija de acoplamiento blanca de 2 polos<\/p>\n<p>El tipo 2 tiene una clavija de acoplamiento de 2 polos blanca y otra marr\u00f3n<\/p>\n<p>\u00bfBusca uno distinto al de la foto? Entonces coja <a href=\"https:\/\/www.kabelbomen.com\/es\/pongase-en-contacto-con\/\">p\u00f3ngase en contacto con<\/a> con nosotros, y fabricaremos exactamente el que necesita.<\/p>\n<p>M\u00e1s informaci\u00f3n en la descripci\u00f3n que figura a continuaci\u00f3n.<\/p>","protected":false},"featured_media":17944,"comment_status":"open","ping_status":"closed","template":"","meta":[],"product_brand":[],"product_cat":[61,38],"product_tag":[114,354,47,34,353,173,396,397,395],"hf_cat_product":[253],"class_list":{"0":"post-17957","1":"product","2":"type-product","3":"status-publish","4":"has-post-thumbnail","6":"product_cat-peugeot-205","7":"product_cat-kabelbomen","8":"product_tag-205-gti","9":"product_tag-bobine","10":"product_tag-fase-1","11":"product_tag-kabelboom","12":"product_tag-ontsteking","13":"product_tag-xu-motor","14":"product_tag-xu5j-180a-180z","15":"product_tag-xu5ja-b6d","16":"product_tag-xu9j1-dfz","18":"first","19":"instock","20":"taxable","21":"shipping-taxable","22":"purchasable","23":"product-type-variable","24":"has-default-attributes"},"_links":{"self":[{"href":"https:\/\/www.kabelbomen.com\/es\/wp-json\/wp\/v2\/product\/17957","targetHints":{"allow":["GET"]}}],"collection":[{"href":"https:\/\/www.kabelbomen.com\/es\/wp-json\/wp\/v2\/product"}],"about":[{"href":"https:\/\/www.kabelbomen.com\/es\/wp-json\/wp\/v2\/types\/product"}],"replies":[{"embeddable":true,"href":"https:\/\/www.kabelbomen.com\/es\/wp-json\/wp\/v2\/comments?post=17957"}],"version-history":[{"count":4,"href":"https:\/\/www.kabelbomen.com\/es\/wp-json\/wp\/v2\/product\/17957\/revisions"}],"predecessor-version":[{"id":18106,"href":"https:\/\/www.kabelbomen.com\/es\/wp-json\/wp\/v2\/product\/17957\/revisions\/18106"}],"wp:featuredmedia":[{"embeddable":true,"href":"https:\/\/www.kabelbomen.com\/es\/wp-json\/wp\/v2\/media\/17944"}],"wp:attachment":[{"href":"https:\/\/www.kabelbomen.com\/es\/wp-json\/wp\/v2\/media?parent=17957"}],"wp:term":[{"taxonomy":"product_brand","embeddable":true,"href":"https:\/\/www.kabelbomen.com\/es\/wp-json\/wp\/v2\/product_brand?post=17957"},{"taxonomy":"product_cat","embeddable":true,"href":"https:\/\/www.kabelbomen.com\/es\/wp-json\/wp\/v2\/product_cat?post=17957"},{"taxonomy":"product_tag","embeddable":true,"href":"https:\/\/www.kabelbomen.com\/es\/wp-json\/wp\/v2\/product_tag?post=17957"},{"taxonomy":"hf_cat_product","embeddable":true,"href":"https:\/\/www.kabelbomen.com\/es\/wp-json\/wp\/v2\/hf_cat_product?post=17957"}],"curies":[{"name":"wp","href":"https:\/\/api.w.org\/{rel}","templated":true}]}}