{"id":17198,"date":"2025-08-23T12:05:55","date_gmt":"2025-08-23T10:05:55","guid":{"rendered":"https:\/\/www.kabelbomen.com\/?post_type=product&#038;p=17198"},"modified":"2026-03-19T10:45:37","modified_gmt":"2026-03-19T09:45:37","slug":"peugeot-205-caja-de-fusibles-reformada","status":"publish","type":"product","link":"https:\/\/www.kabelbomen.com\/es\/product\/zekeringskast-peugeot-205-refurbished\/","title":{"rendered":"Peugeot 205\/309 caja de fusibles - Reacondicionado"},"content":{"rendered":"<p>Caja de fusibles \/ caja de rel\u00e9s original DAV reacondicionada para el Peugeot 205 y 309.<\/p>\n<p>Se puede encontrar en todos los Peugeot 205 y 309 y varios otros coches de los a\u00f1os 80 y 90.<\/p>\n<p>El precio es sin fusibles ni rel\u00e9s. Espec\u00edficamente a petici\u00f3n, podemos suministrar con fusibles y rel\u00e9s si es necesario.<\/p>\n<p>&nbsp;<\/p>\n<h5><strong>Original<\/strong><\/h5>\n<p>Esta es una caja de fusibles original DAV en muy buenas condiciones.<\/p>\n<p>&nbsp;<\/p>\n<h5><strong>Localizaci\u00f3n y funci\u00f3n<\/strong><\/h5>\n<p>Situada en el lado del conductor debajo del volante, la caja de fusibles funde todos los componentes el\u00e9ctricos del Peugeot 205 y peugeot 309 y otros modelos. Tambi\u00e9n prev\u00e9 la colocaci\u00f3n de varios rel\u00e9s. Para LHD y RHD.<\/p>\n<p>&nbsp;<\/p>\n<h5><strong>Aplicaci\u00f3n<\/strong><\/h5>\n<p>Existen 3 tipos de versiones de cajas de fusibles en circulaci\u00f3n.<\/p>\n<ul>\n<li>Versi\u00f3n 1 con 13 posiciones de fusible. No se puede insertar ning\u00fan fusible en la 14\u00aa posici\u00f3n. All\u00ed no hay clavijas de contacto.<\/li>\n<li>Versi\u00f3n 2 con 13 posiciones de fusibles. Igual que la versi\u00f3n 1 pero con un clip met\u00e1lico especial en la parte delantera para su fijaci\u00f3n (montado hasta noviembre de 1987 aproximadamente).<\/li>\n<li>Versi\u00f3n 3 con 14 posiciones de fusibles, las 14 conectadas internamente. Se PUEDE colocar un fusible en la 14\u00aa posici\u00f3n. Las clavijas de contacto est\u00e1n claramente presentes.<\/li>\n<\/ul>\n<p>&nbsp;<\/p>\n<p>Puede ver f\u00e1cilmente qu\u00e9 tipo tiene. Si la posici\u00f3n de fusible m\u00e1s a la derecha (posici\u00f3n 14) contiene un fusible, entonces tiene la versi\u00f3n 3 con 14 fusibles. Si no hay fusible, compruebe las patillas de contacto. Si ve clavijas de cobre en la posici\u00f3n 14, tiene la versi\u00f3n 3. Si no hay clavijas, tiene la versi\u00f3n 1.<\/p>\n<p>Tenemos ambas versiones disponibles. Ambas versiones son tanto para LHD y RHD.<\/p>\n<p>Tras su compra, nos pondremos en contacto con usted para confirmarle qu\u00e9 tipo tiene.<\/p>\n<p>&nbsp;<\/p>","protected":false},"excerpt":{"rendered":"<p>Caja de fusibles \/ caja de rel\u00e9s original DAV reacondicionada para el Peugeot 205 y el Peugeot 309. Situado en el lado del conductor debajo del engranaje de direcci\u00f3n. Para LHD y RHD.<\/p>\n<p>Tambi\u00e9n se aplica en varios otros coches.<\/p>\n<p>Se suministra sin fusibles ni rel\u00e9s. Puede suministrarse con fusibles y rel\u00e9s bajo pedido.<\/p>\n<p>La capucha negra puede pedirse por separado por 15 \u20ac.<\/p>\n<p>Elija a continuaci\u00f3n la versi\u00f3n que desee:<\/p>\n<p>Versi\u00f3n 1: Tiene 14 posiciones, pero s\u00f3lo 13 son adecuadas para un fusible. La \u00faltima posici\u00f3n no tiene clavijas de contacto.<\/p>\n<p>Versi\u00f3n 2: Es la misma que la versi\u00f3n 1, pero con un clip met\u00e1lico en la parte delantera. Se instal\u00f3 en el 205 hasta noviembre de 1987 aproximadamente. \u00a1Tenemos estos muy escasos en stock!<\/p>\n<p>Versi\u00f3n 3: Esta tiene en la posici\u00f3n 14 Pines de contacto WELL, que es donde normalmente se encuentra un fusible.<\/p>\n<p>Para m\u00e1s informaci\u00f3n, consulte la descripci\u00f3n que figura a continuaci\u00f3n.<\/p>","protected":false},"featured_media":17744,"comment_status":"open","ping_status":"closed","template":"","meta":[],"product_brand":[],"product_cat":[61,187,369],"product_tag":[114,383,47,48,46,185,173,312,372],"hf_cat_product":[375],"class_list":{"0":"post-17198","1":"product","2":"type-product","3":"status-publish","4":"has-post-thumbnail","6":"product_cat-peugeot-205","7":"product_cat-peugeot-309","8":"product_cat-zekeringskast","9":"product_tag-205-gti","10":"product_tag-383","11":"product_tag-fase-1","12":"product_tag-fase-1-5","13":"product_tag-fase-2","14":"product_tag-tu-motor","15":"product_tag-xu-motor","16":"product_tag-xy-motor","17":"product_tag-zekeringskasten","19":"first","20":"instock","21":"purchasable","22":"product-type-variable","23":"has-default-attributes"},"_links":{"self":[{"href":"https:\/\/www.kabelbomen.com\/es\/wp-json\/wp\/v2\/product\/17198","targetHints":{"allow":["GET"]}}],"collection":[{"href":"https:\/\/www.kabelbomen.com\/es\/wp-json\/wp\/v2\/product"}],"about":[{"href":"https:\/\/www.kabelbomen.com\/es\/wp-json\/wp\/v2\/types\/product"}],"replies":[{"embeddable":true,"href":"https:\/\/www.kabelbomen.com\/es\/wp-json\/wp\/v2\/comments?post=17198"}],"version-history":[{"count":24,"href":"https:\/\/www.kabelbomen.com\/es\/wp-json\/wp\/v2\/product\/17198\/revisions"}],"predecessor-version":[{"id":18017,"href":"https:\/\/www.kabelbomen.com\/es\/wp-json\/wp\/v2\/product\/17198\/revisions\/18017"}],"wp:featuredmedia":[{"embeddable":true,"href":"https:\/\/www.kabelbomen.com\/es\/wp-json\/wp\/v2\/media\/17744"}],"wp:attachment":[{"href":"https:\/\/www.kabelbomen.com\/es\/wp-json\/wp\/v2\/media?parent=17198"}],"wp:term":[{"taxonomy":"product_brand","embeddable":true,"href":"https:\/\/www.kabelbomen.com\/es\/wp-json\/wp\/v2\/product_brand?post=17198"},{"taxonomy":"product_cat","embeddable":true,"href":"https:\/\/www.kabelbomen.com\/es\/wp-json\/wp\/v2\/product_cat?post=17198"},{"taxonomy":"product_tag","embeddable":true,"href":"https:\/\/www.kabelbomen.com\/es\/wp-json\/wp\/v2\/product_tag?post=17198"},{"taxonomy":"hf_cat_product","embeddable":true,"href":"https:\/\/www.kabelbomen.com\/es\/wp-json\/wp\/v2\/hf_cat_product?post=17198"}],"curies":[{"name":"wp","href":"https:\/\/api.w.org\/{rel}","templated":true}]}}