{"id":17176,"date":"2025-08-23T10:39:41","date_gmt":"2025-08-23T08:39:41","guid":{"rendered":"https:\/\/www.kabelbomen.com\/?post_type=product&#038;p=17176"},"modified":"2026-03-28T16:50:34","modified_gmt":"2026-03-28T15:50:34","slug":"caja-de-fusibles-motor-peugeot-205","status":"publish","type":"product","link":"https:\/\/www.kabelbomen.com\/es\/product\/zekeringkastje-motorcabine-peugeot-205\/","title":{"rendered":"Peugeot 205 caja de fusibles (motor cabina) - Reacondicionado"},"content":{"rendered":"<p>Caja de fusibles original para el Peugeot 205, revisada por nosotros mismos.<\/p>\n<p>La caja de fusibles est\u00e1 en perfectas condiciones, totalmente tratada por dentro y por fuera, con nuevos tornillos y tuercas de acero inoxidable.<\/p>\n<p>Se puede encontrar en casi todos los Peugeot 205 y en varios otros coches de los a\u00f1os 80 y 90.<\/p>\n<p>&nbsp;<\/p>\n<h5><strong>Original<\/strong><\/h5>\n<p>Se trata de una caja de fusibles original en muy limpio casi nuevo estado. Completamente sido aparte para la revisi\u00f3n. Fusibles incluidos.<\/p>\n<p>&nbsp;<\/p>\n<h5><strong>Localizaci\u00f3n y funci\u00f3n<\/strong><\/h5>\n<p>La caja de fusibles se encuentra en el compartimento del motor, antes de la bater\u00eda. Distribuye los <a href=\"https:\/\/www.kabelbomen.com\/es\/etiqueta-producto\/juego-de-cables-de-alimentacion-principal\/\" target=\"_blank\" rel=\"noopener\">cable de alimentaci\u00f3n principal<\/a> del borne positivo de la bater\u00eda y sirve, entre otras cosas, para accionar los ventiladores de refrigeraci\u00f3n del radiador.<\/p>\n<p>&nbsp;<\/p>\n<h5><strong>Aplicaci\u00f3n<\/strong><\/h5>\n<p>Existen 2 tipos de versiones de cajas de fusibles en circulaci\u00f3n. Una caja de tipo peque\u00f1o y otra de tipo grande. Disponemos de ambas versiones. Elija la versi\u00f3n correcta arriba.<\/p>\n<p>&nbsp;<\/p>\n<h5><strong>Fusible<\/strong><\/h5>\n<p>En la p\u00e1gina de pago, puede indicar qu\u00e9 fusibles desea recibir en el campo de notas, si es necesario.<\/p>","protected":false},"excerpt":{"rendered":"<p>Original, completamente revisado por nosotros mismos caja de fusibles para el Peugeot 205. Situada en el compartimento del motor antes de la bater\u00eda. Sirve para distribuir el cable de alimentaci\u00f3n principal que viene del terminal positivo de la bater\u00eda y fusibles de los ventiladores de refrigeraci\u00f3n en el radiador, entre otras cosas.<\/p>\n<p>Tambi\u00e9n se aplica en varios otros coches.<\/p>\n<p>La caja de fusibles est\u00e1 en perfecto estado, reformada por dentro y por fuera, con tornillos y tuercas nuevos de acero inoxidable.<\/p>\n<p>Viene con fusibles.<\/p>\n<p>Elija la caja de fusibles peque\u00f1a o grande.<\/p>\n<p>Puede consultar m\u00e1s informaci\u00f3n en la descripci\u00f3n que figura a continuaci\u00f3n.<\/p>","protected":false},"featured_media":17188,"comment_status":"open","ping_status":"closed","template":"","meta":[],"product_brand":[],"product_cat":[61,369],"product_tag":[114,47,48,46,185,173,312,372],"hf_cat_product":[375],"class_list":{"0":"post-17176","1":"product","2":"type-product","3":"status-publish","4":"has-post-thumbnail","6":"product_cat-peugeot-205","7":"product_cat-zekeringskast","8":"product_tag-205-gti","9":"product_tag-fase-1","10":"product_tag-fase-1-5","11":"product_tag-fase-2","12":"product_tag-tu-motor","13":"product_tag-xu-motor","14":"product_tag-xy-motor","15":"product_tag-zekeringskasten","17":"first","18":"instock","19":"purchasable","20":"product-type-variable","21":"has-default-attributes"},"_links":{"self":[{"href":"https:\/\/www.kabelbomen.com\/es\/wp-json\/wp\/v2\/product\/17176","targetHints":{"allow":["GET"]}}],"collection":[{"href":"https:\/\/www.kabelbomen.com\/es\/wp-json\/wp\/v2\/product"}],"about":[{"href":"https:\/\/www.kabelbomen.com\/es\/wp-json\/wp\/v2\/types\/product"}],"replies":[{"embeddable":true,"href":"https:\/\/www.kabelbomen.com\/es\/wp-json\/wp\/v2\/comments?post=17176"}],"version-history":[{"count":12,"href":"https:\/\/www.kabelbomen.com\/es\/wp-json\/wp\/v2\/product\/17176\/revisions"}],"predecessor-version":[{"id":18379,"href":"https:\/\/www.kabelbomen.com\/es\/wp-json\/wp\/v2\/product\/17176\/revisions\/18379"}],"wp:featuredmedia":[{"embeddable":true,"href":"https:\/\/www.kabelbomen.com\/es\/wp-json\/wp\/v2\/media\/17188"}],"wp:attachment":[{"href":"https:\/\/www.kabelbomen.com\/es\/wp-json\/wp\/v2\/media?parent=17176"}],"wp:term":[{"taxonomy":"product_brand","embeddable":true,"href":"https:\/\/www.kabelbomen.com\/es\/wp-json\/wp\/v2\/product_brand?post=17176"},{"taxonomy":"product_cat","embeddable":true,"href":"https:\/\/www.kabelbomen.com\/es\/wp-json\/wp\/v2\/product_cat?post=17176"},{"taxonomy":"product_tag","embeddable":true,"href":"https:\/\/www.kabelbomen.com\/es\/wp-json\/wp\/v2\/product_tag?post=17176"},{"taxonomy":"hf_cat_product","embeddable":true,"href":"https:\/\/www.kabelbomen.com\/es\/wp-json\/wp\/v2\/hf_cat_product?post=17176"}],"curies":[{"name":"wp","href":"https:\/\/api.w.org\/{rel}","templated":true}]}}