{"id":9146,"date":"2021-08-29T12:19:45","date_gmt":"2021-08-29T10:19:45","guid":{"rendered":"https:\/\/www.kabelbomen.com\/?post_type=product&#038;p=9146"},"modified":"2026-03-15T11:33:48","modified_gmt":"2026-03-15T10:33:48","slug":"armaturenbrett-kabelbaum-traktion-avant-15-sechs","status":"publish","type":"product","link":"https:\/\/www.kabelbomen.com\/de\/product\/dashboard-kabelboom-traction-avant-15-six\/","title":{"rendered":"Kabelbaum f\u00fcr das Armaturenbrett Traction Avant 15-Six Jan '46 - Juni '52"},"content":{"rendered":"<p>Der Citro\u00ebn Traction Avant 15 Six hatte urspr\u00fcnglich Standlichter an den vorderen Kotfl\u00fcgeln, aber keine Blinker.<br \/>\nDie Position des RAW-Schalters in der Instrumententafel muss mit dem Kunden abgestimmt werden, damit die Verkabelung an der richtigen Stelle aus dem Backbone herauskommt.<br \/>\nDie Blinker k\u00f6nnen anstelle des Standlichts angebracht werden, wie es ab 1952 bei der Einf\u00fchrung des Kofferraums der Fall war.<\/p>\n<p>Wenn Sie diese Standlichter aus Gr\u00fcnden der Originalit\u00e4t beibehalten wollen, k\u00f6nnen die vorderen Blinker z. B. an der Sto\u00dfstange angebracht werden.<br \/>\nDies erfordert nat\u00fcrlich Anpassungen, d. h. das Hinzuf\u00fcgen von Kabeln im Kabelbaum des Armaturenbretts.<\/p>\n<p>Bei hinteren Fahrtrichtungsanzeigern m\u00fcssen die Dr\u00e4hte auch in der <a href=\"https:\/\/www.kabelbomen.com\/de\/webshop\/dach-kabelbaum-traktion-avant-11bl-11bn-nach-1952-und-15-six\/\">Dachkabelbaum<\/a> und die <a href=\"https:\/\/www.kabelbomen.com\/de\/webshop\/kabelbaum-kofferraum-traction-avant-11bl-oder-11bn-nach-52-15-six\/\">Stammbaum<\/a>.<br \/>\nNachdem Sie Ihre Bestellung aufgegeben haben, werden wir uns immer mit Ihnen in Verbindung setzen, um alles zu besprechen. Auf diese Weise k\u00f6nnen wir den korrekten Kabelbaum f\u00fcr Ihr Modell mit 100% sicherstellen, eventuell mit zus\u00e4tzlichen Erg\u00e4nzungen nach Bedarf.<\/p>\n<p>Wir liefern alle denkbaren <a href=\"https:\/\/www.kabelbomen.com\/de\/produktkategorie\/citroen-traction-avant\/\">Kabelb\u00e4ume f\u00fcr alle Jahre und alle Typen von Citro\u00ebn Traction Avant<\/a>mit allen vom Kunden gew\u00fcnschten Anpassungen.<\/p>\n<p>Bei Fragen oder einer konkreten Bestellung k\u00f6nnen Sie <a href=\"https:\/\/www.kabelbomen.com\/de\/kontakt\/\">kontaktieren<\/a>\u00a0Sie uns nach den M\u00f6glichkeiten.<\/p>","protected":false},"excerpt":{"rendered":"<p>Kabelbaum f\u00fcr das Armaturenbrett f\u00fcr Citro\u00ebn Traction Avant 15 Six.<\/p>\n<p>Durchgef\u00fchrt von Januar 1946 bis Juni 1952.<\/p>\n<p>Auch Sechserrad genannt.<\/p>","protected":false},"featured_media":9166,"comment_status":"open","ping_status":"closed","template":"","meta":[],"product_brand":[],"product_cat":[56,38],"product_tag":[75,62,34],"hf_cat_product":[252],"class_list":{"0":"post-9146","1":"product","2":"type-product","3":"status-publish","4":"has-post-thumbnail","6":"product_cat-citroen-traction-avant","7":"product_cat-kabelbomen","8":"product_tag-citroen-traction-avant-15-six","9":"product_tag-dashboardboom","10":"product_tag-kabelboom","11":"product_shipping_class-groot-pakket","13":"first","14":"instock","15":"taxable","16":"shipping-taxable","17":"purchasable","18":"product-type-simple"},"_links":{"self":[{"href":"https:\/\/www.kabelbomen.com\/de\/wp-json\/wp\/v2\/product\/9146","targetHints":{"allow":["GET"]}}],"collection":[{"href":"https:\/\/www.kabelbomen.com\/de\/wp-json\/wp\/v2\/product"}],"about":[{"href":"https:\/\/www.kabelbomen.com\/de\/wp-json\/wp\/v2\/types\/product"}],"replies":[{"embeddable":true,"href":"https:\/\/www.kabelbomen.com\/de\/wp-json\/wp\/v2\/comments?post=9146"}],"version-history":[{"count":6,"href":"https:\/\/www.kabelbomen.com\/de\/wp-json\/wp\/v2\/product\/9146\/revisions"}],"predecessor-version":[{"id":17004,"href":"https:\/\/www.kabelbomen.com\/de\/wp-json\/wp\/v2\/product\/9146\/revisions\/17004"}],"wp:featuredmedia":[{"embeddable":true,"href":"https:\/\/www.kabelbomen.com\/de\/wp-json\/wp\/v2\/media\/9166"}],"wp:attachment":[{"href":"https:\/\/www.kabelbomen.com\/de\/wp-json\/wp\/v2\/media?parent=9146"}],"wp:term":[{"taxonomy":"product_brand","embeddable":true,"href":"https:\/\/www.kabelbomen.com\/de\/wp-json\/wp\/v2\/product_brand?post=9146"},{"taxonomy":"product_cat","embeddable":true,"href":"https:\/\/www.kabelbomen.com\/de\/wp-json\/wp\/v2\/product_cat?post=9146"},{"taxonomy":"product_tag","embeddable":true,"href":"https:\/\/www.kabelbomen.com\/de\/wp-json\/wp\/v2\/product_tag?post=9146"},{"taxonomy":"hf_cat_product","embeddable":true,"href":"https:\/\/www.kabelbomen.com\/de\/wp-json\/wp\/v2\/hf_cat_product?post=9146"}],"curies":[{"name":"wp","href":"https:\/\/api.w.org\/{rel}","templated":true}]}}