{"id":9053,"date":"2021-08-18T18:28:50","date_gmt":"2021-08-18T16:28:50","guid":{"rendered":"https:\/\/www.kabelbomen.com\/?post_type=product&#038;p=9053"},"modified":"2026-04-14T12:30:19","modified_gmt":"2026-04-14T10:30:19","slug":"batteriekabelsatz-peugeot-205-tu-motor-phase-1","status":"publish","type":"product","link":"https:\/\/www.kabelbomen.com\/de\/product\/accukabelset-peugeot-205-tu-motor\/","title":{"rendered":"Batteriekabelsatz - Peugeot 205 mit TU-Motor"},"content":{"rendered":"<p>Dieser Hauptstromkabel- und Batteriekabelsatz f\u00fcr den Peugeot 205 ersetzt Ihre abgenutzten Batteriekabel und ist eine sofortige und sehr gute Aufr\u00fcstung des Stromkreises. Er sorgt f\u00fcr den Stromfluss zwischen der Lichtmaschine, dem Anlasser, dem Pluspol der Batterie, dem kleinen Sicherungskasten an der Batterie, dem Motorblock, der Karosserie und dem Minuspol der Batterie.<\/p>\n<p>Sieht so gut aus wie das Original, hat aber den Vorteil eines deutlich besseren Stromdurchsatzes durch den dickeren Kupferdurchmesser und die hochwertigen Kabelschuhe.<\/p>\n<p>Die Rippenrohrisolierung \u00fcber dem roten Kabel zwischen Lichtmaschine und Anlasser hat einen offenen Schlitz, der es erm\u00f6glicht, vorhandene Leitungen im Motorraum in das B\u00fcndel aufzunehmen.<\/p>\n<p>Gilt auch f\u00fcr viele andere 205 Versionen. Zumindest die TU-Motoren. Die<a href=\"https:\/\/www.kabelbomen.com\/de\/webshop\/batteriekabelsatz-peugeot-205-gti-cti\/\"> Batteriekabelsatz f\u00fcr den Peugeot 205 GTI \/ CTI mit XU Motoren finden Sie hier<\/a>.<\/p>\n<p>&nbsp;<\/p>\n<p><strong>Ab M\u00e4rz 2026 liefern wir nun auch diesen positiven Batteriekabelbaum komplett mit den Sensorkabeln. <\/strong><\/p>\n<p><a href=\"https:\/\/www.kabelbomen.com\/de\/produkt\/batterie-kabelstrang-plus-komplett-peugeot-205-mit-tu-motor\/\" target=\"_blank\" rel=\"noopener\"><strong>&gt; Suchen Sie hier den positiven Batteriekabelbaum inklusive Sensorkabel f\u00fcr den Peugeot 205 mit TU-Motor.<\/strong><\/a><\/p>\n<p>&nbsp;<\/p>\n<h5><strong>Unterschied zwischen Phase 1.5 und Phase 2 der Batteriekabel f\u00fcr den Peugeot 205<\/strong><\/h5>\n<p>Der Unterschied zwischen Phase 1.5 und Phase 2 besteht nur in der L\u00e4nge des gr\u00fcn\/gelben Massekabels zum Geh\u00e4use. F\u00fcr die Phase 1.5 war diese urspr\u00fcnglich ab Werk an einer Schraube M6 hinter der Batterie in der N\u00e4he der Spule angeschlossen. Dieses Kabel ist etwa 15 cm k\u00fcrzer als in Phase 2, in der das gr\u00fcn-gelbe Massekabel mit einer Schraube M6 an der Karosserie zwischen der Strebe und der Wischwasserwanne verbunden war. Der Peugeot 205 Stufe 1.5 wurde von November 1987 bis Juli 1990 ausgeliefert. Die Produktion des Peugeot 205 Phase 2 begann im August 1990.<\/p>\n<p>Sie k\u00f6nnen Ihre Version auch anhand der Position der Z\u00fcndspule bestimmen. Wenn Ihre Z\u00fcndspule ein kleiner schwarzer Block in der Mitte des Ansaugkr\u00fcmmers ist, haben Sie eine Phase 2. Befindet sich die Z\u00fcndspule hinter der Batterie, neben dem Federbein, haben Sie eine Phase 1,5. Sind Sie an einem Batteriekabelsatz f\u00fcr Phase 1 interessiert? Bitte <a href=\"https:\/\/www.kabelbomen.com\/de\/kontakt\/\">kontaktieren<\/a> Sie uns nach den M\u00f6glichkeiten.<\/p>\n<p>&nbsp;<\/p>\n<h5><strong>Fehlfunktionen durch abgenutzte (zu d\u00fcnne) Batteriekabel im 205<\/strong><\/h5>\n<p>Das Problem beim 205 ist, dass die alten Kabel nicht dick genug sind, um die Ausgangsspannung der Lichtmaschine von 14,4 Volt ohne Spannungsverlust \u00fcber die Batterie zu liefern. Besonders bei starker elektrischer Beanspruchung durch z.B. Licht, L\u00fcfter oder noch schlimmer, einen starken Verst\u00e4rker, f\u00e4llt die Spannung der alten Kabel leicht unter 13 Volt. In diesem Moment wird Ihr Akku nicht mehr aufgeladen. Alternde Kabel im Stromkreislauf und oft auch Korrosion verschlimmern diese Situation noch. Heutige Batterien ben\u00f6tigen die 14 Volt der Lichtmaschine, um ordnungsgem\u00e4\u00df geladen zu werden und in gutem Zustand zu bleiben.<\/p>\n<p>Aufgrund des Leistungsverlustes der alten, abgenutzten, d\u00fcnnen Batteriekabel im 205 treten regelm\u00e4\u00dfig die unten aufgef\u00fchrten Fehler auf:<\/p>\n<ul>\n<li>Schlechter Start<\/li>\n<li>Akku wird nicht oder kaum aufgeladen<\/li>\n<li>Startunf\u00e4higkeit nach nur wenigen Tagen des Stillstands<\/li>\n<li>Langsam laufende Abstreifer<\/li>\n<li>Ventilatoren laufen nicht mit voller Geschwindigkeit<\/li>\n<li>Schwache Beleuchtung<\/li>\n<li>Schwaches Horn<\/li>\n<li>Verbraucher wie Lichter und Ventilatoren, die zu den B\u00e4ssen der Musik tanzen<\/li>\n<li>Funkausfall durch zu starken Spannungsabfall<\/li>\n<li>Elektrische Fenster, die sich langsam \u00f6ffnen<\/li>\n<li>Spannungseinbr\u00fcche bei Beleuchtung oder Ventilator, wenn andere Verbraucher eingeschaltet sind<\/li>\n<li>Schlechte Kraftstoffversorgung<\/li>\n<li>Schwache Entz\u00fcndung<\/li>\n<li>Motorschaden<\/li>\n<li>Kurze Lebensdauer der Batterie<\/li>\n<li>usw.<\/li>\n<\/ul>\n<p>&nbsp;<\/p>\n<p>Vor allem beim Einbau eines Audioverst\u00e4rkers oder anderer besonders gro\u00dfer Verbraucher reichen die Originalkabel nicht aus und es kommt garantiert zu den oben genannten Problemen.<\/p>\n<p>Mit unseren Batteriekabeln messen Sie die Ausgangsspannung der Lichtmaschine ohne Spannungsabfall an der Batterie. Je nach Ladesituation sind das in der Regel 14 - 14,4 Volt.<\/p>\n<p>&nbsp;<\/p>\n<h5><strong>Vorteile unserer Batteriekabel gegen\u00fcber Ihren alten d\u00fcnnen Batteriekabeln<\/strong><\/h5>\n<ul>\n<li>Bessere Ladung, Zustand und Lebensdauer der Batterie<\/li>\n<li>Das Auto kann l\u00e4nger ohne Startprobleme stehen bleiben<\/li>\n<li>Besseres Anfahren durch mehr Leistung des Anlassers<\/li>\n<li>St\u00e4rkere Scheibenwischer<\/li>\n<li>Elektrische Fensterheber funktionieren besser<\/li>\n<li>H\u00f6here Bordspannung<\/li>\n<li>Keine Spannungseinbr\u00fcche bei Belastung durch Licht, L\u00fcfter, Lautsprecher usw.<\/li>\n<li>Unerl\u00e4sslich, wenn schwere Verbraucher wie z.B. ein Verst\u00e4rker installiert werden<\/li>\n<li>Die Basis Ihres Stromkreises ist wieder in bestem Zustand<\/li>\n<\/ul>\n<p>&nbsp;<\/p>\n<p>Unsere Batteriekabel haben einen hochwertigen, abriebfesten Isoliermantel, der auch vor Hitze, Schmutz, S\u00e4ure und Fl\u00fcssigkeiten wie Kraftstoff, \u00d6l und K\u00fchlfl\u00fcssigkeit sch\u00fctzt. Die Kabelschuhe sind hochbelastbar f\u00fcr einen optimalen Stromfluss. F\u00fcr eine besonders sichere und zuverl\u00e4ssige Verbindung werden die Kabelschuhe mit einer Hydraulikzange angezogen.<\/p>\n<p>Die Kabelschuhe sind zum Schutz vor Korrosion mit einem Schrumpfschlauch versehen. Als zus\u00e4tzlicher Schutz gegen Hitze und Verschlei\u00df ist der Mantel an den notwendigen Stellen mit Isolierringschl\u00e4uchen versehen, genau wie beim Original.<\/p>\n<p>Wir verwenden die Kabel in Originalgr\u00f6\u00dfe und -farbe. Der Batteriekabelsatz ist plug n play und hat eine lange Lebensdauer, die Sie lange und zuverl\u00e4ssig wieder auf die Stra\u00dfe bringen wird.<\/p>\n<p>&nbsp;<\/p>\n<h5><strong>Der Batteriekabelsatz besteht aus den folgenden Teilen<\/strong><\/h5>\n<p><strong>Positiver Batteriekabelbaum:<\/strong><\/p>\n<ul>\n<li>Batteriekabel rot zwischen Lichtmaschine und Anlasser<\/li>\n<li>Isolierabdeckung f\u00fcr den Anschluss an die Lichtmaschine<\/li>\n<li>Batteriekabel schwarz zwischen Anlasser und Pluspol der Batterie<\/li>\n<li>Isolierabdeckung f\u00fcr den Anschluss an den Anlasser<\/li>\n<li>Batterieklemme Pluspol<\/li>\n<li>Isolierabdeckung Batteriepol plus Pol<\/li>\n<li>Batteriekabel gelb zwischen Pluspol und kleinem Sicherungskasten<\/li>\n<\/ul>\n<p>&nbsp;<\/p>\n<p><strong>Negativer Batteriekabelbaum:<\/strong><\/p>\n<ul>\n<li>Massekabel grau zwischen Batterieminuspol und Motorblock<\/li>\n<li>Gelbes\/gr\u00fcnes Massekabel zwischen Batterieminuspol und Karosserie<\/li>\n<li>Batterieklemme Minuspol mit Fl\u00fcgelmutter<\/li>\n<\/ul>\n<p>&nbsp;<\/p>\n<p>Alles ist vormontiert, sodass das Kabel sofort plug-and-play-f\u00e4hig ist.<\/p>\n<p>&nbsp;<\/p>\n<h5><strong>Batteriepoltyp (ab November 2023)<\/strong><\/h5>\n<p>Die Masse-Batteriekabel werden jetzt standardm\u00e4\u00dfig mit einer Batterieklemme mit Fl\u00fcgelmutter geliefert, wie auf dem Foto unten zu sehen ist. Bevorzugen Sie eine direkte Batterieklemme? Geben Sie dies bitte im Notizfeld auf der Checkout-Seite an.<\/p>\n<p><img fetchpriority=\"high\" decoding=\"async\" class=\"alignnone wp-image-13547\" src=\"https:\/\/www.kabelbomen.com\/wp-content\/uploads\/2023\/07\/20230705_152519-1024x1024.jpg\" alt=\"Batteriepol Minuspol mit Fl\u00fcgelmutter (abnehmbar) auf Masse Batteriekabelsatz f\u00fcr Peugeot 205 - Schram Kabelbomen Service\" width=\"300\" height=\"300\" srcset=\"https:\/\/www.kabelbomen.com\/wp-content\/uploads\/2023\/07\/20230705_152519-1024x1024.jpg 1024w, https:\/\/www.kabelbomen.com\/wp-content\/uploads\/2023\/07\/20230705_152519-scaled-1500x1500.jpg 1500w, https:\/\/www.kabelbomen.com\/wp-content\/uploads\/2023\/07\/20230705_152519-scaled-100x100.jpg 100w, https:\/\/www.kabelbomen.com\/wp-content\/uploads\/2023\/07\/20230705_152519-300x300.jpg 300w, https:\/\/www.kabelbomen.com\/wp-content\/uploads\/2023\/07\/20230705_152519-150x150.jpg 150w, https:\/\/www.kabelbomen.com\/wp-content\/uploads\/2023\/07\/20230705_152519-768x768.jpg 768w, https:\/\/www.kabelbomen.com\/wp-content\/uploads\/2023\/07\/20230705_152519-1536x1536.jpg 1536w, https:\/\/www.kabelbomen.com\/wp-content\/uploads\/2023\/07\/20230705_152519-2048x2048.jpg 2048w, https:\/\/www.kabelbomen.com\/wp-content\/uploads\/2023\/07\/20230705_152519-12x12.jpg 12w\" sizes=\"(max-width: 300px) 100vw, 300px\" \/><\/p>\n<p>&nbsp;<\/p>\n<h5><strong>Isolierkappen<\/strong><\/h5>\n<p>Standardm\u00e4\u00dfig liefern wir eine rote Isolierkappe f\u00fcr den Batterie-Pluspol und schwarze Isolierkappen f\u00fcr die Lichtmaschine und den Anlasser. Urspr\u00fcnglich wurden jedoch nur schwarze Kappen geliefert. M\u00f6chten Sie lieber alle schwarzen oder alle roten Kappen? Kein Problem, schreiben Sie uns Ihre W\u00fcnsche in das Notizfeld auf der Bestellseite oder kontaktieren Sie uns.<\/p>\n<p>&nbsp;<\/p>\n<h5><strong>Personalisierung<\/strong><\/h5>\n<p>Ben\u00f6tigen Sie eine bestimmte \u00c4nderung im Batteriekabelsatz? Kein Problem, wir k\u00f6nnen die notwendigen Anpassungen vornehmen. Wenn Sie nur eine andere Kombination von Isolierkappenfarben w\u00fcnschen, teilen Sie uns dies bitte im Kommentarfeld auf der Bestellseite mit. Wenn Sie andere spezifische Anpassungen w\u00fcnschen, bitte <a href=\"https:\/\/www.kabelbomen.com\/de\/kontakt\/\">kontaktieren<\/a> Sie uns nach den M\u00f6glichkeiten.<\/p>\n<p>Der Wechselstromkabelsatz kann auch f\u00fcr viele andere 205er Modelle verwendet werden, vorausgesetzt, Lichtmaschine und Anlasser befinden sich (ungef\u00e4hr) an der gleichen Stelle.<\/p>\n<p>Wir liefern auch neue Batteriekabels\u00e4tze f\u00fcr alle anderen Typen von 205ern. Bitte <a href=\"https:\/\/www.kabelbomen.com\/de\/kontakt\/\">kontaktieren<\/a> Sie uns nach den M\u00f6glichkeiten.<\/p>\n<p>Auch f\u00fcr jedes andere (klassische) Fahrzeug erh\u00e4ltlich.<\/p>\n<p><em><b>HINWEIS: Wenn Sie nicht sicher sind, ob Sie einen Peugeot 205 GTI \/ CTI Phase 1.5 oder Phase 2 haben, schauen Sie sich die Position Ihrer Spule an. Wenn sie sich hinter Ihrer Batterie befindet, w\u00e4hlen Sie die Version der Phase 1.5. Wenn die Spule ein kleiner schwarzer Block auf dem Ansaugkr\u00fcmmer ist, dann haben Sie eine Phase-2-Version.<\/b><\/em><\/p>","protected":false},"excerpt":{"rendered":"<p>Neuer Hauptstromkabelsatz \/ Batteriekabelsatz als Ersatz f\u00fcr die verschlissenen Batteriekabel im Peugeot 205 mit TU-Motoren. Optisch fast wie das Original, mit originalen Abmessungen und Kabelfarben, aber mit einer deutlich besseren Stromdurchleitung durch einen dickeren Kupferdurchmesser und bessere Kabelschuhe.<\/p>\n<p>Mit diesem hochwertigen Batteriekabelsatz haben Sie keine Spannungsverluste mehr und die Basis der elektrischen Schaltung in Ihrem 205 ist wieder in einem Topzustand. Mit ihm messen Sie die 14 - 14,4 Volt Ausgangsspannung Ihrer Lichtmaschine \u00fcber Ihre Batterie. Auch bei starker elektrischer Belastung. Mit den alten Kabeln werden Sie diese Spannung nicht erreichen, vor allem nicht unter Last.<\/p>\n<p>Auch verf\u00fcgbar f\u00fcr <a href=\"https:\/\/www.kabelbomen.com\/de\/webshop\/batteriekabelsatz-peugeot-205-gti-cti\/\">205 GTI \/ CTI hier<\/a>.<\/p>\n<p><strong>Bitte beachten Sie: Ab November 2023 werden die 205 Masse-Batteriekabel standardm\u00e4\u00dfig mit einer Batteriepolklemme mit Fl\u00fcgelmutter M8 geliefert. Bitte beachten Sie die Fotos in der Beschreibung unten.<\/strong><\/p>\n<p><strong>Ab M\u00e4rz 2026 liefern wir nun auch diesen positiven Batteriekabelbaum f\u00fcr den 205 mit TU-Motoren komplett mit den Sensorkabeln. Sie finden diese <a href=\"https:\/\/www.kabelbomen.com\/de\/produkt\/batterie-kabelstrang-plus-komplett-peugeot-205-mit-tu-motor\/\" target=\"_blank\" rel=\"noopener\">Hier<\/a>.<\/strong><\/p>\n<p>W\u00e4hlen Sie unten zwischen der Ausf\u00fchrung Phase 1.5 oder Phase 2. F\u00fcr Phase 1 k\u00f6nnen Sie <a href=\"https:\/\/www.kabelbomen.com\/de\/kontakt\/\">kontaktieren<\/a> Sie uns nach den M\u00f6glichkeiten.<\/p>","protected":false},"featured_media":13942,"comment_status":"open","ping_status":"closed","template":"","meta":[],"product_brand":[],"product_cat":[39,61],"product_tag":[43,48,46,44,185],"hf_cat_product":[255],"class_list":{"0":"post-9053","1":"product","2":"type-product","3":"status-publish","4":"has-post-thumbnail","6":"product_cat-accukabels","7":"product_cat-peugeot-205","8":"product_tag-accukabelset","9":"product_tag-fase-1-5","10":"product_tag-fase-2","11":"product_tag-hoofdstroomkabelset","12":"product_tag-tu-motor","13":"product_shipping_class-groot-pakket","15":"first","16":"instock","17":"taxable","18":"shipping-taxable","19":"purchasable","20":"product-type-variable","21":"has-default-attributes"},"_links":{"self":[{"href":"https:\/\/www.kabelbomen.com\/de\/wp-json\/wp\/v2\/product\/9053","targetHints":{"allow":["GET"]}}],"collection":[{"href":"https:\/\/www.kabelbomen.com\/de\/wp-json\/wp\/v2\/product"}],"about":[{"href":"https:\/\/www.kabelbomen.com\/de\/wp-json\/wp\/v2\/types\/product"}],"replies":[{"embeddable":true,"href":"https:\/\/www.kabelbomen.com\/de\/wp-json\/wp\/v2\/comments?post=9053"}],"version-history":[{"count":14,"href":"https:\/\/www.kabelbomen.com\/de\/wp-json\/wp\/v2\/product\/9053\/revisions"}],"predecessor-version":[{"id":18458,"href":"https:\/\/www.kabelbomen.com\/de\/wp-json\/wp\/v2\/product\/9053\/revisions\/18458"}],"wp:featuredmedia":[{"embeddable":true,"href":"https:\/\/www.kabelbomen.com\/de\/wp-json\/wp\/v2\/media\/13942"}],"wp:attachment":[{"href":"https:\/\/www.kabelbomen.com\/de\/wp-json\/wp\/v2\/media?parent=9053"}],"wp:term":[{"taxonomy":"product_brand","embeddable":true,"href":"https:\/\/www.kabelbomen.com\/de\/wp-json\/wp\/v2\/product_brand?post=9053"},{"taxonomy":"product_cat","embeddable":true,"href":"https:\/\/www.kabelbomen.com\/de\/wp-json\/wp\/v2\/product_cat?post=9053"},{"taxonomy":"product_tag","embeddable":true,"href":"https:\/\/www.kabelbomen.com\/de\/wp-json\/wp\/v2\/product_tag?post=9053"},{"taxonomy":"hf_cat_product","embeddable":true,"href":"https:\/\/www.kabelbomen.com\/de\/wp-json\/wp\/v2\/hf_cat_product?post=9053"}],"curies":[{"name":"wp","href":"https:\/\/api.w.org\/{rel}","templated":true}]}}