{"id":8405,"date":"2021-07-09T00:29:00","date_gmt":"2021-07-08T22:29:00","guid":{"rendered":"https:\/\/www.kabelbomen.com\/?post_type=product&#038;p=8405"},"modified":"2026-04-04T12:04:29","modified_gmt":"2026-04-04T10:04:29","slug":"massekabel-federbein-peugeot-205","status":"publish","type":"product","link":"https:\/\/www.kabelbomen.com\/de\/product\/massadraad-peugeot-205-op-veerpoot\/","title":{"rendered":"Erdungskabel Peugeot 205 am Federbein"},"content":{"rendered":"<p>Massekabel von der rechten Strebe zur Karosserie im Peugeot 205.<\/p>\n<p>Dadurch wird eine gute und zuverl\u00e4ssige Masseverbindung u. a. f\u00fcr die Bremsbelagverschlei\u00dfanzeige hergestellt.<\/p>\n<p>Neue Stecker und Kabelschuhe verwendet. Originalgr\u00f6\u00dfe, Kabelfarbe und Steckerfarbe angewandt.<\/p>\n<p>Hochwertiger Draht. F\u00fcr Kraft und zur Vorbeugung <a href=\"https:\/\/www.kabelbomen.com\/de\/spannungsverlust-widerstand-elektrisch-auto\/\">Korrosion<\/a> und Kurzschl\u00fcsse zu vermeiden, ist jede Verbindung zwischen Kupferleiter und Kabelschuh mit Schrumpfschlauch versehen. Sie k\u00f6nnen es auf den Fotos sehen.<\/p>","protected":false},"excerpt":{"rendered":"<p>Dieses Massekabel wird oben an der rechten Strebe angeschlossen und mit der Karosserie verbunden.<\/p>\n<p>Neue Stecker und Kabelschuhe verwendet. Originalgr\u00f6\u00dfe, Kabelfarbe und Steckerfarbe.<\/p>\n<p>Angewandt in allen Modellen Peugeot 205.<\/p>","protected":false},"featured_media":13730,"comment_status":"open","ping_status":"closed","template":"","meta":[],"product_brand":[],"product_cat":[61,38],"product_tag":[47,48,46,34,180],"hf_cat_product":[253],"class_list":{"0":"post-8405","1":"product","2":"type-product","3":"status-publish","4":"has-post-thumbnail","6":"product_cat-peugeot-205","7":"product_cat-kabelbomen","8":"product_tag-fase-1","9":"product_tag-fase-1-5","10":"product_tag-fase-2","11":"product_tag-kabelboom","12":"product_tag-massadraad","14":"first","15":"instock","16":"taxable","17":"shipping-taxable","18":"purchasable","19":"product-type-simple"},"_links":{"self":[{"href":"https:\/\/www.kabelbomen.com\/de\/wp-json\/wp\/v2\/product\/8405","targetHints":{"allow":["GET"]}}],"collection":[{"href":"https:\/\/www.kabelbomen.com\/de\/wp-json\/wp\/v2\/product"}],"about":[{"href":"https:\/\/www.kabelbomen.com\/de\/wp-json\/wp\/v2\/types\/product"}],"replies":[{"embeddable":true,"href":"https:\/\/www.kabelbomen.com\/de\/wp-json\/wp\/v2\/comments?post=8405"}],"version-history":[{"count":0,"href":"https:\/\/www.kabelbomen.com\/de\/wp-json\/wp\/v2\/product\/8405\/revisions"}],"wp:featuredmedia":[{"embeddable":true,"href":"https:\/\/www.kabelbomen.com\/de\/wp-json\/wp\/v2\/media\/13730"}],"wp:attachment":[{"href":"https:\/\/www.kabelbomen.com\/de\/wp-json\/wp\/v2\/media?parent=8405"}],"wp:term":[{"taxonomy":"product_brand","embeddable":true,"href":"https:\/\/www.kabelbomen.com\/de\/wp-json\/wp\/v2\/product_brand?post=8405"},{"taxonomy":"product_cat","embeddable":true,"href":"https:\/\/www.kabelbomen.com\/de\/wp-json\/wp\/v2\/product_cat?post=8405"},{"taxonomy":"product_tag","embeddable":true,"href":"https:\/\/www.kabelbomen.com\/de\/wp-json\/wp\/v2\/product_tag?post=8405"},{"taxonomy":"hf_cat_product","embeddable":true,"href":"https:\/\/www.kabelbomen.com\/de\/wp-json\/wp\/v2\/hf_cat_product?post=8405"}],"curies":[{"name":"wp","href":"https:\/\/api.w.org\/{rel}","templated":true}]}}