{"id":6207,"date":"2021-04-27T13:03:32","date_gmt":"2021-04-27T11:03:32","guid":{"rendered":"https:\/\/www.kabelbomen.com\/?post_type=product&#038;p=6207"},"modified":"2026-03-21T19:59:13","modified_gmt":"2026-03-21T18:59:13","slug":"motor-ecu-kabelbaum-d-jetronic-mercedes-benz-350sl-450sl","status":"publish","type":"product","link":"https:\/\/www.kabelbomen.com\/de\/product\/motor-ecu-kabelboom-d-jetronic-mercedes-benz-350sl-450sl\/","title":{"rendered":"Motorkabelbaum, D-Jetronic, Mercedes-Benz 350SL 450SL"},"content":{"rendered":"<p>ECU-Motorkabelbaum mit D-Jetronic-Einspritzsystem, f\u00fcr die erste Generation Mercedes-Benz 350SL und 450SL.<\/p>\n<p>Wir liefern auch ECU-Kabelb\u00e4ume f\u00fcr andere Modelle. Wir w\u00fcrden gerne den originalen Kabelbaum erhalten, damit wir eine 100% korrekte Reproduktion herstellen k\u00f6nnen.<\/p>\n<p>&nbsp;<\/p>\n<h5><strong>Original und Qualit\u00e4t<\/strong><\/h5>\n<p>Wir bauen den Kabelbaum komplett neu auf mit neuen Steckern, Gummiabdeckungen und Kabelschuhen. Wir verwenden hochwertige Kupferkabel mit originalen Kabelfarben.<\/p>\n<p>F\u00fcr zus\u00e4tzliche Langlebigkeit, Festigkeit und zur Vermeidung von Korrosion und Verschlei\u00df wird der Kabelbaum nach einem sehr hohen Standard verarbeitet. Die Verbindungs\u00fcberg\u00e4nge vom Kupferdraht zu den Kabelsteckern werden professionell mit Schrumpfschl\u00e4uchen versehen. Au\u00dferdem verwenden wir hochwertiges Kupfer mit einer guten Dicke. Das zeichnet den SKS aus.<\/p>\n<p>Die Zweige sind mit einer PVC-Isolierung versehen, die sie wie das Original vor Hitze, Fl\u00fcssigkeiten, Ungeziefer und Abnutzung sch\u00fctzt.<\/p>\n<p>Unten sehen Sie ein Beispiel f\u00fcr die Hauptader in der PVC-Isolierung eines 280SL-Motorkabelbaums.<\/p>\n<p>&nbsp;<\/p>\n<div id='gallery-1' class='gallery galleryid-6207 gallery-columns-2 gallery-size-medium'><figure class='gallery-item'>\n\t\t\t<div class='gallery-icon landscape'>\n\t\t\t\t<a href='https:\/\/www.kabelbomen.com\/wp-content\/uploads\/2021\/04\/20240322_144213.jpg'><img fetchpriority=\"high\" decoding=\"async\" width=\"300\" height=\"300\" src=\"https:\/\/www.kabelbomen.com\/wp-content\/uploads\/2021\/04\/20240322_144213-300x300.jpg\" class=\"attachment-medium size-medium\" alt=\"Motorkabelbaum D-Jetronic Mercedes-Benz 280SL mit PVC-Isolierung | SKS\" srcset=\"https:\/\/www.kabelbomen.com\/wp-content\/uploads\/2021\/04\/20240322_144213-300x300.jpg 300w, https:\/\/www.kabelbomen.com\/wp-content\/uploads\/2021\/04\/20240322_144213-1024x1024.jpg 1024w, https:\/\/www.kabelbomen.com\/wp-content\/uploads\/2021\/04\/20240322_144213-150x150.jpg 150w, https:\/\/www.kabelbomen.com\/wp-content\/uploads\/2021\/04\/20240322_144213-768x768.jpg 768w, https:\/\/www.kabelbomen.com\/wp-content\/uploads\/2021\/04\/20240322_144213-12x12.jpg 12w, https:\/\/www.kabelbomen.com\/wp-content\/uploads\/2021\/04\/20240322_144213-100x100.jpg 100w, https:\/\/www.kabelbomen.com\/wp-content\/uploads\/2021\/04\/20240322_144213.jpg 1047w\" sizes=\"(max-width: 300px) 100vw, 300px\" \/><\/a>\n\t\t\t<\/div><\/figure><figure class='gallery-item'>\n\t\t\t<div class='gallery-icon landscape'>\n\t\t\t\t<a href='https:\/\/www.kabelbomen.com\/wp-content\/uploads\/2021\/04\/20240322_143928.jpg'><img decoding=\"async\" width=\"300\" height=\"300\" src=\"https:\/\/www.kabelbomen.com\/wp-content\/uploads\/2021\/04\/20240322_143928-300x300.jpg\" class=\"attachment-medium size-medium\" alt=\"Motorkabelbaum D-Jetronic Mercedes-Benz 280SL Zweigleitungen | SKS\" srcset=\"https:\/\/www.kabelbomen.com\/wp-content\/uploads\/2021\/04\/20240322_143928-300x300.jpg 300w, https:\/\/www.kabelbomen.com\/wp-content\/uploads\/2021\/04\/20240322_143928-1024x1024.jpg 1024w, https:\/\/www.kabelbomen.com\/wp-content\/uploads\/2021\/04\/20240322_143928-150x150.jpg 150w, https:\/\/www.kabelbomen.com\/wp-content\/uploads\/2021\/04\/20240322_143928-768x768.jpg 768w, https:\/\/www.kabelbomen.com\/wp-content\/uploads\/2021\/04\/20240322_143928-12x12.jpg 12w, https:\/\/www.kabelbomen.com\/wp-content\/uploads\/2021\/04\/20240322_143928-100x100.jpg 100w, https:\/\/www.kabelbomen.com\/wp-content\/uploads\/2021\/04\/20240322_143928.jpg 1047w\" sizes=\"(max-width: 300px) 100vw, 300px\" \/><\/a>\n\t\t\t<\/div><\/figure><figure class='gallery-item'>\n\t\t\t<div class='gallery-icon landscape'>\n\t\t\t\t<a href='https:\/\/www.kabelbomen.com\/wp-content\/uploads\/2021\/04\/20240322_143903.jpg'><img decoding=\"async\" width=\"300\" height=\"300\" src=\"https:\/\/www.kabelbomen.com\/wp-content\/uploads\/2021\/04\/20240322_143903-300x300.jpg\" class=\"attachment-medium size-medium\" alt=\"Motorkabelbaum D-Jetronic Mercedes-Benz 280SL Zweigleitungen | SKS\" srcset=\"https:\/\/www.kabelbomen.com\/wp-content\/uploads\/2021\/04\/20240322_143903-300x300.jpg 300w, https:\/\/www.kabelbomen.com\/wp-content\/uploads\/2021\/04\/20240322_143903-1024x1024.jpg 1024w, https:\/\/www.kabelbomen.com\/wp-content\/uploads\/2021\/04\/20240322_143903-150x150.jpg 150w, https:\/\/www.kabelbomen.com\/wp-content\/uploads\/2021\/04\/20240322_143903-768x768.jpg 768w, https:\/\/www.kabelbomen.com\/wp-content\/uploads\/2021\/04\/20240322_143903-12x12.jpg 12w, https:\/\/www.kabelbomen.com\/wp-content\/uploads\/2021\/04\/20240322_143903-100x100.jpg 100w, https:\/\/www.kabelbomen.com\/wp-content\/uploads\/2021\/04\/20240322_143903.jpg 1047w\" sizes=\"(max-width: 300px) 100vw, 300px\" \/><\/a>\n\t\t\t<\/div><\/figure><figure class='gallery-item'>\n\t\t\t<div class='gallery-icon landscape'>\n\t\t\t\t<a href='https:\/\/www.kabelbomen.com\/wp-content\/uploads\/2021\/04\/20240322_143943.jpg'><img loading=\"lazy\" decoding=\"async\" width=\"300\" height=\"300\" src=\"https:\/\/www.kabelbomen.com\/wp-content\/uploads\/2021\/04\/20240322_143943-300x300.jpg\" class=\"attachment-medium size-medium\" alt=\"Motorkabelbaum D-Jetronic Mercedes-Benz 280SL Zweigleitungen | SKS\" srcset=\"https:\/\/www.kabelbomen.com\/wp-content\/uploads\/2021\/04\/20240322_143943-300x300.jpg 300w, https:\/\/www.kabelbomen.com\/wp-content\/uploads\/2021\/04\/20240322_143943-1024x1024.jpg 1024w, https:\/\/www.kabelbomen.com\/wp-content\/uploads\/2021\/04\/20240322_143943-150x150.jpg 150w, https:\/\/www.kabelbomen.com\/wp-content\/uploads\/2021\/04\/20240322_143943-768x768.jpg 768w, https:\/\/www.kabelbomen.com\/wp-content\/uploads\/2021\/04\/20240322_143943-12x12.jpg 12w, https:\/\/www.kabelbomen.com\/wp-content\/uploads\/2021\/04\/20240322_143943-100x100.jpg 100w, https:\/\/www.kabelbomen.com\/wp-content\/uploads\/2021\/04\/20240322_143943.jpg 1047w\" sizes=\"(max-width: 300px) 100vw, 300px\" \/><\/a>\n\t\t\t<\/div><\/figure>\n\t\t<\/div>\n\n<p>&nbsp;<\/p>\n<p>&nbsp;<\/p>\n<h5><strong>Senden Sie Ihren alten Kabelbaum<\/strong><\/h5>\n<p>Es gab viele verschiedene Versionen, auch pro Land gab es zahlreiche (kleine) Unterschiede. Wir w\u00fcrden gerne Ihren alten Kabelbaum erhalten, damit wir 100% sicher sein k\u00f6nnen, dass der neue Kabelbaum genau Ihrem alten Kabelbaum entspricht.<\/p>\n<p>Au\u00dferdem verwenden wir den schwarzen Netzstecker und den Stecker f\u00fcr die Kaltstartanreicherung aus Ihrem alten Kabelbaum wieder. Diese sind nicht mehr neu erh\u00e4ltlich.<\/p>\n<p>Wenn Sie interessiert sind, wenden Sie sich bitte an <a href=\"https:\/\/www.kabelbomen.com\/de\/kontakt\/\" target=\"_blank\" rel=\"noopener\">kontaktieren<\/a> kontaktieren Sie uns, um Ihre Bestellung zu planen. Sie k\u00f6nnen uns dann auch Ihren originalen Kabelbaum zusenden oder, wenn m\u00f6glich, vorbeibringen. Die Bedingungen f\u00fcr die Zusendung Ihres alten Kabelbaums finden Sie unter <a href=\"https:\/\/www.kabelbomen.com\/de\/allgemeine-geschaftsbedingungen\/\" target=\"_blank\" rel=\"noopener\">dieser Link<\/a> am Ende der Seite.<\/p>\n<p>&nbsp;<\/p>","protected":false},"excerpt":{"rendered":"<p>Neuer ECU-Kabelbaum zur Steuerung des Motors mit D-Jetronic-Kraftstoffeinspritzsystem.<\/p>\n<p>Verwendet in der ersten Generation des Mercedes-Benz 350SL und 450SL bis 1976.<\/p>\n<p>Aufgrund der vielen unterschiedlichen Versionen pro Land und verschiedener Produktionen, m\u00f6chten wir gerne Ihren alten Original-Kabelbaum erhalten. Wir k\u00f6nnen dann 100% garantieren, dass der neue Kabelbaum genau mit Ihrem alten Kabelbaum \u00fcbereinstimmt.<\/p>\n<p>Im Internet werden immer noch einige Kabelb\u00e4ume angeboten, die so vermarktet werden, als ob sie f\u00fcr alle Modelle und L\u00e4nder passen w\u00fcrden, aber das ist nicht der Fall. In vielen F\u00e4llen erh\u00e4lt man dann einen Kabelbaum, der unz\u00e4hlige \u00c4nderungen erfordert und bei dem unlogischerweise d\u00fcnne Dr\u00e4hte an Stellen verwendet wurden, an denen ein dicker Draht gew\u00fcnscht ist. Meistens Kabelb\u00e4ume aus China. Wir stellen alle unsere Kabelb\u00e4ume selbst her, in Holland, und immer in h\u00f6chster Qualit\u00e4t.<\/p>\n<p>Der Preis f\u00fcr einen kompletten Neubau betr\u00e4gt 995 \u20ac.<\/p>\n<p>Wir fertigen auch Motorkabelb\u00e4ume f\u00fcr andere klassische Mercedes-Benz Modelle. Dabei freuen wir uns immer, wenn wir das Original erhalten, um einen 100% korrekten Nachbau anfertigen zu k\u00f6nnen.<\/p>\n<p>Sie k\u00f6nnen <a href=\"https:\/\/www.kabelbomen.com\/de\/kontakt\/\">kontaktieren<\/a> Kontaktieren Sie uns f\u00fcr weitere Informationen.<\/p>\n<p>F\u00fcr weitere Erkl\u00e4rungen lesen Sie bitte die zus\u00e4tzliche Beschreibung unten.<\/p>","protected":false},"featured_media":15516,"comment_status":"open","ping_status":"closed","template":"","meta":[],"product_brand":[],"product_cat":[132,38],"product_tag":[136,137,286,133,134,287,34,135],"hf_cat_product":[257],"class_list":{"0":"post-6207","1":"product","2":"type-product","3":"status-publish","4":"has-post-thumbnail","6":"product_cat-mercedes-benz","7":"product_cat-kabelbomen","8":"product_tag-350sl","9":"product_tag-450sl","10":"product_tag-bosch","11":"product_tag-d-jetronic","12":"product_tag-ecu","13":"product_tag-injectoren","14":"product_tag-kabelboom","15":"product_tag-motorkabelboom","16":"product_shipping_class-groot-pakket","18":"first","19":"onbackorder","20":"purchasable","21":"product-type-simple"},"_links":{"self":[{"href":"https:\/\/www.kabelbomen.com\/de\/wp-json\/wp\/v2\/product\/6207","targetHints":{"allow":["GET"]}}],"collection":[{"href":"https:\/\/www.kabelbomen.com\/de\/wp-json\/wp\/v2\/product"}],"about":[{"href":"https:\/\/www.kabelbomen.com\/de\/wp-json\/wp\/v2\/types\/product"}],"replies":[{"embeddable":true,"href":"https:\/\/www.kabelbomen.com\/de\/wp-json\/wp\/v2\/comments?post=6207"}],"version-history":[{"count":15,"href":"https:\/\/www.kabelbomen.com\/de\/wp-json\/wp\/v2\/product\/6207\/revisions"}],"predecessor-version":[{"id":18171,"href":"https:\/\/www.kabelbomen.com\/de\/wp-json\/wp\/v2\/product\/6207\/revisions\/18171"}],"wp:featuredmedia":[{"embeddable":true,"href":"https:\/\/www.kabelbomen.com\/de\/wp-json\/wp\/v2\/media\/15516"}],"wp:attachment":[{"href":"https:\/\/www.kabelbomen.com\/de\/wp-json\/wp\/v2\/media?parent=6207"}],"wp:term":[{"taxonomy":"product_brand","embeddable":true,"href":"https:\/\/www.kabelbomen.com\/de\/wp-json\/wp\/v2\/product_brand?post=6207"},{"taxonomy":"product_cat","embeddable":true,"href":"https:\/\/www.kabelbomen.com\/de\/wp-json\/wp\/v2\/product_cat?post=6207"},{"taxonomy":"product_tag","embeddable":true,"href":"https:\/\/www.kabelbomen.com\/de\/wp-json\/wp\/v2\/product_tag?post=6207"},{"taxonomy":"hf_cat_product","embeddable":true,"href":"https:\/\/www.kabelbomen.com\/de\/wp-json\/wp\/v2\/hf_cat_product?post=6207"}],"curies":[{"name":"wp","href":"https:\/\/api.w.org\/{rel}","templated":true}]}}