{"id":3830,"date":"2020-05-13T11:02:40","date_gmt":"2020-05-13T09:02:40","guid":{"rendered":"https:\/\/www.kabelbomen.com\/?post_type=product&#038;p=3830"},"modified":"2026-03-15T11:20:39","modified_gmt":"2026-03-15T10:20:39","slug":"batteriekabelsatz-citroen-traction-avant-angepasst","status":"publish","type":"product","link":"https:\/\/www.kabelbomen.com\/de\/product\/accukabelset-citroen-traction-avant-maatwerk\/","title":{"rendered":"Batteriekabelsatz Citro\u00ebn Traction Avant - Sonderanfertigung"},"content":{"rendered":"<p>Neuer 35-mm\u00b2-Hauptstromkabelsatz \/ Batteriekabelsatz als Ersatz f\u00fcr die verschlissenen Batteriekabel des Citro\u00ebn Traction Avant.<\/p>\n<p>Wir stellen einen vollst\u00e4ndig ma\u00dfgeschneiderten Batteriekabelsatz f\u00fcr jeden Typ von Citro\u00ebn Traction Avant her. Dies ist wichtig, wenn Sie zum Beispiel eine Massesperre \/ Killswitch oder ein Anlasserrelais eingebaut haben. Diese unterscheiden sich vom Original und erfordern mehr Kabel und andere L\u00e4ngen als der Standard.<\/p>\n<p>Nach dem Kauf werden wir Sie f\u00fcr weitere ben\u00f6tigte Informationen kontaktieren.<\/p>\n<p>Fahren Sie einen 11BL \/ 11BN, 11C, 15-SIX oder einen anderen Typ Traction Avant und Ihre elektrische Schaltung ist noch original ohne Anlasserrelais oder Massesicherung, dann k\u00f6nnen Sie einfach <a href=\"https:\/\/www.kabelbomen.com\/de\/webshop\/batteriekabelsatz-citroen-traction-avant\/\">Kaufen Sie den original Citro\u00ebn Traction Avant-Batteriekabelsatz hier<\/a>.<\/p>\n<p>&nbsp;<\/p>\n<h5><strong>Massekabel f\u00fcr am K\u00f6rper<\/strong><\/h5>\n<p>Alle unsere Batteriekabels\u00e4tze f\u00fcr die Traction werden mit einem Massekabel geliefert, das Sie zwischen Karosserie und BAT-Minus legen k\u00f6nnen. Dies gibt eine deutliche Verbesserung f\u00fcr Ihre elektrische Schaltung, weil der Strom von Ihren Lichtern und dergleichen dann nicht zur\u00fcck zu der Batterie \u00fcber den Motor zu gehen. Der Motor vibriert und h\u00e4ngt in Gummisilentbl\u00f6cken, was ihn alles andere als zuverl\u00e4ssig macht. Heutzutage sieht man daher, dass in Autos Massestreifen eingebaut werden. Wir empfehlen daher, dieses zus\u00e4tzliche Massekabel zu installieren.<\/p>\n<p>&nbsp;<\/p>\n<h5><strong>Hochwertige Batteriekabel<\/strong><\/h5>\n<p>Mit diesen hochwertigen Kabeln haben Sie keinen Spannungsabfall mehr und der Stromkreis des Netzes ist in einem Top-Zustand.<\/p>\n<p>Die Kabelschuhe sind professionell gecrimpt und eingeschrumpft, um Festigkeit, Schutz und Korrosionsschutz zu gew\u00e4hrleisten.<\/p>\n<p>Zum Schutz vor Verschlei\u00df und Kurzschluss sind die Kabel zus\u00e4tzlich mit einer Isolierung versehen.<\/p>\n<p>Kann sowohl f\u00fcr 6V- als auch f\u00fcr 12V-Installationen verwendet werden.<\/p>\n<p>Lieferung inklusive einer Batterieklemme mit dem + Symbol und einer Batterieklemme mit dem \u2013 Symbol, die an den Kabeln vormontiert sind.<\/p>\n<p>Wir liefern auch alle Kabel f\u00fcr alle Typen und Ausf\u00fchrungen von Citro\u00ebn Traction Avant.<\/p>\n<p>Sie k\u00f6nnen gerne <a href=\"https:\/\/www.kabelbomen.com\/de\/kontakt\/\">kontaktieren<\/a> f\u00fcr Ihre spezifischen Anforderungen.<\/p>","protected":false},"excerpt":{"rendered":"<p>Ma\u00dfgeschneiderter Batteriekabelsatz f\u00fcr das Plus- und Minuskabel f\u00fcr den Citro\u00ebn Traction Avant.<\/p>\n<p>Sie w\u00e4hlen diesen Batteriekabelsatz, wenn Sie eine Massesperre \/ Killswitch und\/oder ein Anlasserrelais eingebaut haben. In diesem Fall werden mehr Kabel ben\u00f6tigt und sind nicht die urspr\u00fcngliche L\u00e4nge. Wir passen den Satz f\u00fcr Sie perfekt an, Plug n Play.<\/p>\n<p>Nach Ihrer Bestellung setzen wir uns mit Ihnen in Verbindung, um die spezifische Ausf\u00fchrung und die dazugeh\u00f6rigen L\u00e4ngen und Anschl\u00fcsse zu besprechen.<\/p>\n<p>Die Kabel haben einen Querschnitt von 35 mm\u00b2, sodass das Starten problemlos funktioniert und ein guter Stromfluss gew\u00e4hrleistet ist.<\/p>\n<p>Es wurde ein zus\u00e4tzliches Erdungskabel hinzugef\u00fcgt, das Sie zwischen dem BAT-Minus und dem Geh\u00e4use anbringen k\u00f6nnen. Dies f\u00fchrt zu einer erheblichen Verbesserung Ihres Stromkreises.<\/p>\n<p>Geeignet sowohl f\u00fcr die originalen 6V-Installationen als auch f\u00fcr die 12V-Installationen.<\/p>\n<p>W\u00e4hlen Sie unten zwischen einem 4-Zylinder- oder 6-Zylinder-Motor. Weitere Informationen werden sp\u00e4ter folgen.<\/p>","protected":false},"featured_media":17366,"comment_status":"open","ping_status":"closed","template":"","meta":[],"product_brand":[],"product_cat":[39,56],"product_tag":[43,88,69,70,44],"hf_cat_product":[254],"class_list":{"0":"post-3830","1":"product","2":"type-product","3":"status-publish","4":"has-post-thumbnail","6":"product_cat-accukabels","7":"product_cat-citroen-traction-avant","8":"product_tag-accukabelset","9":"product_tag-accukabelset-traction-avant-maatwerk","10":"product_tag-citroen-traction-avant-11bl","11":"product_tag-citroen-traction-avant-11bn","12":"product_tag-hoofdstroomkabelset","13":"product_shipping_class-groot-pakket","15":"first","16":"instock","17":"taxable","18":"shipping-taxable","19":"purchasable","20":"product-type-variable","21":"has-default-attributes"},"_links":{"self":[{"href":"https:\/\/www.kabelbomen.com\/de\/wp-json\/wp\/v2\/product\/3830","targetHints":{"allow":["GET"]}}],"collection":[{"href":"https:\/\/www.kabelbomen.com\/de\/wp-json\/wp\/v2\/product"}],"about":[{"href":"https:\/\/www.kabelbomen.com\/de\/wp-json\/wp\/v2\/types\/product"}],"replies":[{"embeddable":true,"href":"https:\/\/www.kabelbomen.com\/de\/wp-json\/wp\/v2\/comments?post=3830"}],"version-history":[{"count":10,"href":"https:\/\/www.kabelbomen.com\/de\/wp-json\/wp\/v2\/product\/3830\/revisions"}],"predecessor-version":[{"id":18005,"href":"https:\/\/www.kabelbomen.com\/de\/wp-json\/wp\/v2\/product\/3830\/revisions\/18005"}],"wp:featuredmedia":[{"embeddable":true,"href":"https:\/\/www.kabelbomen.com\/de\/wp-json\/wp\/v2\/media\/17366"}],"wp:attachment":[{"href":"https:\/\/www.kabelbomen.com\/de\/wp-json\/wp\/v2\/media?parent=3830"}],"wp:term":[{"taxonomy":"product_brand","embeddable":true,"href":"https:\/\/www.kabelbomen.com\/de\/wp-json\/wp\/v2\/product_brand?post=3830"},{"taxonomy":"product_cat","embeddable":true,"href":"https:\/\/www.kabelbomen.com\/de\/wp-json\/wp\/v2\/product_cat?post=3830"},{"taxonomy":"product_tag","embeddable":true,"href":"https:\/\/www.kabelbomen.com\/de\/wp-json\/wp\/v2\/product_tag?post=3830"},{"taxonomy":"hf_cat_product","embeddable":true,"href":"https:\/\/www.kabelbomen.com\/de\/wp-json\/wp\/v2\/hf_cat_product?post=3830"}],"curies":[{"name":"wp","href":"https:\/\/api.w.org\/{rel}","templated":true}]}}