{"id":3460,"date":"2020-04-27T11:58:31","date_gmt":"2020-04-27T09:58:31","guid":{"rendered":"https:\/\/www.kabelbomen.com\/?post_type=product&#038;p=3460"},"modified":"2025-07-09T13:32:08","modified_gmt":"2025-07-09T11:32:08","slug":"dachkabelbaum-traktion-avant-11bl-11bn-bis-1952","status":"publish","type":"product","link":"https:\/\/www.kabelbomen.com\/de\/product\/dak-kabelboom-traction-avant-11bl-11bn-tot-1952\/","title":{"rendered":"Dachkabelbaum Traction Avant 11BL oder 11BN bis '52"},"content":{"rendered":"<p>Kabelbaum f\u00fcr u.a. die Beleuchtung der Deckenleuchte, des Tankschwimmers, der Standlichter im B-Stil und der Blinker im C-Stil im Citro\u00ebn Traction Avant 11BL oder 11BN der Baujahre bis 1952. Wird auch als Dachausleger bezeichnet.<\/p>\n<p>Dient auch zur Verbindung mit dem <a href=\"https:\/\/www.kabelbomen.com\/de\/webshop\/kabelbaum-kofferraum-traction-avant-11bl-oder-11bn-nach-52-15-six\/\">Kofferraum-Kabelbaum f\u00fcr die R\u00fcckleuchten<\/a>.<\/p>\n<p>Die Fahrtrichtungsanzeiger wurden erst 1952 eingebaut. Diese haben wir nat\u00fcrlich zus\u00e4tzlich zum Standard 5-Pin Block hinzugef\u00fcgt. Diese sind \u00fcber eine male\/female-Verbindung direkt mit unserem Dashboard-Baum verbunden. Auch Erdungskabel sind vorhanden, um eine zuverl\u00e4ssige Verbindung herzustellen.<\/p>\n<p>Wir k\u00f6nnen alle denkbaren Kabelb\u00e4ume f\u00fcr alle Jahre und alle Typen von Citro\u00ebn Traction Avant liefern, mit allen Modifikationen, die der Kunde w\u00fcnscht.<\/p>\n<p>Bei Fragen oder einer konkreten Bestellung k\u00f6nnen Sie <a href=\"https:\/\/www.kabelbomen.com\/de\/kontakt\/\">kontaktieren<\/a>\u00a0Sie uns nach den M\u00f6glichkeiten.<\/p>\n<p>Abbildung kann abweichen.<\/p>","protected":false},"excerpt":{"rendered":"<p>Dachkabelbaum f\u00fcr den Citro\u00ebn Traction Avant 11BL oder 11BN f\u00fcr die Jahre bis 1952.<\/p>\n<p>Dient auch zur Verbindung mit den R\u00fcckleuchten.<\/p>\n<p>Treffen Sie unten Ihre Wahl f\u00fcr 11BL oder 11BN.<\/p>","protected":false},"featured_media":12383,"comment_status":"open","ping_status":"closed","template":"","meta":[],"product_brand":[],"product_cat":[56,38],"product_tag":[69,70,57,34],"hf_cat_product":[252],"class_list":{"0":"post-3460","1":"product","2":"type-product","3":"status-publish","4":"has-post-thumbnail","6":"product_cat-citroen-traction-avant","7":"product_cat-kabelbomen","8":"product_tag-citroen-traction-avant-11bl","9":"product_tag-citroen-traction-avant-11bn","10":"product_tag-dakboom","11":"product_tag-kabelboom","13":"first","14":"instock","15":"taxable","16":"shipping-taxable","17":"purchasable","18":"product-type-variable","19":"has-default-attributes"},"_links":{"self":[{"href":"https:\/\/www.kabelbomen.com\/de\/wp-json\/wp\/v2\/product\/3460","targetHints":{"allow":["GET"]}}],"collection":[{"href":"https:\/\/www.kabelbomen.com\/de\/wp-json\/wp\/v2\/product"}],"about":[{"href":"https:\/\/www.kabelbomen.com\/de\/wp-json\/wp\/v2\/types\/product"}],"replies":[{"embeddable":true,"href":"https:\/\/www.kabelbomen.com\/de\/wp-json\/wp\/v2\/comments?post=3460"}],"version-history":[{"count":1,"href":"https:\/\/www.kabelbomen.com\/de\/wp-json\/wp\/v2\/product\/3460\/revisions"}],"predecessor-version":[{"id":16988,"href":"https:\/\/www.kabelbomen.com\/de\/wp-json\/wp\/v2\/product\/3460\/revisions\/16988"}],"wp:featuredmedia":[{"embeddable":true,"href":"https:\/\/www.kabelbomen.com\/de\/wp-json\/wp\/v2\/media\/12383"}],"wp:attachment":[{"href":"https:\/\/www.kabelbomen.com\/de\/wp-json\/wp\/v2\/media?parent=3460"}],"wp:term":[{"taxonomy":"product_brand","embeddable":true,"href":"https:\/\/www.kabelbomen.com\/de\/wp-json\/wp\/v2\/product_brand?post=3460"},{"taxonomy":"product_cat","embeddable":true,"href":"https:\/\/www.kabelbomen.com\/de\/wp-json\/wp\/v2\/product_cat?post=3460"},{"taxonomy":"product_tag","embeddable":true,"href":"https:\/\/www.kabelbomen.com\/de\/wp-json\/wp\/v2\/product_tag?post=3460"},{"taxonomy":"hf_cat_product","embeddable":true,"href":"https:\/\/www.kabelbomen.com\/de\/wp-json\/wp\/v2\/hf_cat_product?post=3460"}],"curies":[{"name":"wp","href":"https:\/\/api.w.org\/{rel}","templated":true}]}}