{"id":3314,"date":"2020-04-25T15:38:56","date_gmt":"2020-04-25T14:38:56","guid":{"rendered":"https:\/\/www.kabelbomen.com\/?post_type=product&#038;p=3314"},"modified":"2025-07-13T12:14:50","modified_gmt":"2025-07-13T10:14:50","slug":"kabelbaum-set-citroen-traction-avant-7","status":"publish","type":"product","link":"https:\/\/www.kabelbomen.com\/de\/product\/kabelboom-set-citroen-traction-avant-7\/","title":{"rendered":"Kabelbaumsatz Citroen Traction Avant 7"},"content":{"rendered":"<p>Kompletter Kabelbaumsatz f\u00fcr den Citro\u00ebn Traction Avant 7.<\/p>\n<p>Neue Versionen des Citro\u00ebn Traction Avant 7 wurden sehr schnell auf den Markt gebracht. Nur wenige Wochen, vom 3. Mai 1934 bis Juni 1934, wurde der 7A produziert. Es gab ihn in den Versionen Berline, Roadster und Faux Cabriolet. Im Juni 1934 folgte der 7B mit einem st\u00e4rkeren Motor als sein Vorg\u00e4nger. Bald darauf folgte der 7C, der fast identisch mit dem 7B war. Nur die L\u00f6cher in den Kotfl\u00fcgeln f\u00fcr die H\u00f6rner waren anders.<\/p>\n<p>Au\u00dferdem gab es den 7S oder 7 Sport, der eine h\u00f6here H\u00f6chstgeschwindigkeit als seine Vorg\u00e4nger hatte. Die H\u00f6chstgeschwindigkeit betrug 109 km\/h, w\u00e4hrend sie fr\u00fcher bei 100 km\/h lag. Der 7S wurde ab Juni 1934 produziert.<\/p>\n<p>Aufgrund der vielen Versionen, die einander schnell abl\u00f6sten, gibt es auch viele (kleine) Unterschiede in der Verkabelung. Au\u00dferdem hatten diese Vorkriegstraktionen keine Blinker und nur eine Leuchte am Heck, auf der linken Seite der Sto\u00dfstange. Heutzutage ist daher eine gewisse Anpassung erforderlich, damit das Fahrzeug den geltenden Vorschriften entspricht.<\/p>\n<p>&nbsp;<\/p>\n<h5><strong>Sonderanfertigungen f\u00fcr die Kabelb\u00e4ume des Traction Avant 7<\/strong><\/h5>\n<p>Wir werden Sie nach Ihrer Bestellung \u00fcber die spezifische Version Ihres Citro\u00ebn Traction Avant 7 kontaktieren. Wir werden dann den Kabelbaum genau nach Ihrem Modell und Ihren Anforderungen anfertigen. F\u00fcr die Wahl der Blinker auf den Fl\u00fcgeln oder auf den Sto\u00dfstangen ist eine individuelle Anpassung erforderlich. Vielleicht w\u00fcnschen Sie zus\u00e4tzliche Lichter oder Hupen usw. Angesichts der vielen Varianten des Traction Avant 7 ist der Preis auf Anfrage.<\/p>\n<p>&nbsp;<\/p>\n<h5><strong>Originale Ausf\u00fchrung<\/strong><\/h5>\n<p>Alle Dr\u00e4hte und B\u00fcndel sind professionell mit Isolierung und Schrumpfschlauch in den Originalfarben versehen. Optional k\u00f6nnen Sie mit PVC-Isolierband oder Leinenband abschlie\u00dfen. Auf diese Weise erhalten Sie ein sch\u00f6nes klassisches Aussehen und eine garantiert lange Lebensdauer.<\/p>\n<p>&nbsp;<\/p>\n<h5><strong>Inhalt Kabelbaumsatz Traction Avant 7<\/strong><\/h5>\n<p>Ein vollst\u00e4ndiger Kabelsatz f\u00fcr den Citro\u00ebn Traction Avant 7 besteht aus:<\/p>\n<ul>\n<li>Scheinwerferteile links und rechts mit Massekabeln<\/li>\n<li>Kabelbaum f\u00fcr das Armaturenbrett<\/li>\n<li>Dach-Kabelbaum<\/li>\n<li>M\u00f6gliche zus\u00e4tzliche Dr\u00e4hte f\u00fcr besondere Bed\u00fcrfnisse und Anpassungen<\/li>\n<li>Entsprechendes Elektroschema<\/li>\n<li>Installationshandbuch<\/li>\n<\/ul>\n<p>&nbsp;<\/p>\n<p>Die Kabelb\u00e4ume enthalten keine neuen Batterie- und Z\u00fcndkerzenkabel. A <a href=\"https:\/\/www.kabelbomen.com\/de\/webshop\/batteriekabelsatz-citroen-traction-avant\/\" target=\"_blank\" rel=\"noopener\">Batteriekabelsatz f\u00fcr den Traction Avant finden Sie hier<\/a>.<\/p>\n<p><a href=\"https:\/\/www.kabelbomen.com\/de\/webshop\/zundkerzensatz-lemon-traction-avant-4-zylinder\/\" target=\"_blank\" rel=\"noopener\">Z\u00fcndkabel f\u00fcr die Traction finden Sie hier<\/a> finden.<\/p>\n<p>Haben Sie zus\u00e4tzliche Anforderungen wie z. B. Nebelschlussleuchten, Zusatzleuchten wie Scheinwerfer usw.? \u00dcberhaupt kein Problem. Sie k\u00f6nnen Ihre W\u00fcnsche bereits w\u00e4hrend des Bestellvorgangs im Kommentarfeld angeben.<\/p>","protected":false},"excerpt":{"rendered":"<p>Kompletter Kabelbaumsatz f\u00fcr den Citro\u00ebn Traction Avant 7.<\/p>\n<p>100% neu. Alle Kabel\u00f6sen sind mit Schrumpfschlauch in den original Citro\u00ebn-Farben versehen.<\/p>\n<p>Der Traction Avant 7 ist das erste Modell des Citro\u00ebn Traction Avant. Der 7er wurde ab Mai 1934 produziert. Schnell folgten verschiedene Versionen, wie der 7A, 7B, 7C und 7S. Dies f\u00fchrte zu vielen kleinen Unterschieden in der Verkabelung.<\/p>\n<p>Nachdem Sie Ihre Bestellung aufgegeben haben, werden wir uns mit Ihnen in Verbindung setzen, um das Design Ihres Traction Avant 7 zu besprechen und eventuelle Sonderanfertigungen zu besprechen.<\/p>\n<p>Weitere Informationen \u00fcber den Kabelbaum und die verschiedenen Modelle des 7 finden Sie in der nachstehenden Beschreibung.<\/p>\n<p>Angesichts der vielen Versionen der Traction Avant 7 ist der Preis auf Anfrage.<\/p>\n<p>&nbsp;<\/p>","protected":false},"featured_media":10419,"comment_status":"open","ping_status":"closed","template":"","meta":[],"product_brand":[],"product_cat":[76,56,38],"product_tag":[79,68],"hf_cat_product":[252],"class_list":{"0":"post-3314","1":"product","2":"type-product","3":"status-publish","4":"has-post-thumbnail","6":"product_cat-kabelboom-sets","7":"product_cat-citroen-traction-avant","8":"product_cat-kabelbomen","9":"product_tag-citroen-traction-avant-7","10":"product_tag-kabelboom-set","11":"product_shipping_class-groot-pakket","13":"first","14":"instock","15":"taxable","16":"shipping-taxable","17":"product-type-simple"},"_links":{"self":[{"href":"https:\/\/www.kabelbomen.com\/de\/wp-json\/wp\/v2\/product\/3314","targetHints":{"allow":["GET"]}}],"collection":[{"href":"https:\/\/www.kabelbomen.com\/de\/wp-json\/wp\/v2\/product"}],"about":[{"href":"https:\/\/www.kabelbomen.com\/de\/wp-json\/wp\/v2\/types\/product"}],"replies":[{"embeddable":true,"href":"https:\/\/www.kabelbomen.com\/de\/wp-json\/wp\/v2\/comments?post=3314"}],"version-history":[{"count":2,"href":"https:\/\/www.kabelbomen.com\/de\/wp-json\/wp\/v2\/product\/3314\/revisions"}],"predecessor-version":[{"id":17008,"href":"https:\/\/www.kabelbomen.com\/de\/wp-json\/wp\/v2\/product\/3314\/revisions\/17008"}],"wp:featuredmedia":[{"embeddable":true,"href":"https:\/\/www.kabelbomen.com\/de\/wp-json\/wp\/v2\/media\/10419"}],"wp:attachment":[{"href":"https:\/\/www.kabelbomen.com\/de\/wp-json\/wp\/v2\/media?parent=3314"}],"wp:term":[{"taxonomy":"product_brand","embeddable":true,"href":"https:\/\/www.kabelbomen.com\/de\/wp-json\/wp\/v2\/product_brand?post=3314"},{"taxonomy":"product_cat","embeddable":true,"href":"https:\/\/www.kabelbomen.com\/de\/wp-json\/wp\/v2\/product_cat?post=3314"},{"taxonomy":"product_tag","embeddable":true,"href":"https:\/\/www.kabelbomen.com\/de\/wp-json\/wp\/v2\/product_tag?post=3314"},{"taxonomy":"hf_cat_product","embeddable":true,"href":"https:\/\/www.kabelbomen.com\/de\/wp-json\/wp\/v2\/hf_cat_product?post=3314"}],"curies":[{"name":"wp","href":"https:\/\/api.w.org\/{rel}","templated":true}]}}