{"id":3279,"date":"2020-04-25T13:03:51","date_gmt":"2020-04-25T11:03:51","guid":{"rendered":"https:\/\/www.kabelbomen.com\/?post_type=product&#038;p=3279"},"modified":"2025-07-13T12:27:39","modified_gmt":"2025-07-13T10:27:39","slug":"kabelbaum-satz-citroen-traktion-avant-11bl-nach-1952","status":"publish","type":"product","link":"https:\/\/www.kabelbomen.com\/de\/product\/kabelboom-set-citroen-traction-avant-11bl-na-1952\/","title":{"rendered":"Kabelbaumsatz Citro\u00ebn Traction Avant 11BL nach '52"},"content":{"rendered":"<p>Kompletter Kabelbaum f\u00fcr den Citro\u00ebn Traction Avant 11BL ab Baujahr 1952.<\/p>\n<p>Einbaufertig und anschlussfertig.<\/p>\n<p>Diese Version des Traction Avant wurde auch als \"Trunk\" bezeichnet, da das Reserverad nun im Kofferraum untergebracht war. Alle Kabel wurden speziell f\u00fcr diese Version angefertigt.<\/p>\n<p>Ein kompletter Verdrahtungssatz besteht aus:<\/p>\n<ul>\n<li>2 Scheinwerferst\u00fccke L &amp; R mit Massekabeln<\/li>\n<li>Dynamo-Kabelbaum<\/li>\n<li>Kabelbaum f\u00fcr das Armaturenbrett<\/li>\n<li>Dach-Kabelbaum<\/li>\n<li>Hinterer Kabelbaum mit Massekabeln<\/li>\n<li>Entsprechendes Elektroschema<\/li>\n<li>Installationshandbuch<\/li>\n<\/ul>\n<p>&nbsp;<\/p>\n<p>Dies sind alle Kabelb\u00e4ume, die Sie ben\u00f6tigen, um Ihren Traction Avant 11BL komplett zu \u00fcberholen.<\/p>\n<p>Alles ist professionell mit Isolierung und Schrumpfschlauch in den Originalfarben f\u00fcr einen sch\u00f6nen klassischen Look und eine garantiert lange Lebensdauer versehen.<\/p>\n<p>Haben Sie zus\u00e4tzliche Anforderungen wie z. B. Nebelschlussleuchten, Zusatzleuchten wie Scheinwerfer usw.?<\/p>\n<p>Bitte geben Sie Ihre Anforderungen im Kommentarbereich w\u00e4hrend des Bestellvorgangs an.<\/p>\n<p>Wir werden Sie kontaktieren, um die notwendigen Anpassungen zu besprechen.<\/p>\n<p>Das Produktbild kann abweichen.<\/p>","protected":false},"excerpt":{"rendered":"<p>Kabelbaumsatz f\u00fcr den Citro\u00ebn Traction Avant 11 BL von nach 1952.<\/p>\n<p>100% neu handgefertigt und einbaufertig.<\/p>\n<p>Alle Kabel\u00f6sen sind mit Schrumpfschl\u00e4uchen in den Originalfarben von Citro\u00ebn versehen.<\/p>\n<p>&nbsp;<\/p>","protected":false},"featured_media":8437,"comment_status":"open","ping_status":"closed","template":"","meta":[],"product_brand":[],"product_cat":[76,56,38],"product_tag":[69,68],"hf_cat_product":[252],"class_list":{"0":"post-3279","1":"product","2":"type-product","3":"status-publish","4":"has-post-thumbnail","6":"product_cat-kabelboom-sets","7":"product_cat-citroen-traction-avant","8":"product_cat-kabelbomen","9":"product_tag-citroen-traction-avant-11bl","10":"product_tag-kabelboom-set","11":"product_shipping_class-groot-pakket","13":"first","14":"instock","15":"taxable","16":"shipping-taxable","17":"purchasable","18":"product-type-simple"},"_links":{"self":[{"href":"https:\/\/www.kabelbomen.com\/de\/wp-json\/wp\/v2\/product\/3279","targetHints":{"allow":["GET"]}}],"collection":[{"href":"https:\/\/www.kabelbomen.com\/de\/wp-json\/wp\/v2\/product"}],"about":[{"href":"https:\/\/www.kabelbomen.com\/de\/wp-json\/wp\/v2\/types\/product"}],"replies":[{"embeddable":true,"href":"https:\/\/www.kabelbomen.com\/de\/wp-json\/wp\/v2\/comments?post=3279"}],"version-history":[{"count":1,"href":"https:\/\/www.kabelbomen.com\/de\/wp-json\/wp\/v2\/product\/3279\/revisions"}],"predecessor-version":[{"id":17012,"href":"https:\/\/www.kabelbomen.com\/de\/wp-json\/wp\/v2\/product\/3279\/revisions\/17012"}],"wp:featuredmedia":[{"embeddable":true,"href":"https:\/\/www.kabelbomen.com\/de\/wp-json\/wp\/v2\/media\/8437"}],"wp:attachment":[{"href":"https:\/\/www.kabelbomen.com\/de\/wp-json\/wp\/v2\/media?parent=3279"}],"wp:term":[{"taxonomy":"product_brand","embeddable":true,"href":"https:\/\/www.kabelbomen.com\/de\/wp-json\/wp\/v2\/product_brand?post=3279"},{"taxonomy":"product_cat","embeddable":true,"href":"https:\/\/www.kabelbomen.com\/de\/wp-json\/wp\/v2\/product_cat?post=3279"},{"taxonomy":"product_tag","embeddable":true,"href":"https:\/\/www.kabelbomen.com\/de\/wp-json\/wp\/v2\/product_tag?post=3279"},{"taxonomy":"hf_cat_product","embeddable":true,"href":"https:\/\/www.kabelbomen.com\/de\/wp-json\/wp\/v2\/hf_cat_product?post=3279"}],"curies":[{"name":"wp","href":"https:\/\/api.w.org\/{rel}","templated":true}]}}