{"id":3277,"date":"2020-04-25T12:57:55","date_gmt":"2020-04-25T10:57:55","guid":{"rendered":"https:\/\/www.kabelbomen.com\/?post_type=product&#038;p=3277"},"modified":"2025-07-13T12:27:34","modified_gmt":"2025-07-13T10:27:34","slug":"kabelbaumsatz-citroen-traction-avant-11bl-bis-1952","status":"publish","type":"product","link":"https:\/\/www.kabelbomen.com\/de\/product\/kabelboom-set-citroen-traction-avant-11bl-tot-1952\/","title":{"rendered":"Kabelbaumsatz Citro\u00ebn Traction Avant 11BL bis '52"},"content":{"rendered":"<p>Kabelbaumsatz komplett f\u00fcr den Citro\u00ebn Traction Avant 11BL bis zum Jahr 1952.<\/p>\n<p>Einbaufertig und anschlussfertig.<\/p>\n<p>Diese Version des Traction Avant trug auch den Spitznamen \"Sportje\". Sie erhielt diesen Namen<br \/>\naufgrund seiner schlanken und k\u00fcrzeren Karosserie im Vergleich zu anderen Modellen. Wurde auch Wheels genannt<br \/>\nerw\u00e4hnt, weil das Reserverad sichtbar hinten im Kofferraum montiert war. Alle<br \/>\nKabel sind f\u00fcr diese Version ma\u00dfgeschneidert.<\/p>\n<p>&nbsp;<\/p>\n<h5>Ein kompletter Verdrahtungssatz besteht aus:<\/h5>\n<ul>\n<li>2 Scheinwerferst\u00fccke L &amp; R mit Massekabeln<\/li>\n<li>Dynamo-Kabelbaum<\/li>\n<li>Kabelbaum f\u00fcr das Armaturenbrett<\/li>\n<li>Dach-Kabelbaum<\/li>\n<li>Hinterer Kabelbaum mit Massekabeln<\/li>\n<li>Entsprechendes Elektroschema<\/li>\n<li>Installationshandbuch (nur auf Niederl\u00e4ndisch verf\u00fcgbar)<\/li>\n<\/ul>\n<p>&nbsp;<\/p>\n<p>Dies sind alle Kabelb\u00e4ume, die Sie ben\u00f6tigen, um Ihren Traction Avant 11BL komplett zu \u00fcberholen.<\/p>\n<p>Alles ist professionell mit Isolierung und Schrumpfschlauch in den Originalfarben f\u00fcr einen sch\u00f6nen klassischen Look und eine garantiert lange Lebensdauer versehen.<\/p>\n<p>&nbsp;<\/p>\n<h5>Richtungsanzeiger<\/h5>\n<p>Ein Kabelbaumsatz f\u00fcr den Traction Avant wird immer mit Leitungen f\u00fcr Blinker geliefert.<\/p>\n<p>Auch wenn der Wagen bis 1952 nicht wie die Typen ab Werk mit Blinkern ausgestattet war.<\/p>\n<p>Eine Traction vor 1952 hat keine werkseitig eingebauten Fahrtrichtungsanzeiger (RAWs).<\/p>\n<p>Nat\u00fcrlich wurden diese sp\u00e4ter hinzugef\u00fcgt, aber das k\u00f6nnte an verschiedenen Stellen sein:<\/p>\n<p>&nbsp;<\/p>\n<h6>RAWs Vorderseite<\/h6>\n<ul>\n<li>An den vorderen Kotfl\u00fcgeln, so wie sie ab 1952 werksseitig montiert wurden<\/li>\n<li>An der vorderen Sto\u00dfstange<\/li>\n<\/ul>\n<p>&nbsp;<\/p>\n<h6>Die R\u00fcckseite von RAW<\/h6>\n<ul>\n<li>An der C-S\u00e4ule, an der Stelle, die nach 1952 werkseitig angebracht wurde<\/li>\n<li>An den hinteren Kotfl\u00fcgeln<\/li>\n<li>An der Sto\u00dfstange hinten<\/li>\n<\/ul>\n<p>&nbsp;<\/p>\n<h6>Schalter f\u00fcr Fahrtrichtungsanzeiger<\/h6>\n<ul>\n<li>Im Armaturenbrett, an der Stelle, die das Werk nach 1952 vorgesehen hat<\/li>\n<li>Links neben der Instrumententafel<\/li>\n<\/ul>\n<p>&nbsp;<\/p>\n<p>Alle diese M\u00f6glichkeiten haben wir in den letzten Jahren bereits erlebt.<br \/>\nDaher k\u00f6nnen wir dieses Set nicht vorr\u00e4tig haben und m\u00fcssen es individuell anpassen.<\/p>\n<p>Wir bitten Sie, uns Bilder von der Platzierung der RAWs vorne und hinten sowie von der Position des RAW-Schalters im Armaturenbrett zu schicken.<\/p>\n<p>Infolgedessen betr\u00e4gt die Lieferzeit 4-5 Wochen nach Erhalt der korrekten Daten.<\/p>\n<p>Nach Ihrer Bestellung werden wir uns mit Ihnen in Verbindung setzen, um alles genau zu besprechen.<\/p>\n<p>&nbsp;<\/p>\n<h5>Zus\u00e4tzliche Anforderungen<\/h5>\n<p>Haben Sie zus\u00e4tzliche Anforderungen wie z. B. Nebelschlussleuchten, Zusatzlampen usw.? \u00dcberhaupt kein Problem.<\/p>\n<p>Sie k\u00f6nnen Ihre Anforderungen im Kommentarfeld w\u00e4hrend des Bestellvorgangs angeben und wir werden Sie auf jeden Fall nach Ihrer Bestellung kontaktieren, um alles zu besprechen.<\/p>\n<p>Die abgebildeten Produktfotos k\u00f6nnen abweichen.<\/p>","protected":false},"excerpt":{"rendered":"<p>Kabelbaumsatz f\u00fcr den Citro\u00ebn Traction Avant 11 BL von vor 1952.<\/p>\n<p>100% neu handgefertigt, perfekt dimensioniert und einbaufertig.<\/p>\n<p>Alle Kabel\u00f6sen sind mit Schrumpfschl\u00e4uchen in den Originalfarben von Citro\u00ebn versehen.<\/p>\n<p>&nbsp;<\/p>","protected":false},"featured_media":8437,"comment_status":"open","ping_status":"closed","template":"","meta":[],"product_brand":[],"product_cat":[76,56,38],"product_tag":[69,68],"hf_cat_product":[252],"class_list":{"0":"post-3277","1":"product","2":"type-product","3":"status-publish","4":"has-post-thumbnail","6":"product_cat-kabelboom-sets","7":"product_cat-citroen-traction-avant","8":"product_cat-kabelbomen","9":"product_tag-citroen-traction-avant-11bl","10":"product_tag-kabelboom-set","11":"product_shipping_class-groot-pakket","13":"first","14":"instock","15":"taxable","16":"shipping-taxable","17":"purchasable","18":"product-type-simple"},"_links":{"self":[{"href":"https:\/\/www.kabelbomen.com\/de\/wp-json\/wp\/v2\/product\/3277","targetHints":{"allow":["GET"]}}],"collection":[{"href":"https:\/\/www.kabelbomen.com\/de\/wp-json\/wp\/v2\/product"}],"about":[{"href":"https:\/\/www.kabelbomen.com\/de\/wp-json\/wp\/v2\/types\/product"}],"replies":[{"embeddable":true,"href":"https:\/\/www.kabelbomen.com\/de\/wp-json\/wp\/v2\/comments?post=3277"}],"version-history":[{"count":1,"href":"https:\/\/www.kabelbomen.com\/de\/wp-json\/wp\/v2\/product\/3277\/revisions"}],"predecessor-version":[{"id":17011,"href":"https:\/\/www.kabelbomen.com\/de\/wp-json\/wp\/v2\/product\/3277\/revisions\/17011"}],"wp:featuredmedia":[{"embeddable":true,"href":"https:\/\/www.kabelbomen.com\/de\/wp-json\/wp\/v2\/media\/8437"}],"wp:attachment":[{"href":"https:\/\/www.kabelbomen.com\/de\/wp-json\/wp\/v2\/media?parent=3277"}],"wp:term":[{"taxonomy":"product_brand","embeddable":true,"href":"https:\/\/www.kabelbomen.com\/de\/wp-json\/wp\/v2\/product_brand?post=3277"},{"taxonomy":"product_cat","embeddable":true,"href":"https:\/\/www.kabelbomen.com\/de\/wp-json\/wp\/v2\/product_cat?post=3277"},{"taxonomy":"product_tag","embeddable":true,"href":"https:\/\/www.kabelbomen.com\/de\/wp-json\/wp\/v2\/product_tag?post=3277"},{"taxonomy":"hf_cat_product","embeddable":true,"href":"https:\/\/www.kabelbomen.com\/de\/wp-json\/wp\/v2\/hf_cat_product?post=3277"}],"curies":[{"name":"wp","href":"https:\/\/api.w.org\/{rel}","templated":true}]}}