{"id":2663,"date":"2020-03-25T13:21:37","date_gmt":"2020-03-25T12:21:37","guid":{"rendered":"https:\/\/www.kabelbomen.com\/?post_type=product&#038;p=2663"},"modified":"2025-07-09T13:33:16","modified_gmt":"2025-07-09T11:33:16","slug":"dach-kabelbaum-traktion-avant-11bl-11bn-nach-1952-und-15-six","status":"publish","type":"product","link":"https:\/\/www.kabelbomen.com\/de\/product\/dak-kabelboom-traction-avant-11bl-11bn-na-1952-en-15-six\/","title":{"rendered":"Dachkabelbaum Traction Avant 11BL oder 11BN nach '52 \/ 15-Six"},"content":{"rendered":"<p>Kabelbaum f\u00fcr u.a. die Beleuchtung der Deckenleuchte, des Tankschwimmers, der Standlichter im B-Stil und der Blinker im C-Stil im Citro\u00ebn Traction Avant 11BL oder 11BN ab 1952. Wird auch als Dachbaum bezeichnet.<\/p>\n<p>Der 11BN kann auch am 15-Six verwendet werden.<\/p>\n<p>Dient auch zur Verbindung mit dem <a href=\"https:\/\/www.kabelbomen.com\/de\/webshop\/kabelbaum-kofferraum-traction-avant-11bl-oder-11bn-nach-52-15-six\/\">Kofferraum-Kabelbaum f\u00fcr die R\u00fcckleuchten<\/a><\/p>\n<p>Wir k\u00f6nnen alle denkbaren Kabelb\u00e4ume f\u00fcr alle Jahre und alle Typen von Citro\u00ebn Traction Avant liefern, mit allen Modifikationen, die der Kunde w\u00fcnscht.<\/p>\n<p>Bei Fragen oder einer konkreten Bestellung k\u00f6nnen Sie <a href=\"https:\/\/www.kabelbomen.com\/de\/kontakt\/\">kontaktieren<\/a>\u00a0Sie uns nach den M\u00f6glichkeiten.<\/p>\n<p>Abbildung kann abweichen.<\/p>","protected":false},"excerpt":{"rendered":"<p>Dachkabelbaum f\u00fcr den Citro\u00ebn Traction Avant 11BL oder 11BN von nach 1952.<\/p>\n<p>Der Dachkabelbaum 11BN ist auch f\u00fcr den 15-Six geeignet.<\/p>\n<p>Aber hier haben Sie die Wahl.<\/p>","protected":false},"featured_media":8588,"comment_status":"open","ping_status":"closed","template":"","meta":[],"product_brand":[],"product_cat":[56,38],"product_tag":[69,70,75,57,34],"hf_cat_product":[252],"class_list":{"0":"post-2663","1":"product","2":"type-product","3":"status-publish","4":"has-post-thumbnail","6":"product_cat-citroen-traction-avant","7":"product_cat-kabelbomen","8":"product_tag-citroen-traction-avant-11bl","9":"product_tag-citroen-traction-avant-11bn","10":"product_tag-citroen-traction-avant-15-six","11":"product_tag-dakboom","12":"product_tag-kabelboom","13":"product_shipping_class-groot-pakket","15":"first","16":"instock","17":"taxable","18":"shipping-taxable","19":"purchasable","20":"product-type-variable","21":"has-default-attributes"},"_links":{"self":[{"href":"https:\/\/www.kabelbomen.com\/de\/wp-json\/wp\/v2\/product\/2663","targetHints":{"allow":["GET"]}}],"collection":[{"href":"https:\/\/www.kabelbomen.com\/de\/wp-json\/wp\/v2\/product"}],"about":[{"href":"https:\/\/www.kabelbomen.com\/de\/wp-json\/wp\/v2\/types\/product"}],"replies":[{"embeddable":true,"href":"https:\/\/www.kabelbomen.com\/de\/wp-json\/wp\/v2\/comments?post=2663"}],"version-history":[{"count":1,"href":"https:\/\/www.kabelbomen.com\/de\/wp-json\/wp\/v2\/product\/2663\/revisions"}],"predecessor-version":[{"id":16989,"href":"https:\/\/www.kabelbomen.com\/de\/wp-json\/wp\/v2\/product\/2663\/revisions\/16989"}],"wp:featuredmedia":[{"embeddable":true,"href":"https:\/\/www.kabelbomen.com\/de\/wp-json\/wp\/v2\/media\/8588"}],"wp:attachment":[{"href":"https:\/\/www.kabelbomen.com\/de\/wp-json\/wp\/v2\/media?parent=2663"}],"wp:term":[{"taxonomy":"product_brand","embeddable":true,"href":"https:\/\/www.kabelbomen.com\/de\/wp-json\/wp\/v2\/product_brand?post=2663"},{"taxonomy":"product_cat","embeddable":true,"href":"https:\/\/www.kabelbomen.com\/de\/wp-json\/wp\/v2\/product_cat?post=2663"},{"taxonomy":"product_tag","embeddable":true,"href":"https:\/\/www.kabelbomen.com\/de\/wp-json\/wp\/v2\/product_tag?post=2663"},{"taxonomy":"hf_cat_product","embeddable":true,"href":"https:\/\/www.kabelbomen.com\/de\/wp-json\/wp\/v2\/hf_cat_product?post=2663"}],"curies":[{"name":"wp","href":"https:\/\/api.w.org\/{rel}","templated":true}]}}