{"id":2608,"date":"2020-03-24T21:27:19","date_gmt":"2020-03-24T20:27:19","guid":{"rendered":"https:\/\/www.kabelbomen.com\/?post_type=product&#038;p=2608"},"modified":"2025-08-01T21:51:45","modified_gmt":"2025-08-01T19:51:45","slug":"kabelbaum-kofferraum-traction-avant-11bl-oder-11bn-nach-52-15-six","status":"publish","type":"product","link":"https:\/\/www.kabelbomen.com\/de\/product\/kofferbak-kabelboom-traction-avant-11bl-bn-15-six\/","title":{"rendered":"Kabelbaum f\u00fcr R\u00fccklicht Traction Avant 11BL oder 11BN nach '52 \/ 15-Six"},"content":{"rendered":"<p>R\u00fcckleuchtenkabelbaum, auch Kofferraum-\/Kofferraumdeckelkabelbaum genannt, f\u00fcr die R\u00fcckleuchten des Citro\u00ebn Traction Avant 11BL oder des 11BN des Modelljahres nach 1952. Der 11BN kann auch f\u00fcr den 15-Six verwendet werden.<\/p>\n<p>Diese haben eine Heckklappe, unter der sich das Reserverad befindet. Die 11BL-Version ist etwas schmaler, so dass der Kabelbaum eine etwas andere Gr\u00f6\u00dfe hat. Sie k\u00f6nnen daher Ihren spezifischen Kabelbaum w\u00e4hlen.<\/p>\n<p>Der Kabelbaum steuert die folgenden Verbraucher:<\/p>\n<ul>\n<li>Beleuchtung des Nummernschilds<\/li>\n<li>Bremslicht links<\/li>\n<li>Bremsleuchte rechts<\/li>\n<li>Linkes R\u00fccklicht<\/li>\n<li>Rechtes R\u00fccklicht<\/li>\n<li>Fahrtrichtungsanzeiger rechts hinten<\/li>\n<\/ul>\n<p>&nbsp;<\/p>\n<h5><strong>Hintergrundinformationen R\u00fccklicht Kabelbaum Traction Avant<\/strong><\/h5>\n<p>Bis 1952 befand sich das Nummernschild auf dem linken Kotfl\u00fcgel. Das Nummernschild wurde mit der gleichen Gl\u00fchbirne wie die Scheinwerfer beleuchtet. Es gab keinen separaten Kabelbaum f\u00fcr die R\u00fcckleuchten. Die Leuchten und Bremslichter wurden direkt an den Dachkabelbaum angeschlossen.<\/p>\n<p>1952 wurden viele \u00c4nderungen an der Traction Avant vorgenommen. Aus dem \"Rad\" wurde ein Kofferraum. Das Reserverad wurde Teil des Kofferraums. Das Nummernschild wanderte in den Kofferraum und die Nummernschildbeleuchtung wurde dar\u00fcber angebracht. Von da an wird die <a href=\"https:\/\/www.kabelbomen.com\/de\/webshop\/dachkabelbaum-traktion-avant-11bl-11bn-bis-1952\/\">Dachkabelbaum<\/a> hinten links in der N\u00e4he der Hutablage. Dort befindet sich eine 3-polige Buchsenleiste, an die der Kabelbaum f\u00fcr die R\u00fcckleuchten, Bremsleuchten und Blinker hinten rechts angeschlossen wird. Dies ist der Kabelbaum, den Sie auf dem Bild sehen.<\/p>\n<p>Die Situation nach 1952 ist viel besser und deshalb wenden wir sie auch auf die Traktionen von vor 1952 an.<br \/>\nDa die Modelljahre bis 1952 keine Blinker hatten, m\u00fcssen diese Dr\u00e4hte nach der Diskussion \u00fcber die Platzierung hinzugef\u00fcgt werden. Normalerweise werden sie an der C-S\u00e4ule angebracht, manchmal aber auch, um der Originalit\u00e4t willen, an der hinteren Sto\u00dfstange oder im gleichen Geh\u00e4use wie die Leuchten und Bremslichter am Kotfl\u00fcgel.<\/p>\n<p>&nbsp;<\/p>\n<h5><strong>Abnehmen des Kofferraumdeckels\u00a0<\/strong><\/h5>\n<p>Um den Kofferraumdeckel abnehmen zu k\u00f6nnen, ohne die Verkabelung im Kofferraum zu l\u00f6sen, wurde eine Steckverbindung in die Abzweigung zur Kennzeichenbeleuchtung eingebaut. Dies ist der auf dem Bild gezeigte Kabelbaum.<br \/>\nIn allen F\u00e4llen gibt es Massekabel zu den linken R\u00fcckleuchten, den rechten R\u00fcckleuchten und den Nummernschildleuchten am Kofferraum.<br \/>\nEine Masseverbindung \u00fcber die Kofferraumscharniere und den Schlossf\u00e4nger erwies sich als unzuverl\u00e4ssige Verbindung und f\u00fchrte fast immer zu blinkenden Leuchten.<\/p>\n<p>&nbsp;<\/p>\n<h5><strong>Besondere Situationen<\/strong><\/h5>\n<p>Einige Traktionen von vor 1952 haben Jockey's an der C-S\u00e4ule. Oftmals installiert, bevor das Auto auf die Stra\u00dfe kommt. Ein Jockey ist eine Kombination aus einem Blinker und einem Standlicht in einem Geh\u00e4use. In diesem Fall werden zwei zus\u00e4tzliche Dr\u00e4hte f\u00fcr das Standlicht ben\u00f6tigt.<\/p>\n<p>Dann haben wir die ungew\u00f6hnliche Situation des Traction Avant Commerciale. Dieser wurde seinerzeit auch als LKW und Krankenwagen eingesetzt. Aufgrund des Fehlens der Hutablage haben wir es hier mit einem R\u00fccklichtkabelbaum speziell f\u00fcr dieses Modell zu tun.<\/p>\n<p>Wir liefern jedoch alle denkbaren Kabelb\u00e4ume f\u00fcr alle Jahre und alle Typen von Citro\u00ebn Traction Avant, mit allen vom Kunden gew\u00fcnschten Modifikationen.<\/p>\n<p>Bei Fragen oder einer konkreten Bestellung k\u00f6nnen Sie <a href=\"https:\/\/www.kabelbomen.com\/de\/kontakt\/\">kontaktieren<\/a> Sie uns nach den M\u00f6glichkeiten.<\/p>","protected":false},"excerpt":{"rendered":"<p>Kabelbaum f\u00fcr die R\u00fcckleuchten, auch Kofferraum-\/Kofferraumdeckelkabelbaum genannt. Speziell f\u00fcr die R\u00fcckleuchten am Citro\u00ebn Traction Avant 11BL oder 11BN nach 1952 \/ 15-Six.<\/p>\n<p>Die Verkabelung der Kennzeichenbeleuchtung ist so ausgef\u00fchrt, dass sie \u00fcber eine Steckverbindung leicht zu l\u00f6sen ist. So k\u00f6nnen Sie den Kofferraumdeckel sp\u00e4ter leicht demontieren, ohne die gesamte Verkabelung entfernen zu m\u00fcssen.<\/p>\n<p>Einschlie\u00dflich Massekabel zu den Kotfl\u00fcgeln.<\/p>\n<p style=\"font-weight: 400;\">","protected":false},"featured_media":17066,"comment_status":"open","ping_status":"closed","template":"","meta":[],"product_brand":[],"product_cat":[56,38],"product_tag":[175,69,70,75,34,58],"hf_cat_product":[252],"class_list":{"0":"post-2608","1":"product","2":"type-product","3":"status-publish","4":"has-post-thumbnail","6":"product_cat-citroen-traction-avant","7":"product_cat-kabelbomen","8":"product_tag-achterlichtboom","9":"product_tag-citroen-traction-avant-11bl","10":"product_tag-citroen-traction-avant-11bn","11":"product_tag-citroen-traction-avant-15-six","12":"product_tag-kabelboom","13":"product_tag-kofferbak-kabelboom","14":"product_shipping_class-groot-pakket","16":"first","17":"instock","18":"taxable","19":"shipping-taxable","20":"purchasable","21":"product-type-variable","22":"has-default-attributes"},"_links":{"self":[{"href":"https:\/\/www.kabelbomen.com\/de\/wp-json\/wp\/v2\/product\/2608","targetHints":{"allow":["GET"]}}],"collection":[{"href":"https:\/\/www.kabelbomen.com\/de\/wp-json\/wp\/v2\/product"}],"about":[{"href":"https:\/\/www.kabelbomen.com\/de\/wp-json\/wp\/v2\/types\/product"}],"replies":[{"embeddable":true,"href":"https:\/\/www.kabelbomen.com\/de\/wp-json\/wp\/v2\/comments?post=2608"}],"version-history":[{"count":8,"href":"https:\/\/www.kabelbomen.com\/de\/wp-json\/wp\/v2\/product\/2608\/revisions"}],"predecessor-version":[{"id":17139,"href":"https:\/\/www.kabelbomen.com\/de\/wp-json\/wp\/v2\/product\/2608\/revisions\/17139"}],"wp:featuredmedia":[{"embeddable":true,"href":"https:\/\/www.kabelbomen.com\/de\/wp-json\/wp\/v2\/media\/17066"}],"wp:attachment":[{"href":"https:\/\/www.kabelbomen.com\/de\/wp-json\/wp\/v2\/media?parent=2608"}],"wp:term":[{"taxonomy":"product_brand","embeddable":true,"href":"https:\/\/www.kabelbomen.com\/de\/wp-json\/wp\/v2\/product_brand?post=2608"},{"taxonomy":"product_cat","embeddable":true,"href":"https:\/\/www.kabelbomen.com\/de\/wp-json\/wp\/v2\/product_cat?post=2608"},{"taxonomy":"product_tag","embeddable":true,"href":"https:\/\/www.kabelbomen.com\/de\/wp-json\/wp\/v2\/product_tag?post=2608"},{"taxonomy":"hf_cat_product","embeddable":true,"href":"https:\/\/www.kabelbomen.com\/de\/wp-json\/wp\/v2\/hf_cat_product?post=2608"}],"curies":[{"name":"wp","href":"https:\/\/api.w.org\/{rel}","templated":true}]}}