{"id":17957,"date":"2026-03-08T18:35:20","date_gmt":"2026-03-08T17:35:20","guid":{"rendered":"https:\/\/www.kabelbomen.com\/?post_type=product&#038;p=17957"},"modified":"2026-03-14T12:17:14","modified_gmt":"2026-03-14T11:17:14","slug":"zundspule-zundmodul-kabelbaumv2-peugeot-205-phase1","status":"publish","type":"product","link":"https:\/\/www.kabelbomen.com\/de\/product\/bobine-ontstekingsmodule-kabelboomv2-peugeot-205-fase1\/","title":{"rendered":"Z\u00fcndspule Kabelbaum Typ 2 Peugeot 205 GTI \/ CTI | Phase 1"},"content":{"rendered":"<p>Kabelbaum zur Steuerung des Z\u00fcndmoduls, der Spule und des Z\u00fcndverteilers im Peugeot 205 GTI \/ CTI Phase 1.<\/p>\n<p>H\u00e4ufig zu finden in den 205 GTI \/ CTI 1.6 Modellen mit den XU5J (180A und 180Z) Motoren. Aber auch in einigen CTI-Cabriolets mit dem 1,9-Liter-Motor XU9J1 (DFZ).<\/p>\n<p>&nbsp;<\/p>\n<h5><strong>Original und Qualit\u00e4t<\/strong><\/h5>\n<p>Der Kabelbaum hat die Originalabmessungen und ist 100% neu.<\/p>\n<p>Der rote 1-polige Stecker war urspr\u00fcnglich meist gelb, manchmal auch andersfarbig. Gelb ist nicht verf\u00fcgbar, weshalb wir rot verwenden.<\/p>\n<p>Aus Gr\u00fcnden der Festigkeit und zur Vermeidung von Korrosion und Kurzschl\u00fcssen wird jede Verbindung zwischen Kupferleiter und Kabelschuh mit Schrumpfschlauch versehen. Dies ist unser Standardverfahren. Dadurch zeichnen sich unsere Kabelb\u00e4ume durch eine besonders lange und zuverl\u00e4ssige Lebensdauer aus.<\/p>\n<p>&nbsp;<\/p>\n<h5><strong>Verschiedene Versionen<\/strong><\/h5>\n<p>Es gibt mehrere Versionen dieses Kabelbaums.<\/p>\n<p>Wir unterteilen 2 Typen:<\/p>\n<p>Typ 1: Dieser hat einen wei\u00dfen 2-poligen Anschlussstecker und einen schwarzen 1-poligen Anschlussstecker.<\/p>\n<p>Typ 2: Dieser hat 1 wei\u00dfen 2-poligen Kupplungsstecker und 1 braunen 2-poligen Kupplungsstecker.<\/p>\n<p>Suchen Sie eine andere Version als die abgebildete? Dann nehmen Sie bitte <a href=\"https:\/\/www.kabelbomen.com\/de\/kontakt\/\">kontaktieren<\/a> mit uns, damit wir durchsprechen k\u00f6nnen, was genau Sie brauchen. Wir werden dann genau das Richtige f\u00fcr Sie machen.<\/p>\n<p>&nbsp;<\/p>\n<h5><strong>Lage und Anschluss des Z\u00fcndmoduls\/Spulen-Kabelbaums<\/strong><\/h5>\n<p>Der Kabelbaum wird \u00fcber den wei\u00dfen 2-poligen Stecker mit dem Hauptkabelbaum im Motorraum verbunden. Der Kabelbaum steuert das Z\u00fcndmodul und die Z\u00fcndspule.<\/p>\n<p>&nbsp;<\/p>\n<h5><strong>\u00dcbersicht \u00fcber die Verbindungen des Typs 2<\/strong><\/h5>\n<ul>\n<li>Stecker braun 2-polig | Kupplungskabelbaum<\/li>\n<li>Stecker wei\u00df 2-polig Stecker | Kupplung Kabelbaum<\/li>\n<li>Stecker schwarz 7-polig Buchse | Verst\u00e4rker Z\u00fcndmodulanschluss<\/li>\n<li>Stecker schwarz 3-polig Buchse | Stromverteiler Z\u00fcndung<\/li>\n<li>Stecker zu Kabel wei\u00df | Z\u00fcndspule<\/li>\n<li>Stecker zu Kabel blau | Z\u00fcndspule<\/li>\n<li>\u00d6se M6, Leitung gelb \/ gr\u00fcn | Masse<\/li>\n<\/ul>","protected":false},"excerpt":{"rendered":"<p>Kabelbaum zur Steuerung des Z\u00fcndmoduls, des Z\u00fcndverteilers und der Z\u00fcndspule in den Peugeot 205 GTI \/ CTI Phase 1 Modellen.<\/p>\n<p>H\u00e4ufig zu finden in den 205 GTI \/ CTI Phase 1 Modellen mit 1,6-Liter-Motoren. Diese wurden mit dem XU5J (180A und 180Z) 105PS Motor und dem XU5JA (B6D) 115PS Motor ausgeliefert.<\/p>\n<p>Auch in den fr\u00fcheren 205 CTI-Modellen mit dem 1,9-Liter-Motor XU9J1 (DFZ) zu finden.<\/p>\n<p>Es gibt mehrere Versionen dieses Kabelauslegers.<\/p>\n<p>Wir unterteilen diese in Typ 1 und Typ 2.<\/p>\n<p>Typ 1 hat 1 wei\u00dfen 2-poligen Kupplungsstecker<\/p>\n<p>Typ 2 hat sowohl einen wei\u00dfen als auch einen braunen 2-poligen Kupplungsstecker<\/p>\n<p>Sie suchen ein anderes als das abgebildete Modell? Dann nehmen Sie bitte <a href=\"https:\/\/www.kabelbomen.com\/de\/kontakt\/\">kontaktieren<\/a> und wir werden genau das anfertigen, was Sie brauchen.<\/p>\n<p>Weitere Informationen finden Sie in der nachstehenden Beschreibung.<\/p>","protected":false},"featured_media":17944,"comment_status":"open","ping_status":"closed","template":"","meta":[],"product_brand":[],"product_cat":[61,38],"product_tag":[114,354,47,34,353,173,396,397,395],"hf_cat_product":[253],"class_list":{"0":"post-17957","1":"product","2":"type-product","3":"status-publish","4":"has-post-thumbnail","6":"product_cat-peugeot-205","7":"product_cat-kabelbomen","8":"product_tag-205-gti","9":"product_tag-bobine","10":"product_tag-fase-1","11":"product_tag-kabelboom","12":"product_tag-ontsteking","13":"product_tag-xu-motor","14":"product_tag-xu5j-180a-180z","15":"product_tag-xu5ja-b6d","16":"product_tag-xu9j1-dfz","18":"first","19":"instock","20":"taxable","21":"shipping-taxable","22":"purchasable","23":"product-type-variable","24":"has-default-attributes"},"_links":{"self":[{"href":"https:\/\/www.kabelbomen.com\/de\/wp-json\/wp\/v2\/product\/17957","targetHints":{"allow":["GET"]}}],"collection":[{"href":"https:\/\/www.kabelbomen.com\/de\/wp-json\/wp\/v2\/product"}],"about":[{"href":"https:\/\/www.kabelbomen.com\/de\/wp-json\/wp\/v2\/types\/product"}],"replies":[{"embeddable":true,"href":"https:\/\/www.kabelbomen.com\/de\/wp-json\/wp\/v2\/comments?post=17957"}],"version-history":[{"count":4,"href":"https:\/\/www.kabelbomen.com\/de\/wp-json\/wp\/v2\/product\/17957\/revisions"}],"predecessor-version":[{"id":18106,"href":"https:\/\/www.kabelbomen.com\/de\/wp-json\/wp\/v2\/product\/17957\/revisions\/18106"}],"wp:featuredmedia":[{"embeddable":true,"href":"https:\/\/www.kabelbomen.com\/de\/wp-json\/wp\/v2\/media\/17944"}],"wp:attachment":[{"href":"https:\/\/www.kabelbomen.com\/de\/wp-json\/wp\/v2\/media?parent=17957"}],"wp:term":[{"taxonomy":"product_brand","embeddable":true,"href":"https:\/\/www.kabelbomen.com\/de\/wp-json\/wp\/v2\/product_brand?post=17957"},{"taxonomy":"product_cat","embeddable":true,"href":"https:\/\/www.kabelbomen.com\/de\/wp-json\/wp\/v2\/product_cat?post=17957"},{"taxonomy":"product_tag","embeddable":true,"href":"https:\/\/www.kabelbomen.com\/de\/wp-json\/wp\/v2\/product_tag?post=17957"},{"taxonomy":"hf_cat_product","embeddable":true,"href":"https:\/\/www.kabelbomen.com\/de\/wp-json\/wp\/v2\/hf_cat_product?post=17957"}],"curies":[{"name":"wp","href":"https:\/\/api.w.org\/{rel}","templated":true}]}}