{"id":17198,"date":"2025-08-23T12:05:55","date_gmt":"2025-08-23T10:05:55","guid":{"rendered":"https:\/\/www.kabelbomen.com\/?post_type=product&#038;p=17198"},"modified":"2026-03-19T10:45:37","modified_gmt":"2026-03-19T09:45:37","slug":"peugeot-205-sicherungskasten-renoviert","status":"publish","type":"product","link":"https:\/\/www.kabelbomen.com\/de\/product\/zekeringskast-peugeot-205-refurbished\/","title":{"rendered":"Peugeot 205\/309 Sicherungskasten - Refurbished"},"content":{"rendered":"<p>Original DAV \u00fcberholter Sicherungskasten \/ Relaiskasten f\u00fcr den Peugeot 205 und 309.<\/p>\n<p>Zu finden in allen Peugeot 205- und 309-Typen und verschiedenen anderen Autos aus den 80er und 90er Jahren.<\/p>\n<p>Der Preis versteht sich ohne Sicherungen und Relais. Speziell auf Anfrage k\u00f6nnen wir bei Bedarf mit Sicherungen und Relais liefern.<\/p>\n<p>&nbsp;<\/p>\n<h5><strong>Original<\/strong><\/h5>\n<p>Dies ist ein originaler DAV-Sicherungskasten in sehr gutem Zustand.<\/p>\n<p>&nbsp;<\/p>\n<h5><strong>Standort und Funktion<\/strong><\/h5>\n<p>Der Sicherungskasten befindet sich auf der Fahrerseite unter dem Lenkrad und sichert alle elektrischen Komponenten im Peugeot 205 und Peugeot 309 und anderen Modellen. Auch sieht f\u00fcr die Platzierung von verschiedenen Relais. Sowohl f\u00fcr LHD als auch f\u00fcr RHD.<\/p>\n<p>&nbsp;<\/p>\n<h5><strong>Implementierung<\/strong><\/h5>\n<p>Es sind 3 Arten von Sicherungsk\u00e4sten im Umlauf.<\/p>\n<ul>\n<li>Version 1 mit 13 Sicherungspositionen. An der 14. Position kann keine Sicherung eingesetzt werden. Dort befinden sich keine Kontaktstifte.<\/li>\n<li>Version 2 mit 13 Sicherungspl\u00e4tzen. Wie Version 1, aber mit einer speziellen Metallklammer an der Vorderseite zur Befestigung (bis etwa November 1987).<\/li>\n<li>Version 3 mit 14 Sicherungspositionen, von denen alle 14 intern miteinander verbunden sind. Eine Sicherung KANN in der 14. Position platziert werden. Die Kontaktstifte sind eindeutig vorhanden.<\/li>\n<\/ul>\n<p>&nbsp;<\/p>\n<p>Sie k\u00f6nnen leicht erkennen, welchen Typ Sie haben. Wenn die rechte Sicherungsposition (14. Position) eine Sicherung enth\u00e4lt, haben Sie Version 3 mit 14 Sicherungen. Wenn keine Sicherung vorhanden ist, pr\u00fcfen Sie die Kontaktstifte. Wenn Sie an der 14. Position Kupferstifte sehen, haben Sie Version 3. Wenn keine Stifte vorhanden sind, haben Sie Version 1.<\/p>\n<p>Wir haben beide Versionen verf\u00fcgbar. Beide Versionen sind sowohl f\u00fcr LHD und RHD.<\/p>\n<p>Nach dem Kauf werden wir uns mit Ihnen in Verbindung setzen, um Ihnen zu best\u00e4tigen, welchen Typ Sie haben.<\/p>\n<p>&nbsp;<\/p>","protected":false},"excerpt":{"rendered":"<p>Original DAV \u00fcberholter Sicherungskasten \/ Relaiskasten f\u00fcr den Peugeot 205 und Peugeot 309. Befindet sich auf der Fahrerseite unter dem Lenkgetriebe. F\u00fcr LHD und RHD.<\/p>\n<p>Auch in mehreren anderen Fahrzeugen angewandt.<\/p>\n<p>Wird ohne Sicherungen und Relais geliefert. Kann auf Anfrage mit Sicherungen und Relais geliefert werden.<\/p>\n<p>Die schwarze Kapuze kann separat f\u00fcr 15 \u20ac bestellt werden.<\/p>\n<p>Treffen Sie unten Ihre Wahl f\u00fcr die gew\u00fcnschte Version:<\/p>\n<p>Version 1: Diese hat 14 Positionen, aber nur 13 sind f\u00fcr eine Sicherung geeignet. Die letzte Position hat keine Kontaktstifte.<\/p>\n<p>Version 2: Dies ist die gleiche wie Version 1, hat aber einen Metallclip an der Vorderseite. Dies wurde in der 205 bis etwa November 1987 ausgestattet. Wir haben diese sehr sp\u00e4rlich auf Lager!<\/p>\n<p>Version 3: Diese hat an der 14. Position WELL-Kontaktstifte, wo sich normalerweise eine Sicherung befindet.<\/p>\n<p>Weitere Informationen finden Sie in der nachstehenden Beschreibung.<\/p>","protected":false},"featured_media":17744,"comment_status":"open","ping_status":"closed","template":"","meta":[],"product_brand":[],"product_cat":[61,187,369],"product_tag":[114,383,47,48,46,185,173,312,372],"hf_cat_product":[375],"class_list":{"0":"post-17198","1":"product","2":"type-product","3":"status-publish","4":"has-post-thumbnail","6":"product_cat-peugeot-205","7":"product_cat-peugeot-309","8":"product_cat-zekeringskast","9":"product_tag-205-gti","10":"product_tag-383","11":"product_tag-fase-1","12":"product_tag-fase-1-5","13":"product_tag-fase-2","14":"product_tag-tu-motor","15":"product_tag-xu-motor","16":"product_tag-xy-motor","17":"product_tag-zekeringskasten","19":"first","20":"instock","21":"purchasable","22":"product-type-variable","23":"has-default-attributes"},"_links":{"self":[{"href":"https:\/\/www.kabelbomen.com\/de\/wp-json\/wp\/v2\/product\/17198","targetHints":{"allow":["GET"]}}],"collection":[{"href":"https:\/\/www.kabelbomen.com\/de\/wp-json\/wp\/v2\/product"}],"about":[{"href":"https:\/\/www.kabelbomen.com\/de\/wp-json\/wp\/v2\/types\/product"}],"replies":[{"embeddable":true,"href":"https:\/\/www.kabelbomen.com\/de\/wp-json\/wp\/v2\/comments?post=17198"}],"version-history":[{"count":24,"href":"https:\/\/www.kabelbomen.com\/de\/wp-json\/wp\/v2\/product\/17198\/revisions"}],"predecessor-version":[{"id":18017,"href":"https:\/\/www.kabelbomen.com\/de\/wp-json\/wp\/v2\/product\/17198\/revisions\/18017"}],"wp:featuredmedia":[{"embeddable":true,"href":"https:\/\/www.kabelbomen.com\/de\/wp-json\/wp\/v2\/media\/17744"}],"wp:attachment":[{"href":"https:\/\/www.kabelbomen.com\/de\/wp-json\/wp\/v2\/media?parent=17198"}],"wp:term":[{"taxonomy":"product_brand","embeddable":true,"href":"https:\/\/www.kabelbomen.com\/de\/wp-json\/wp\/v2\/product_brand?post=17198"},{"taxonomy":"product_cat","embeddable":true,"href":"https:\/\/www.kabelbomen.com\/de\/wp-json\/wp\/v2\/product_cat?post=17198"},{"taxonomy":"product_tag","embeddable":true,"href":"https:\/\/www.kabelbomen.com\/de\/wp-json\/wp\/v2\/product_tag?post=17198"},{"taxonomy":"hf_cat_product","embeddable":true,"href":"https:\/\/www.kabelbomen.com\/de\/wp-json\/wp\/v2\/hf_cat_product?post=17198"}],"curies":[{"name":"wp","href":"https:\/\/api.w.org\/{rel}","templated":true}]}}