{"id":17176,"date":"2025-08-23T10:39:41","date_gmt":"2025-08-23T08:39:41","guid":{"rendered":"https:\/\/www.kabelbomen.com\/?post_type=product&#038;p=17176"},"modified":"2026-03-28T16:50:34","modified_gmt":"2026-03-28T15:50:34","slug":"sicherungskasten-motorraum-peugeot-205","status":"publish","type":"product","link":"https:\/\/www.kabelbomen.com\/de\/product\/zekeringkastje-motorcabine-peugeot-205\/","title":{"rendered":"Peugeot 205 Sicherungskasten (Motorraum) - Refurbished"},"content":{"rendered":"<p>Originaler Sicherungskasten f\u00fcr den Peugeot 205, von uns selbst \u00fcberholt.<\/p>\n<p>Der Sicherungskasten ist in perfektem Zustand, innen und au\u00dfen vollst\u00e4ndig adressiert, mit neuen Edelstahlschrauben und -muttern.<\/p>\n<p>Zu finden in fast allen Peugeot 205-Typen und verschiedenen anderen Autos aus den 1980er und 1990er Jahren.<\/p>\n<p>&nbsp;<\/p>\n<h5><strong>Original<\/strong><\/h5>\n<p>Dies ist ein Original-Sicherungskasten in sehr sauberen fast neuen Zustand. Komplett auseinander f\u00fcr die \u00dcberholung gewesen. Sicherungen enthalten.<\/p>\n<p>&nbsp;<\/p>\n<h5><strong>Standort und Funktion<\/strong><\/h5>\n<p>Der Sicherungskasten befindet sich im Motorraum vor der Batterie. Er verteilt die <a href=\"https:\/\/www.kabelbomen.com\/de\/produkt-tag-2\/hauptstromkabelsatz\/\" target=\"_blank\" rel=\"noopener\">Hauptstromkabel<\/a> vom Pluspol der Batterie und dient u. a. zur Sicherung der K\u00fchlgebl\u00e4se am K\u00fchler.<\/p>\n<p>&nbsp;<\/p>\n<h5><strong>Implementierung<\/strong><\/h5>\n<p>Es sind 2 Arten von Sicherungsk\u00e4sten im Umlauf. Einen kleinen und einen gro\u00dfen Kasten. Wir haben beide Versionen. W\u00e4hlen Sie oben die richtige Version.<\/p>\n<p>&nbsp;<\/p>\n<h5><strong>Sicherung<\/strong><\/h5>\n<p>Auf der Bestellseite k\u00f6nnen Sie im Feld \"Anmerkungen\" angeben, welche Sicherungen Sie erhalten m\u00f6chten, falls erforderlich.<\/p>","protected":false},"excerpt":{"rendered":"<p>Originaler, von uns komplett \u00fcberholter Sicherungskasten f\u00fcr den Peugeot 205. Befindet sich im Motorraum vor der Batterie. Dient zur Verteilung des vom Pluspol der Batterie kommenden Hauptstromkabels und sichert u.a. die K\u00fchlerl\u00fcfter am K\u00fchler ab.<\/p>\n<p>Auch in mehreren anderen Fahrzeugen angewandt.<\/p>\n<p>Der Sicherungskasten ist in perfektem Zustand, innen und au\u00dfen renoviert, komplett mit neuen Edelstahlschrauben und -muttern.<\/p>\n<p>Wird mit Sicherungen geliefert.<\/p>\n<p>Entscheiden Sie sich unten f\u00fcr den kleinen oder gro\u00dfen Sicherungskasten.<\/p>\n<p>Weitere Informationen sind in der nachstehenden Beschreibung zu finden.<\/p>","protected":false},"featured_media":17188,"comment_status":"open","ping_status":"closed","template":"","meta":[],"product_brand":[],"product_cat":[61,369],"product_tag":[114,47,48,46,185,173,312,372],"hf_cat_product":[375],"class_list":{"0":"post-17176","1":"product","2":"type-product","3":"status-publish","4":"has-post-thumbnail","6":"product_cat-peugeot-205","7":"product_cat-zekeringskast","8":"product_tag-205-gti","9":"product_tag-fase-1","10":"product_tag-fase-1-5","11":"product_tag-fase-2","12":"product_tag-tu-motor","13":"product_tag-xu-motor","14":"product_tag-xy-motor","15":"product_tag-zekeringskasten","17":"first","18":"instock","19":"purchasable","20":"product-type-variable","21":"has-default-attributes"},"_links":{"self":[{"href":"https:\/\/www.kabelbomen.com\/de\/wp-json\/wp\/v2\/product\/17176","targetHints":{"allow":["GET"]}}],"collection":[{"href":"https:\/\/www.kabelbomen.com\/de\/wp-json\/wp\/v2\/product"}],"about":[{"href":"https:\/\/www.kabelbomen.com\/de\/wp-json\/wp\/v2\/types\/product"}],"replies":[{"embeddable":true,"href":"https:\/\/www.kabelbomen.com\/de\/wp-json\/wp\/v2\/comments?post=17176"}],"version-history":[{"count":12,"href":"https:\/\/www.kabelbomen.com\/de\/wp-json\/wp\/v2\/product\/17176\/revisions"}],"predecessor-version":[{"id":18379,"href":"https:\/\/www.kabelbomen.com\/de\/wp-json\/wp\/v2\/product\/17176\/revisions\/18379"}],"wp:featuredmedia":[{"embeddable":true,"href":"https:\/\/www.kabelbomen.com\/de\/wp-json\/wp\/v2\/media\/17188"}],"wp:attachment":[{"href":"https:\/\/www.kabelbomen.com\/de\/wp-json\/wp\/v2\/media?parent=17176"}],"wp:term":[{"taxonomy":"product_brand","embeddable":true,"href":"https:\/\/www.kabelbomen.com\/de\/wp-json\/wp\/v2\/product_brand?post=17176"},{"taxonomy":"product_cat","embeddable":true,"href":"https:\/\/www.kabelbomen.com\/de\/wp-json\/wp\/v2\/product_cat?post=17176"},{"taxonomy":"product_tag","embeddable":true,"href":"https:\/\/www.kabelbomen.com\/de\/wp-json\/wp\/v2\/product_tag?post=17176"},{"taxonomy":"hf_cat_product","embeddable":true,"href":"https:\/\/www.kabelbomen.com\/de\/wp-json\/wp\/v2\/hf_cat_product?post=17176"}],"curies":[{"name":"wp","href":"https:\/\/api.w.org\/{rel}","templated":true}]}}