{"id":12713,"date":"2022-12-11T13:17:11","date_gmt":"2022-12-11T12:17:11","guid":{"rendered":"https:\/\/www.kabelbomen.com\/?post_type=product&#038;p=12713"},"modified":"2026-03-21T19:58:43","modified_gmt":"2026-03-21T18:58:43","slug":"motor-kabelbaum-renault-alpine-a310","status":"publish","type":"product","link":"https:\/\/www.kabelbomen.com\/de\/product\/motorkabelboom-renault-alpine-a310\/","title":{"rendered":"Motorkabelbaum, D-Jetronic, Renault Alpine A310"},"content":{"rendered":"<p>ECU-Motorkabelbaum f\u00fcr das D-Jetronic-Kraftstoffeinspritzsystem in der Renault Alpine A310.<\/p>\n<p>Der Kabelbaum ist komplett neu mit neuen Steckern, Gummiabdeckungen und Kabelschuhen. Wir verwenden hochwertigen Kupferdraht mit Original-Drahtfarben.<\/p>\n<p>Alle Dr\u00e4hte werden von uns mit ihren Original-Drahtnummern versehen.<\/p>\n<p>Zur Erh\u00f6hung der Festigkeit und zur Vermeidung von Korrosion und Kurzschl\u00fcssen ist jede Verbindung zwischen Kupferleiter und Kabelschuh mit einem Schrumpfschlauch versehen. Die Zweige sind mit einer PVC-Isolierung versehen, um sie vor Hitze, Fl\u00fcssigkeiten, Ungeziefer und Abrieb zu sch\u00fctzen.<\/p>\n<p>Wir m\u00f6chten gerne Ihren alten (originalen) Kabelbaum erhalten, damit wir 100% sicher sein k\u00f6nnen, dass der neue Kabelbaum genau zu Ihrem alten Kabelbaum passt.<\/p>\n<p>Das Bild kann variieren, da manchmal Anpassungen vorgenommen werden.<\/p>\n<p>Preis auf Anfrage. Sie k\u00f6nnen\u00a0<a href=\"https:\/\/www.kabelbomen.com\/de\/kontakt\/\">kontaktieren<\/a>\u00a0Kontaktieren Sie uns f\u00fcr weitere Informationen.<\/p>\n<p>&nbsp;<\/p>","protected":false},"excerpt":{"rendered":"<p>Neuer ECU-Motorkabelbaum zur Steuerung des Bosch D-Jetronic-Einspritzsystems in der Renault Alpine A310.<\/p>\n<p>Vollst\u00e4ndig mit neuen Steckern, Isolierkappen und Kabelschuhen ausgestattet. Alle Dr\u00e4hte tragen ihre urspr\u00fcngliche Drahtnummer.<\/p>\n<p>Da es unterschiedliche Versionen pro Land und verschiedene Produktionen gibt, m\u00f6chten wir gerne Ihren alten Original-Kabelbaum erhalten. Wir k\u00f6nnen dann 100% definitiv garantieren, dass der neue Kabelbaum genau mit Ihrem alten Kabelbaum \u00fcbereinstimmt.<\/p>\n<p>Das Foto kann aufgrund von Anpassungen variieren.<\/p>\n<p>Preis auf Anfrage.<\/p>\n<p>Sie k\u00f6nnen <a href=\"https:\/\/www.kabelbomen.com\/de\/kontakt\/\">kontaktieren<\/a> Kontaktieren Sie uns f\u00fcr weitere Informationen.<\/p>","protected":false},"featured_media":12704,"comment_status":"open","ping_status":"closed","template":"","meta":[],"product_brand":[],"product_cat":[288,38],"product_tag":[285,286,133,134,287,34,135],"hf_cat_product":[376],"class_list":{"0":"post-12713","1":"product","2":"type-product","3":"status-publish","4":"has-post-thumbnail","6":"product_cat-renault-alpine","7":"product_cat-kabelbomen","8":"product_tag-a310","9":"product_tag-bosch","10":"product_tag-d-jetronic","11":"product_tag-ecu","12":"product_tag-injectoren","13":"product_tag-kabelboom","14":"product_tag-motorkabelboom","15":"product_shipping_class-groot-pakket","17":"first","18":"instock","19":"taxable","20":"shipping-taxable","21":"purchasable","22":"product-type-simple"},"_links":{"self":[{"href":"https:\/\/www.kabelbomen.com\/de\/wp-json\/wp\/v2\/product\/12713","targetHints":{"allow":["GET"]}}],"collection":[{"href":"https:\/\/www.kabelbomen.com\/de\/wp-json\/wp\/v2\/product"}],"about":[{"href":"https:\/\/www.kabelbomen.com\/de\/wp-json\/wp\/v2\/types\/product"}],"replies":[{"embeddable":true,"href":"https:\/\/www.kabelbomen.com\/de\/wp-json\/wp\/v2\/comments?post=12713"}],"version-history":[{"count":1,"href":"https:\/\/www.kabelbomen.com\/de\/wp-json\/wp\/v2\/product\/12713\/revisions"}],"predecessor-version":[{"id":18174,"href":"https:\/\/www.kabelbomen.com\/de\/wp-json\/wp\/v2\/product\/12713\/revisions\/18174"}],"wp:featuredmedia":[{"embeddable":true,"href":"https:\/\/www.kabelbomen.com\/de\/wp-json\/wp\/v2\/media\/12704"}],"wp:attachment":[{"href":"https:\/\/www.kabelbomen.com\/de\/wp-json\/wp\/v2\/media?parent=12713"}],"wp:term":[{"taxonomy":"product_brand","embeddable":true,"href":"https:\/\/www.kabelbomen.com\/de\/wp-json\/wp\/v2\/product_brand?post=12713"},{"taxonomy":"product_cat","embeddable":true,"href":"https:\/\/www.kabelbomen.com\/de\/wp-json\/wp\/v2\/product_cat?post=12713"},{"taxonomy":"product_tag","embeddable":true,"href":"https:\/\/www.kabelbomen.com\/de\/wp-json\/wp\/v2\/product_tag?post=12713"},{"taxonomy":"hf_cat_product","embeddable":true,"href":"https:\/\/www.kabelbomen.com\/de\/wp-json\/wp\/v2\/hf_cat_product?post=12713"}],"curies":[{"name":"wp","href":"https:\/\/api.w.org\/{rel}","templated":true}]}}