{"id":11005,"date":"2022-04-23T10:36:51","date_gmt":"2022-04-23T08:36:51","guid":{"rendered":"https:\/\/www.kabelbomen.com\/?post_type=product&#038;p=11005"},"modified":"2026-03-15T12:12:01","modified_gmt":"2026-03-15T11:12:01","slug":"reparaturteil-tankschwimmer-citroen-traction-avant","status":"publish","type":"product","link":"https:\/\/www.kabelbomen.com\/de\/product\/reparatiestuk-tankvlotter-citroen-traction-avant\/","title":{"rendered":"Reparaturteil Tankschwimmer Citro\u00ebn Traction Avant"},"content":{"rendered":"<p>Neuer Reparaturteil-Kabelbaum f\u00fcr die Tankschwimmerverkabelung im Citro\u00ebn Traction Avant.<\/p>\n<p>Bei der kompletten oder teilweisen Erneuerung der Verkabelung in der Traction stellt sich oft die Frage, was mit dem Dachkabelbaum passiert. Dieser befindet sich hinter dem Dachhimmel. Lassen wir die Dachverkabelung an Ort und Stelle, um sie mit der neuen Verkabelung zu verbinden, oder entfernen wir den Dachhimmel und ersetzen alles?<\/p>\n<p>&nbsp;<\/p>\n<h5><strong>Den Kabelbaum f\u00fcr das Dach austauschen oder an Ort und Stelle belassen?<\/strong><\/h5>\n<p>Nat\u00fcrlich ist es immer besser, die gesamte Verkabelung zu erneuern. Sogar der j\u00fcngste Kabelbaum stammt aus dem Jahr 1956 und hat nun das stolze Alter von 66 Jahren erreicht. Wenn Sie jedoch den Kabelbaum f\u00fcr das Dach durch einen neuen ersetzen wollen, m\u00fcssen Sie den Dachhimmel ausbauen. Wenn der Dachhimmel noch original und sauber ist, sollten Sie dies nicht riskieren. Die R\u00e4nder des Dachhimmels rei\u00dfen oft an der seitlichen Befestigung ab, so dass man um einen Austausch des Dachhimmels nicht herumkommt. Eine teure Angelegenheit, vor allem, wenn man sie von einem Polsterer erledigen l\u00e4sst.<\/p>\n<p>&nbsp;<\/p>\n<h5><strong>Zustand des Dachkabelbaums<\/strong><\/h5>\n<p>Der Dachkabelbaum wird durch \u00e4u\u00dfere Einfl\u00fcsse wie Feuchtigkeit, \u00d6l, K\u00fchlmittel, Stra\u00dfenschmutz, Salzlake usw. nicht beeintr\u00e4chtigt und befindet sich daher im Vergleich zu den anderen Kabelbaumteilen in einem weniger schlechten Zustand. Aus unserer langj\u00e4hrigen Erfahrung wissen wir, dass es am besten ist, die Verkabelung f\u00fcr die Zukunft aufzusparen. <a href=\"https:\/\/www.kabelbomen.com\/de\/webshop\/dach-kabelbaum-traktion-avant-11bl-11bn-nach-1952-und-15-six\/\" data-schema-attribute=\"mentions\">Dachkabelbaum<\/a> noch nicht ersetzt.<\/p>\n<p>Diese Abwesenheit von \u00e4u\u00dferen Einfl\u00fcssen gilt jedoch nicht f\u00fcr den letzten Teil des Dachkabelbaums: die drei Leitungen zum Tankschwimmer. Und diese sind immer in einem schlechteren Zustand als das Teil, das sich im Inneren befindet. Diese Dr\u00e4hte f\u00fchren durch die hintere Innenverkleidung zur Au\u00dfenseite des Radkastens und liegen dann auf dem Benzintank im Zwischenraum zwischen dem Kofferraumboden und der Oberseite des Tanks.<\/p>\n<p>&nbsp;<\/p>\n<h5><strong>Reparaturst\u00fcck f\u00fcr die Verkabelung des Tankschwimmers<\/strong><\/h5>\n<p>Aus diesem Grund liefert SKS ein Schwimmer-Reparaturteil f\u00fcr den Benzintank des Traction Avant.<\/p>\n<p>In H\u00f6he der Hutablage werden die beiden blauen und gelben Dr\u00e4hte des Dachkabelbaums durchtrennt und das neue Teil mit Hilfe von Verbindungsrohren mit ihnen verbunden. Eine gute und zuverl\u00e4ssige L\u00f6sung, die Ihnen lange erhalten bleibt.<\/p>\n<p>&nbsp;<\/p>\n<h5><strong>Unser Rat<\/strong><\/h5>\n<p>Aber ich m\u00f6chte Ihnen einen dringenden Rat geben.<\/p>\n<p>Wenn der Dachhimmel aus irgendeinem Grund entfernt oder erneuert wird, z. B. bei einer kompletten Restaurierung. Bauen Sie immer einen neuen Dachkabelbaum ein. Mit dem neuen Dachhimmel wird die Decke wieder f\u00fcr Jahrzehnte geschlossen sein!<\/p>","protected":false},"excerpt":{"rendered":"<p>Neuer Reparaturteil-Kabelbaum f\u00fcr die Verkabelung mit dem Tankschwimmer im Citro\u00ebn Traction Avant.<\/p>\n<p>Dieser Teil der Verkabelung ist normalerweise in den Kabelbaum f\u00fcr das Dach integriert, ist aber in der Regel sehr abgenutzt.<\/p>\n<p>Da man sich nicht immer dazu entschlie\u00dft, den gesamten Kabelbaum des Daches in einer Traction zu erneuern, mit Blick auf den Dachhimmel, der entfernt werden muss, ist dieses Reparaturst\u00fcck f\u00fcr den Tankschwimmer eine L\u00f6sung f\u00fcr solche F\u00e4lle.<\/p>\n<p>Lesen Sie weiter unten, um detaillierte Informationen zu erhalten.<\/p>","protected":false},"featured_media":13926,"comment_status":"open","ping_status":"closed","template":"","meta":[],"product_brand":[],"product_cat":[56,38],"product_tag":[57,58,272,273],"hf_cat_product":[252],"class_list":{"0":"post-11005","1":"product","2":"type-product","3":"status-publish","4":"has-post-thumbnail","6":"product_cat-citroen-traction-avant","7":"product_cat-kabelbomen","8":"product_tag-dakboom","9":"product_tag-kofferbak-kabelboom","10":"product_tag-reparatiestuk","11":"product_tag-tankvlotter","13":"first","14":"instock","15":"taxable","16":"shipping-taxable","17":"purchasable","18":"product-type-simple"},"_links":{"self":[{"href":"https:\/\/www.kabelbomen.com\/de\/wp-json\/wp\/v2\/product\/11005","targetHints":{"allow":["GET"]}}],"collection":[{"href":"https:\/\/www.kabelbomen.com\/de\/wp-json\/wp\/v2\/product"}],"about":[{"href":"https:\/\/www.kabelbomen.com\/de\/wp-json\/wp\/v2\/types\/product"}],"replies":[{"embeddable":true,"href":"https:\/\/www.kabelbomen.com\/de\/wp-json\/wp\/v2\/comments?post=11005"}],"version-history":[{"count":1,"href":"https:\/\/www.kabelbomen.com\/de\/wp-json\/wp\/v2\/product\/11005\/revisions"}],"predecessor-version":[{"id":16996,"href":"https:\/\/www.kabelbomen.com\/de\/wp-json\/wp\/v2\/product\/11005\/revisions\/16996"}],"wp:featuredmedia":[{"embeddable":true,"href":"https:\/\/www.kabelbomen.com\/de\/wp-json\/wp\/v2\/media\/13926"}],"wp:attachment":[{"href":"https:\/\/www.kabelbomen.com\/de\/wp-json\/wp\/v2\/media?parent=11005"}],"wp:term":[{"taxonomy":"product_brand","embeddable":true,"href":"https:\/\/www.kabelbomen.com\/de\/wp-json\/wp\/v2\/product_brand?post=11005"},{"taxonomy":"product_cat","embeddable":true,"href":"https:\/\/www.kabelbomen.com\/de\/wp-json\/wp\/v2\/product_cat?post=11005"},{"taxonomy":"product_tag","embeddable":true,"href":"https:\/\/www.kabelbomen.com\/de\/wp-json\/wp\/v2\/product_tag?post=11005"},{"taxonomy":"hf_cat_product","embeddable":true,"href":"https:\/\/www.kabelbomen.com\/de\/wp-json\/wp\/v2\/hf_cat_product?post=11005"}],"curies":[{"name":"wp","href":"https:\/\/api.w.org\/{rel}","templated":true}]}}