{"id":10930,"date":"2022-04-19T23:48:46","date_gmt":"2022-04-19T21:48:46","guid":{"rendered":"https:\/\/www.kabelbomen.com\/?post_type=product&#038;p=10930"},"modified":"2025-12-28T13:57:46","modified_gmt":"2025-12-28T12:57:46","slug":"kabelbaum-nebelschlussleuchte-peugeot-205","status":"publish","type":"product","link":"https:\/\/www.kabelbomen.com\/de\/product\/mistachterlicht-kabelboom-peugeot-205\/","title":{"rendered":"Kabelbaum Nebelschlussleuchte Peugeot 205 | Phase 1, 1.5"},"content":{"rendered":"<p>Neu <strong>Kabelbaum<\/strong> f\u00fcr die <strong>Kontrolle<\/strong> der <strong>Nebelschlussleuchte am Peugeot 205<\/strong>. Soweit wir wissen, wurde dieser Kabelbaum verwendet bei <strong>alle Peugeot 205 bis August 1990<\/strong>. Es handelte sich um die Versionen der Phase 1 und der Phase 1.5.<\/p>\n<p>Die <a href=\"https:\/\/www.kabelbomen.com\/de\/webshop\/rucklicht-kabelbaum-peugeot-205-phase-2\/\">Kabelbaum f\u00fcr die Nebelschlussleuchte beim Peugeot 205 ab August 1990 (Phase 2) finden Sie hier<\/a>.<\/p>\n<p>&nbsp;<\/p>\n<h5><strong>Original und Qualit\u00e4t<\/strong><\/h5>\n<p>Wir verwenden die urspr\u00fcnglichen Abmessungen und Kabelfarben und montieren neue Original-Kabelschuhe und -Stecker. Wir verwenden sehr saubere gebrauchte Kappen f\u00fcr die Isolierung.<\/p>\n<p>Zur Erh\u00f6hung der Festigkeit und zur Vermeidung von Korrosion, Verschlei\u00df und Kurzschl\u00fcssen ist jede Verbindung zwischen Kupferleiter und Kabelschuhen zus\u00e4tzlich mit Schrumpfschlauch versehen. Dies ist unser Standardverfahren. Wo normalerweise nur 1 mm\u00b2 oder weniger verwendet wurde, verwenden wir 1,5 oder 2 mm\u00b2. Dank dieser Arbeitsweise haben unsere Kabelb\u00e4ume eine besonders lange und zuverl\u00e4ssige Lebensdauer und einen besseren Stromdurchsatz.<\/p>\n<p>&nbsp;<\/p>\n<h5><strong>Optionen f\u00fcr mit oder ohne R\u00fcckgabe des alten Kabelbaums<\/strong><\/h5>\n<ul>\n<li>Option 1: Sie k\u00f6nnen w\u00e4hlen, dass wir den Kabelbaum f\u00fcr die Nebelschlussleuchte komplett liefern. Die Isoliergummikappe und die T\u00fclle sind wiederverwendet, aber in gutem bis sehr gutem Zustand.<\/li>\n<\/ul>\n<p>&nbsp;<\/p>\n<ul>\n<li>Option 2: Die andere M\u00f6glichkeit ist, dass Sie uns Ihren alten originalen 205 Nebelschlussleuchtenkabelbaum schicken, damit wir die Isolierkappe davon wiederverwenden k\u00f6nnen. Da diese sehr rar sind, zahlen Sie weniger. Wir werden Sie nach Ihrem Kauf kontaktieren. Ist die Isolierkappe rissig? Es k\u00f6nnte besser sein, Option 1 zu w\u00e4hlen.<\/li>\n<\/ul>\n<p>&nbsp;<\/p>\n<h5><strong>Funktion der Dr\u00e4hte im Kabelbaum<\/strong><\/h5>\n<p>Der Kabelbaum der Nebelschlussleuchte f\u00fcr den 205 wird an der rechten Heckbeleuchtung angeschlossen. Von dort f\u00fchrt das Kabel zur Nebelschlussleuchte, die sich rechts im Spoiler unter der Hecksto\u00dfstange befindet.<\/p>","protected":false},"excerpt":{"rendered":"<p>Kabelbaum f\u00fcr die Steuerung der Nebelschlussleuchte beim Peugeot 205.<\/p>\n<p>Soweit wir wissen, gilt dies f\u00fcr alle Peugeot 205 Modelle bis August 1990. Diese Versionen werden als Stufe 1 und 1.5 bezeichnet.<\/p>","protected":false},"featured_media":13739,"comment_status":"open","ping_status":"closed","template":"","meta":[],"product_brand":[],"product_cat":[61,38],"product_tag":[114,175,47,48,58,271,340],"hf_cat_product":[253],"class_list":{"0":"post-10930","1":"product","2":"type-product","3":"status-publish","4":"has-post-thumbnail","6":"product_cat-peugeot-205","7":"product_cat-kabelbomen","8":"product_tag-205-gti","9":"product_tag-achterlichtboom","10":"product_tag-fase-1","11":"product_tag-fase-1-5","12":"product_tag-kofferbak-kabelboom","13":"product_tag-mistachterlicht","14":"product_tag-verlichting","16":"first","17":"instock","18":"taxable","19":"shipping-taxable","20":"purchasable","21":"product-type-variable","22":"has-default-attributes"},"_links":{"self":[{"href":"https:\/\/www.kabelbomen.com\/de\/wp-json\/wp\/v2\/product\/10930","targetHints":{"allow":["GET"]}}],"collection":[{"href":"https:\/\/www.kabelbomen.com\/de\/wp-json\/wp\/v2\/product"}],"about":[{"href":"https:\/\/www.kabelbomen.com\/de\/wp-json\/wp\/v2\/types\/product"}],"replies":[{"embeddable":true,"href":"https:\/\/www.kabelbomen.com\/de\/wp-json\/wp\/v2\/comments?post=10930"}],"version-history":[{"count":1,"href":"https:\/\/www.kabelbomen.com\/de\/wp-json\/wp\/v2\/product\/10930\/revisions"}],"predecessor-version":[{"id":16851,"href":"https:\/\/www.kabelbomen.com\/de\/wp-json\/wp\/v2\/product\/10930\/revisions\/16851"}],"wp:featuredmedia":[{"embeddable":true,"href":"https:\/\/www.kabelbomen.com\/de\/wp-json\/wp\/v2\/media\/13739"}],"wp:attachment":[{"href":"https:\/\/www.kabelbomen.com\/de\/wp-json\/wp\/v2\/media?parent=10930"}],"wp:term":[{"taxonomy":"product_brand","embeddable":true,"href":"https:\/\/www.kabelbomen.com\/de\/wp-json\/wp\/v2\/product_brand?post=10930"},{"taxonomy":"product_cat","embeddable":true,"href":"https:\/\/www.kabelbomen.com\/de\/wp-json\/wp\/v2\/product_cat?post=10930"},{"taxonomy":"product_tag","embeddable":true,"href":"https:\/\/www.kabelbomen.com\/de\/wp-json\/wp\/v2\/product_tag?post=10930"},{"taxonomy":"hf_cat_product","embeddable":true,"href":"https:\/\/www.kabelbomen.com\/de\/wp-json\/wp\/v2\/hf_cat_product?post=10930"}],"curies":[{"name":"wp","href":"https:\/\/api.w.org\/{rel}","templated":true}]}}