{"id":16144,"date":"2024-10-18T21:20:12","date_gmt":"2024-10-18T19:20:12","guid":{"rendered":"https:\/\/www.kabelbomen.com\/?page_id=16144"},"modified":"2026-03-28T12:48:59","modified_gmt":"2026-03-28T11:48:59","slug":"%d8%a7%d9%84%d8%af%d9%88%d9%84-%d8%a7%d9%84%d8%aa%d9%8a-%d8%aa%d9%85-%d8%aa%d8%b3%d9%84%d9%8a%d9%85%d9%87%d8%a7","status":"publish","type":"page","link":"https:\/\/www.kabelbomen.com\/ar\/geleverde-landen\/","title":{"rendered":"\u0627\u0644\u062f\u0648\u0644 \u0627\u0644\u062a\u064a \u0632\u0648\u062f\u0646\u0627 \u0628\u0647\u0627"},"content":{"rendered":"<div data-elementor-type=\"wp-page\" data-elementor-id=\"16144\" class=\"elementor elementor-16144\" data-elementor-post-type=\"page\">\n\t\t\t\t<div class=\"elementor-element elementor-element-2c971ca e-grid e-con-boxed e-con e-parent\" data-id=\"2c971ca\" data-element_type=\"container\" data-e-type=\"container\">\n\t\t\t\t\t<div class=\"e-con-inner\">\n\t\t\t\t<div class=\"elementor-element elementor-element-f05a6b6 elementor-widget elementor-widget-text-editor\" data-id=\"f05a6b6\" data-element_type=\"widget\" data-e-type=\"widget\" data-widget_type=\"text-editor.default\">\n\t\t\t\t\t\t\t\t\t<h3>\u062f\u0627\u062e\u0644 \u0623\u0648\u0631\u0648\u0628\u0627<\/h3><ul><li>\u0628\u0644\u062c\u064a\u0643\u0627<\/li><li>\u0628\u0644\u063a\u0627\u0631\u064a\u0627<\/li><li>\u0627\u0644\u062f\u0646\u0645\u0627\u0631\u0643<\/li><li>\u0623\u0644\u0645\u0627\u0646\u064a\u0627<\/li><li>\u0625\u0633\u062a\u0648\u0646\u064a\u0627<\/li><li>\u062c\u0632\u0631 \u0641\u0627\u0631\u0648<\/li><li>\u0641\u0646\u0644\u0646\u062f\u0627<\/li><li>\u0641\u0631\u0646\u0633\u0627<\/li><li>\u0647\u0646\u063a\u0627\u0631\u064a\u0627<\/li><li>\u0623\u064a\u0631\u0644\u0646\u062f\u0627<\/li><li>\u0627\u064a\u0637\u0627\u0644\u064a\u0627<\/li><li>\u0644\u0648\u0643\u0633\u0645\u0628\u0648\u0631\u063a<\/li><li>\u0645\u0627\u062f\u064a\u0631\u0627<\/li><li>\u0645\u0627\u0644\u0637\u0627<\/li><li>\u0647\u0648\u0644\u0646\u062f\u0627<\/li><li>\u0627\u0644\u0646\u0631\u0648\u064a\u062c<\/li><li>\u0627\u0644\u0646\u0645\u0633\u0627<\/li><li>\u0627\u0644\u0628\u0631\u062a\u063a\u0627\u0644<\/li><li>\u0627\u0633\u0628\u0627\u0646\u064a\u0627<\/li><li>\u0627\u0644\u062c\u0645\u0647\u0648\u0631\u064a\u0629 \u0627\u0644\u062a\u0634\u064a\u0643\u064a\u0629<\/li><li>\u0627\u0644\u0645\u0645\u0644\u0643\u0629 \u0627\u0644\u0645\u062a\u062d\u062f\u0629 | \u0625\u0646\u062c\u0644\u062a\u0631\u0627<\/li><li>\u0627\u0644\u0645\u0645\u0644\u0643\u0629 \u0627\u0644\u0645\u062a\u062d\u062f\u0629 | \u0623\u064a\u0631\u0644\u0646\u062f\u0627 \u0627\u0644\u0634\u0645\u0627\u0644\u064a\u0629<\/li><li>\u0627\u0644\u0645\u0645\u0644\u0643\u0629 \u0627\u0644\u0645\u062a\u062d\u062f\u0629 | \u0627\u0633\u0643\u062a\u0644\u0646\u062f\u0627<\/li><li>\u0627\u0644\u0645\u0645\u0644\u0643\u0629 \u0627\u0644\u0645\u062a\u062d\u062f\u0629 | \u0648\u064a\u0644\u0632<\/li><li>\u0627\u0644\u0633\u0648\u064a\u062f<\/li><li>\u0633\u0648\u064a\u0633\u0631\u0627<\/li><\/ul>\t\t\t\t\t\t\t\t<\/div>\n\t\t\t\t<div class=\"elementor-element elementor-element-1cec221 elementor-widget elementor-widget-text-editor\" data-id=\"1cec221\" data-element_type=\"widget\" data-e-type=\"widget\" data-widget_type=\"text-editor.default\">\n\t\t\t\t\t\t\t\t\t<h3>\u0641\u064a \u062c\u0645\u064a\u0639 \u0623\u0646\u062d\u0627\u0621 \u0627\u0644\u0639\u0627\u0644\u0645<\/h3><ul><li>\u0627\u0644\u0623\u0631\u062c\u0646\u062a\u064a\u0646<\/li><li>\u0623\u0633\u062a\u0631\u0627\u0644\u064a\u0627 | \u0646\u064a\u0648 \u0633\u0627\u0648\u062b \u0648\u064a\u0644\u0632<\/li><li>\u0623\u0633\u062a\u0631\u0627\u0644\u064a\u0627 | \u0643\u0648\u064a\u0646\u0632\u0644\u0627\u0646\u062f<\/li><li>\u0623\u0633\u062a\u0631\u0627\u0644\u064a\u0627 | \u062a\u0633\u0645\u0627\u0646\u064a\u0627<\/li><li>\u0623\u0633\u062a\u0631\u0627\u0644\u064a\u0627 | \u0641\u064a\u0643\u062a\u0648\u0631\u064a\u0627<\/li><li>\u0627\u0644\u064a\u0627\u0628\u0627\u0646<\/li><li>\u062a\u0627\u064a\u0648\u0627\u0646<\/li><li>\u0627\u0644\u0648\u0644\u0627\u064a\u0627\u062a \u0627\u0644\u0645\u062a\u062d\u062f\u0629 | \u0643\u0627\u0644\u064a\u0641\u0648\u0631\u0646\u064a\u0627<\/li><li>\u0627\u0644\u0648\u0644\u0627\u064a\u0627\u062a \u0627\u0644\u0645\u062a\u062d\u062f\u0629 | \u0643\u0648\u0644\u0648\u0631\u0627\u062f\u0648<\/li><li>\u0627\u0644\u0648\u0644\u0627\u064a\u0627\u062a \u0627\u0644\u0645\u062a\u062d\u062f\u0629 | \u0648\u0627\u0634\u0646\u0637\u0646 \u0627\u0644\u0639\u0627\u0635\u0645\u0629<\/li><li style=\"font-size: 16px;\">\u0627\u0644\u0648\u0644\u0627\u064a\u0627\u062a \u0627\u0644\u0645\u062a\u062d\u062f\u0629 | \u0648\u064a\u0633\u0643\u0648\u0646\u0633\u0646<\/li><\/ul>\t\t\t\t\t\t\t\t<\/div>\n\t\t\t\t\t<\/div>\n\t\t\t\t<\/div>\n\t\t<div class=\"elementor-element elementor-element-6215293 e-con-full e-flex e-con e-parent\" data-id=\"6215293\" data-element_type=\"container\" data-e-type=\"container\">\n\t\t\t\t<div class=\"elementor-element elementor-element-53b51fc elementor-widget elementor-widget-image\" data-id=\"53b51fc\" data-element_type=\"widget\" data-e-type=\"widget\" data-widget_type=\"image.default\">\n\t\t\t\t\t\t\t\t\t\t\t\t\t\t\t<img fetchpriority=\"high\" decoding=\"async\" width=\"1673\" height=\"868\" src=\"https:\/\/www.kabelbomen.com\/wp-content\/uploads\/2026\/03\/SKS-landen-PNG-update-26-3-2026-1.png\" class=\"attachment-full size-full wp-image-18238\" alt=\"SKS \u0646\u0638\u0631\u0629 \u0639\u0627\u0645\u0629 \u0639\u0644\u0649 \u0627\u0644\u062f\u0648\u0644 \u0627\u0644\u0645\u0648\u0631\u062f\u0629 SKS\" srcset=\"https:\/\/www.kabelbomen.com\/wp-content\/uploads\/2026\/03\/SKS-landen-PNG-update-26-3-2026-1.png 1673w, https:\/\/www.kabelbomen.com\/wp-content\/uploads\/2026\/03\/SKS-landen-PNG-update-26-3-2026-1-300x156.png 300w, https:\/\/www.kabelbomen.com\/wp-content\/uploads\/2026\/03\/SKS-landen-PNG-update-26-3-2026-1-1024x531.png 1024w, https:\/\/www.kabelbomen.com\/wp-content\/uploads\/2026\/03\/SKS-landen-PNG-update-26-3-2026-1-768x398.png 768w, https:\/\/www.kabelbomen.com\/wp-content\/uploads\/2026\/03\/SKS-landen-PNG-update-26-3-2026-1-1536x797.png 1536w, https:\/\/www.kabelbomen.com\/wp-content\/uploads\/2026\/03\/SKS-landen-PNG-update-26-3-2026-1-18x9.png 18w, https:\/\/www.kabelbomen.com\/wp-content\/uploads\/2026\/03\/SKS-landen-PNG-update-26-3-2026-1-1500x778.png 1500w\" sizes=\"(max-width: 1673px) 100vw, 1673px\" \/>\t\t\t\t\t\t\t\t\t\t\t\t\t\t\t<\/div>\n\t\t\t\t<div class=\"elementor-element elementor-element-9e52648 elementor-widget elementor-widget-text-editor\" data-id=\"9e52648\" data-element_type=\"widget\" data-e-type=\"widget\" data-widget_type=\"text-editor.default\">\n\t\t\t\t\t\t\t\t\t<p>\u0646\u0642\u0648\u0645 \u0628\u062a\u0648\u0631\u064a\u062f \u0623\u062d\u0632\u0645\u0629 \u0627\u0644\u0623\u0633\u0644\u0627\u0643 \u0627\u0644\u062e\u0627\u0635\u0629 \u0628\u0646\u0627 \u0645\u0646 <a href=\"https:\/\/www.kabelbomen.com\/ar\/%d9%85%d8%aa%d8%ac%d8%b1-%d9%88%d9%8a%d8%a8-%d8%b4%d9%88%d8%a8\/\">\u0645\u062a\u062c\u0631 \u0648\u064a\u0628 \u0634\u0648\u0628<\/a>\u00a0\u0641\u064a \u062c\u0645\u064a\u0639 \u0623\u0646\u062d\u0627\u0621 \u0627\u0644\u0639\u0627\u0644\u0645.<\/p>\t\t\t\t\t\t\t\t<\/div>\n\t\t\t\t<\/div>\n\t\t\t\t<\/div>","protected":false},"excerpt":{"rendered":"<p>Binnen Europa Belgi\u00eb Bulgarije Denemarken Duitsland Estland Faer\u00f6er eilanden Finland Frankrijk Hongarije Ierland Itali\u00eb Luxemburg Madeira Malta Nederland Noorwegen Oostenrijk Portugal Spanje Tsjechi\u00eb Verenigd Koninkrijk | Engeland Verenigd Koninkrijk | Noord-Ierland Verenigd Koninkrijk | Schotland Verenigd Koninkrijk | Wales Zweden Zwitserland Wereldwijd Argentini\u00eb Australi\u00eb | New South Wales Australi\u00eb | Queensland Australi\u00eb | Tasmani\u00eb Australi\u00eb [&hellip;]<\/p>\n","protected":false},"author":1,"featured_media":16150,"parent":0,"menu_order":0,"comment_status":"closed","ping_status":"closed","template":"","meta":{"footnotes":""},"hf_cat_page":[267],"class_list":["post-16144","page","type-page","status-publish","has-post-thumbnail","hentry"],"_links":{"self":[{"href":"https:\/\/www.kabelbomen.com\/ar\/wp-json\/wp\/v2\/pages\/16144","targetHints":{"allow":["GET"]}}],"collection":[{"href":"https:\/\/www.kabelbomen.com\/ar\/wp-json\/wp\/v2\/pages"}],"about":[{"href":"https:\/\/www.kabelbomen.com\/ar\/wp-json\/wp\/v2\/types\/page"}],"author":[{"embeddable":true,"href":"https:\/\/www.kabelbomen.com\/ar\/wp-json\/wp\/v2\/users\/1"}],"replies":[{"embeddable":true,"href":"https:\/\/www.kabelbomen.com\/ar\/wp-json\/wp\/v2\/comments?post=16144"}],"version-history":[{"count":37,"href":"https:\/\/www.kabelbomen.com\/ar\/wp-json\/wp\/v2\/pages\/16144\/revisions"}],"predecessor-version":[{"id":18362,"href":"https:\/\/www.kabelbomen.com\/ar\/wp-json\/wp\/v2\/pages\/16144\/revisions\/18362"}],"wp:featuredmedia":[{"embeddable":true,"href":"https:\/\/www.kabelbomen.com\/ar\/wp-json\/wp\/v2\/media\/16150"}],"wp:attachment":[{"href":"https:\/\/www.kabelbomen.com\/ar\/wp-json\/wp\/v2\/media?parent=16144"}],"wp:term":[{"taxonomy":"hf_cat_page","embeddable":true,"href":"https:\/\/www.kabelbomen.com\/ar\/wp-json\/wp\/v2\/hf_cat_page?post=16144"}],"curies":[{"name":"wp","href":"https:\/\/api.w.org\/{rel}","templated":true}]}}